{"id":7534,"date":"2022-12-05T16:33:56","date_gmt":"2022-12-05T13:33:56","guid":{"rendered":"https:\/\/ttcmuhendislik.com\/?page_id=7534"},"modified":"2022-12-20T14:13:06","modified_gmt":"2022-12-20T11:13:06","slug":"unite-dadditif-de-fibre","status":"publish","type":"page","link":"https:\/\/ttcmuhendislik.com\/fr\/produits\/centrale-denrobage\/unite-dadditif-de-fibre\/","title":{"rendered":"Unit\u00e9 D&#8217;additif De Fibre"},"content":{"rendered":"\t\t<div data-elementor-type=\"wp-page\" data-elementor-id=\"7534\" class=\"elementor elementor-7534 elementor-7531\" data-elementor-settings=\"[]\">\n\t\t\t\t\t\t\t<div class=\"elementor-section-wrap\">\n\t\t\t\t\t\t\t<section class=\"elementor-section elementor-top-section elementor-element elementor-element-70e8a90 envato-kit-141-top-0 elementor-reverse-mobile elementor-section-boxed elementor-section-height-default elementor-section-height-default\" data-id=\"70e8a90\" data-element_type=\"section\" data-settings=\"{&quot;background_background&quot;:&quot;classic&quot;}\">\n\t\t\t\t\t\t\t<div class=\"elementor-background-overlay\"><\/div>\n\t\t\t\t\t\t\t<div class=\"elementor-container elementor-column-gap-wider\">\n\t\t\t\t\t<div class=\"elementor-column elementor-col-50 elementor-top-column elementor-element elementor-element-61e7285\" data-id=\"61e7285\" data-element_type=\"column\" data-settings=\"{&quot;background_background&quot;:&quot;classic&quot;}\">\n\t\t\t<div class=\"elementor-widget-wrap elementor-element-populated\">\n\t\t\t\t\t\t\t\t<div class=\"elementor-element elementor-element-2856dc7 elementor-widget elementor-widget-image\" data-id=\"2856dc7\" data-element_type=\"widget\" data-widget_type=\"image.default\">\n\t\t\t\t<div class=\"elementor-widget-container\">\n\t\t\t\t\t\t\t\t\t\t\t\t\t\t\t<img width=\"768\" height=\"432\" src=\"https:\/\/ttcmuhendislik.com\/wp-content\/uploads\/2022\/12\/TTC-Fiber-1-768x432.jpg\" class=\"attachment-medium_large size-medium_large\" alt=\"\" loading=\"lazy\" srcset=\"https:\/\/ttcmuhendislik.com\/wp-content\/uploads\/2022\/12\/TTC-Fiber-1-768x432.jpg 768w, https:\/\/ttcmuhendislik.com\/wp-content\/uploads\/2022\/12\/TTC-Fiber-1-300x169.jpg 300w, https:\/\/ttcmuhendislik.com\/wp-content\/uploads\/2022\/12\/TTC-Fiber-1.jpg 960w\" sizes=\"(max-width: 768px) 100vw, 768px\" \/>\t\t\t\t\t\t\t\t\t\t\t\t\t\t\t<\/div>\n\t\t\t\t<\/div>\n\t\t\t\t\t<\/div>\n\t\t<\/div>\n\t\t\t\t<div class=\"elementor-column elementor-col-50 elementor-top-column elementor-element elementor-element-352a86f\" data-id=\"352a86f\" data-element_type=\"column\">\n\t\t\t<div class=\"elementor-widget-wrap elementor-element-populated\">\n\t\t\t\t\t\t\t\t<div class=\"elementor-element elementor-element-af68896 elementor-invisible elementor-widget elementor-widget-heading\" data-id=\"af68896\" data-element_type=\"widget\" data-settings=\"{&quot;_animation&quot;:&quot;fadeIn&quot;}\" data-widget_type=\"heading.default\">\n\t\t\t\t<div class=\"elementor-widget-container\">\n\t\t\t<h5 class=\"elementor-heading-title elementor-size-medium\">TTC M\u00dcHEND\u0130SL\u0130K<\/h5>\t\t<\/div>\n\t\t\t\t<\/div>\n\t\t\t\t<div class=\"elementor-element elementor-element-139a3d1 elementor-widget elementor-widget-heading\" data-id=\"139a3d1\" data-element_type=\"widget\" data-widget_type=\"heading.default\">\n\t\t\t\t<div class=\"elementor-widget-container\">\n\t\t\t<h2 class=\"elementor-heading-title elementor-size-xxl\">Unit\u00e9 D'additif De Fibre<\/h2>\t\t<\/div>\n\t\t\t\t<\/div>\n\t\t\t\t<div class=\"elementor-element elementor-element-45d98df elementor-widget-divider--view-line elementor-widget elementor-widget-divider\" data-id=\"45d98df\" data-element_type=\"widget\" data-widget_type=\"divider.default\">\n\t\t\t\t<div class=\"elementor-widget-container\">\n\t\t\t\t\t<div class=\"elementor-divider\">\n\t\t\t<span class=\"elementor-divider-separator\">\n\t\t\t\t\t\t<\/span>\n\t\t<\/div>\n\t\t\t\t<\/div>\n\t\t\t\t<\/div>\n\t\t\t\t<div class=\"elementor-element elementor-element-747b064 elementor-widget elementor-widget-text-editor\" data-id=\"747b064\" data-element_type=\"widget\" data-widget_type=\"text-editor.default\">\n\t\t\t\t<div class=\"elementor-widget-container\">\n\t\t\t\t\t\t\t\t<p>L&#8217;unit\u00e9 d&#8217;additif de fibres est un syst\u00e8me de dosage enti\u00e8rement automatique qui r\u00e9pond aux besoins en fibres cellulosiques pour la couche d&#8217;usure du m\u00e9lange d&#8217;asphalte chaud et de SMA (Stone Mastic Asphalt). C&#8217;est l&#8217;unit\u00e9 qui transmet au m\u00e9langeur de mani\u00e8re dos\u00e9e en pesant de mani\u00e8re sensible avec des cellules de charge. Il se compose d&#8217;un registre, d&#8217;une chambre de mesure du poids, d&#8217;un sas, de soufflets d&#8217;air, de tuyaux d&#8217;installation d&#8217;air, d&#8217;un cyclone, d&#8217;un volet de d\u00e9charge et d&#8217;un \u00e9quipement en spirale entrant dans le m\u00e9langeur.<\/p><p>Il a une conception modulaire qui peut \u00eatre mise en \u0153uvre rapidement et facilement dans chaque usine. Il n&#8217;est pas affect\u00e9 par les vibrations de travail de l&#8217;installation.<\/p>\t\t\t\t\t\t<\/div>\n\t\t\t\t<\/div>\n\t\t\t\t\t<\/div>\n\t\t<\/div>\n\t\t\t\t\t\t\t<\/div>\n\t\t<\/section>\n\t\t\t\t<section class=\"elementor-section elementor-top-section elementor-element elementor-element-7c9fe26 envato-kit-141-top-0 elementor-reverse-mobile elementor-section-boxed elementor-section-height-default elementor-section-height-default\" data-id=\"7c9fe26\" data-element_type=\"section\" data-settings=\"{&quot;background_background&quot;:&quot;classic&quot;}\">\n\t\t\t\t\t\t\t<div class=\"elementor-background-overlay\"><\/div>\n\t\t\t\t\t\t\t<div class=\"elementor-container elementor-column-gap-wider\">\n\t\t\t\t\t<div class=\"elementor-column elementor-col-100 elementor-top-column elementor-element elementor-element-8fc6c16\" data-id=\"8fc6c16\" data-element_type=\"column\">\n\t\t\t<div class=\"elementor-widget-wrap elementor-element-populated\">\n\t\t\t\t\t\t\t\t<div class=\"elementor-element elementor-element-7b96a71 elementor-widget elementor-widget-heading\" data-id=\"7b96a71\" data-element_type=\"widget\" data-widget_type=\"heading.default\">\n\t\t\t\t<div class=\"elementor-widget-container\">\n\t\t\t<h3 class=\"elementor-heading-title elementor-size-default\">GALERIE DE PHOTOS <\/h3>\t\t<\/div>\n\t\t\t\t<\/div>\n\t\t\t\t<div class=\"elementor-element elementor-element-7c50c76 elementor-widget elementor-widget-gallery\" data-id=\"7c50c76\" data-element_type=\"widget\" data-settings=\"{&quot;columns_tablet&quot;:4,&quot;columns_mobile&quot;:2,&quot;lazyload&quot;:&quot;yes&quot;,&quot;gallery_layout&quot;:&quot;grid&quot;,&quot;columns&quot;:4,&quot;gap&quot;:{&quot;unit&quot;:&quot;px&quot;,&quot;size&quot;:10,&quot;sizes&quot;:[]},&quot;gap_tablet&quot;:{&quot;unit&quot;:&quot;px&quot;,&quot;size&quot;:10,&quot;sizes&quot;:[]},&quot;gap_mobile&quot;:{&quot;unit&quot;:&quot;px&quot;,&quot;size&quot;:10,&quot;sizes&quot;:[]},&quot;link_to&quot;:&quot;file&quot;,&quot;aspect_ratio&quot;:&quot;3:2&quot;,&quot;overlay_background&quot;:&quot;yes&quot;,&quot;content_hover_animation&quot;:&quot;fade-in&quot;}\" data-widget_type=\"gallery.default\">\n\t\t\t\t<div class=\"elementor-widget-container\">\n\t\t\t\t\t<div class=\"elementor-gallery__container\">\n\t\t\t\t\t\t\t<a class=\"e-gallery-item elementor-gallery-item elementor-animated-content\" href=\"https:\/\/ttcmuhendislik.com\/wp-content\/uploads\/2022\/12\/mekanik.jpeg\" data-elementor-open-lightbox=\"yes\" data-elementor-lightbox-slideshow=\"all-7c50c76\">\n\t\t\t\t\t<div class=\"e-gallery-image elementor-gallery-item__image\" data-thumbnail=\"https:\/\/ttcmuhendislik.com\/wp-content\/uploads\/2022\/12\/mekanik.jpeg\" data-width=\"1156\" data-height=\"867\" alt=\"\" ><\/div>\n\t\t\t\t\t\t\t\t\t\t<div class=\"elementor-gallery-item__overlay\"><\/div>\n\t\t\t\t\t\t\t\t\t\t\t\t\t\t<\/a>\n\t\t\t\t\t<\/div>\n\t\t\t<\/div>\n\t\t\t\t<\/div>\n\t\t\t\t\t<\/div>\n\t\t<\/div>\n\t\t\t\t\t\t\t<\/div>\n\t\t<\/section>\n\t\t\t\t<section class=\"elementor-section elementor-top-section elementor-element elementor-element-7aed0ddf elementor-section-boxed elementor-section-height-default elementor-section-height-default\" data-id=\"7aed0ddf\" data-element_type=\"section\" data-settings=\"{&quot;background_background&quot;:&quot;classic&quot;}\">\n\t\t\t\t\t\t\t<div class=\"elementor-background-overlay\"><\/div>\n\t\t\t\t\t\t\t<div class=\"elementor-container elementor-column-gap-default\">\n\t\t\t\t\t<div class=\"elementor-column elementor-col-100 elementor-top-column elementor-element elementor-element-5d7361c4\" data-id=\"5d7361c4\" data-element_type=\"column\">\n\t\t\t<div class=\"elementor-widget-wrap elementor-element-populated\">\n\t\t\t\t\t\t\t\t<div class=\"elementor-element elementor-element-10bcb43b elementor-hidden-desktop elementor-hidden-tablet elementor-hidden-phone elementor-widget elementor-widget-heading\" data-id=\"10bcb43b\" data-element_type=\"widget\" data-widget_type=\"heading.default\">\n\t\t\t\t<div class=\"elementor-widget-container\">\n\t\t\t<h3 class=\"elementor-heading-title elementor-size-default\">TTC ENGINEERING<\/h3>\t\t<\/div>\n\t\t\t\t<\/div>\n\t\t\t\t<div class=\"elementor-element elementor-element-3c0f6b3a elementor-widget elementor-widget-heading\" data-id=\"3c0f6b3a\" data-element_type=\"widget\" data-widget_type=\"heading.default\">\n\t\t\t\t<div class=\"elementor-widget-container\">\n\t\t\t<h2 class=\"elementor-heading-title elementor-size-default\">DEMANDEZ UNE OFFRE <\/h2>\t\t<\/div>\n\t\t\t\t<\/div>\n\t\t\t\t<div class=\"elementor-element elementor-element-6c7d8f3 elementor-widget-divider--view-line elementor-widget elementor-widget-divider\" data-id=\"6c7d8f3\" data-element_type=\"widget\" data-widget_type=\"divider.default\">\n\t\t\t\t<div class=\"elementor-widget-container\">\n\t\t\t\t\t<div class=\"elementor-divider\">\n\t\t\t<span class=\"elementor-divider-separator\">\n\t\t\t\t\t\t<\/span>\n\t\t<\/div>\n\t\t\t\t<\/div>\n\t\t\t\t<\/div>\n\t\t\t\t<section class=\"elementor-section elementor-inner-section elementor-element elementor-element-35e10853 elementor-section-boxed elementor-section-height-default elementor-section-height-default\" data-id=\"35e10853\" data-element_type=\"section\">\n\t\t\t\t\t\t<div class=\"elementor-container elementor-column-gap-default\">\n\t\t\t\t\t<div class=\"elementor-column elementor-col-100 elementor-inner-column elementor-element elementor-element-4bfb1f2d\" data-id=\"4bfb1f2d\" data-element_type=\"column\">\n\t\t\t<div class=\"elementor-widget-wrap elementor-element-populated\">\n\t\t\t\t\t\t\t\t<div class=\"elementor-element elementor-element-18948579 envato-kit-66-subscription-form elementor-button-align-center elementor-widget elementor-widget-form\" data-id=\"18948579\" data-element_type=\"widget\" data-settings=\"{&quot;step_next_label&quot;:&quot;Next&quot;,&quot;step_previous_label&quot;:&quot;Previous&quot;,&quot;button_width&quot;:&quot;100&quot;,&quot;step_type&quot;:&quot;number_text&quot;,&quot;step_icon_shape&quot;:&quot;circle&quot;}\" data-widget_type=\"form.default\">\n\t\t\t\t<div class=\"elementor-widget-container\">\n\t\t\t\t\t<form class=\"elementor-form\" method=\"post\" name=\"DEMANDEZ UNE OFFRE \">\n\t\t\t<input type=\"hidden\" name=\"post_id\" value=\"7534\"\/>\n\t\t\t<input type=\"hidden\" name=\"form_id\" value=\"18948579\"\/>\n\t\t\t<input type=\"hidden\" name=\"referer_title\" value=\"TTC M\u00fchendislik\" \/>\n\n\t\t\t\n\t\t\t<div class=\"elementor-form-fields-wrapper elementor-labels-\">\n\t\t\t\t\t\t\t\t<div class=\"elementor-field-type-text elementor-field-group elementor-column elementor-field-group-email elementor-col-100 elementor-field-required\">\n\t\t\t\t\t<label for=\"form-field-email\" class=\"elementor-field-label elementor-screen-only\">Nom et surnom (*)<\/label><input size=\"1\" type=\"text\" name=\"form_fields[email]\" id=\"form-field-email\" class=\"elementor-field elementor-size-md  elementor-field-textual\" placeholder=\"Nom et surnom (*)\" required=\"required\" aria-required=\"true\">\t\t\t\t<\/div>\n\t\t\t\t\t\t\t\t<div class=\"elementor-field-type-text elementor-field-group elementor-column elementor-field-group-field_9a03eb1 elementor-col-100\">\n\t\t\t\t\t<label for=\"form-field-field_9a03eb1\" class=\"elementor-field-label elementor-screen-only\">Le nom de votre soci\u00e9t\u00e9<\/label><input size=\"1\" type=\"text\" name=\"form_fields[field_9a03eb1]\" id=\"form-field-field_9a03eb1\" class=\"elementor-field elementor-size-md  elementor-field-textual\" placeholder=\"Le nom de votre soci\u00e9t\u00e9\">\t\t\t\t<\/div>\n\t\t\t\t\t\t\t\t<div class=\"elementor-field-type-email elementor-field-group elementor-column elementor-field-group-field_1bdc047 elementor-col-100 elementor-field-required\">\n\t\t\t\t\t<label for=\"form-field-field_1bdc047\" class=\"elementor-field-label elementor-screen-only\">Adresse e-mail (*)<\/label><input size=\"1\" type=\"email\" name=\"form_fields[field_1bdc047]\" id=\"form-field-field_1bdc047\" class=\"elementor-field elementor-size-md  elementor-field-textual\" placeholder=\"Adresse e-mail (*)\" required=\"required\" aria-required=\"true\">\t\t\t\t<\/div>\n\t\t\t\t\t\t\t\t<div class=\"elementor-field-type-tel elementor-field-group elementor-column elementor-field-group-field_0d473f0 elementor-col-100\">\n\t\t\t\t\t<label for=\"form-field-field_0d473f0\" class=\"elementor-field-label elementor-screen-only\">Votre num\u00e9ro de t\u00e9l\u00e9phone<\/label><input size=\"1\" type=\"tel\" name=\"form_fields[field_0d473f0]\" id=\"form-field-field_0d473f0\" class=\"elementor-field elementor-size-md  elementor-field-textual\" placeholder=\"Votre num\u00e9ro de t\u00e9l\u00e9phone\" pattern=\"[0-9()#&amp;+*-=.]+\" title=\"Only numbers and phone characters (#, -, *, etc) are accepted.\">\t\t\t\t<\/div>\n\t\t\t\t\t\t\t\t<div class=\"elementor-field-type-textarea elementor-field-group elementor-column elementor-field-group-field_913da00 elementor-col-100 elementor-field-required\">\n\t\t\t\t\t<label for=\"form-field-field_913da00\" class=\"elementor-field-label elementor-screen-only\">D\u00e9tails de votre demande d'offre (*)<\/label><textarea class=\"elementor-field-textual elementor-field  elementor-size-md\" name=\"form_fields[field_913da00]\" id=\"form-field-field_913da00\" rows=\"4\" placeholder=\"D\u00e9tails de votre demande d&#039;offre (*)\" required=\"required\" aria-required=\"true\"><\/textarea>\t\t\t\t<\/div>\n\t\t\t\t\t\t\t\t<div class=\"elementor-field-group elementor-column elementor-field-type-submit elementor-col-100 e-form__buttons\">\n\t\t\t\t\t<button type=\"submit\" class=\"elementor-button elementor-size-md\">\n\t\t\t\t\t\t<span >\n\t\t\t\t\t\t\t\t\t\t\t\t\t\t\t<span class=\" elementor-button-icon\">\n\t\t\t\t\t\t\t\t\t\t\t\t\t\t\t\t\t\t\t\t\t\t\t\t\t\t<\/span>\n\t\t\t\t\t\t\t\t\t\t\t\t\t\t\t\t\t\t\t\t\t\t<span class=\"elementor-button-text\">Demander une offre<\/span>\n\t\t\t\t\t\t\t\t\t\t\t\t\t<\/span>\n\t\t\t\t\t<\/button>\n\t\t\t\t<\/div>\n\t\t\t<\/div>\n\t\t<\/form>\n\t\t\t\t<\/div>\n\t\t\t\t<\/div>\n\t\t\t\t\t<\/div>\n\t\t<\/div>\n\t\t\t\t\t\t\t<\/div>\n\t\t<\/section>\n\t\t\t\t\t<\/div>\n\t\t<\/div>\n\t\t\t\t\t\t\t<\/div>\n\t\t<\/section>\n\t\t\t\t\t\t<\/div>\n\t\t\t\t\t<\/div>\n\t\t","protected":false},"excerpt":{"rendered":"<p>TTC M\u00dcHEND\u0130SL\u0130K Unit\u00e9 D&#8217;additif De Fibre L&#8217;unit\u00e9 d&#8217;additif de fibres est un syst\u00e8me de dosage enti\u00e8rement automatique qui r\u00e9pond aux besoins en fibres cellulosiques pour la couche d&#8217;usure du m\u00e9lange d&#8217;asphalte chaud et de SMA (Stone Mastic Asphalt). C&#8217;est l&#8217;unit\u00e9 qui transmet au m\u00e9langeur de mani\u00e8re dos\u00e9e en pesant de mani\u00e8re sensible avec des cellules [&hellip;]<\/p>\n","protected":false},"author":2,"featured_media":0,"parent":3437,"menu_order":7,"comment_status":"closed","ping_status":"closed","template":"","meta":[],"yoast_head":"<!-- This site is optimized with the Yoast SEO plugin v16.5 - https:\/\/yoast.com\/wordpress\/plugins\/seo\/ -->\n<title>Unit\u00e9 D&#039;additif De Fibre - TTC M\u00fchendislik<\/title>\n<meta name=\"description\" content=\"L&#039;unit\u00e9 d&#039;additif de fibres est un syst\u00e8me de dosage enti\u00e8rement automatique qui r\u00e9pond aux besoins en fibres cellulosiques pour la couche d&#039;usure du m\u00e9lange d&#039;asphalte chaud et de SMA (Stone Mastic Asphalt).\" \/>\n<meta name=\"robots\" content=\"index, follow, max-snippet:-1, max-image-preview:large, max-video-preview:-1\" \/>\n<link rel=\"canonical\" href=\"https:\/\/ttcmuhendislik.com\/fr\/ttc-products\/asphalt-mixing-plant\/fiber-additive-unit\/\" \/>\n<meta property=\"og:locale\" content=\"fr_FR\" \/>\n<meta property=\"og:type\" content=\"article\" \/>\n<meta property=\"og:title\" content=\"Unit\u00e9 D&#039;additif De Fibre - TTC M\u00fchendislik\" \/>\n<meta property=\"og:description\" content=\"L&#039;unit\u00e9 d&#039;additif de fibres est un syst\u00e8me de dosage enti\u00e8rement automatique qui r\u00e9pond aux besoins en fibres cellulosiques pour la couche d&#039;usure du m\u00e9lange d&#039;asphalte chaud et de SMA (Stone Mastic Asphalt).\" \/>\n<meta property=\"og:url\" content=\"https:\/\/ttcmuhendislik.com\/en\/ttc-products\/asphalt-mixing-plant\/fiber-additive-unit\/\" \/>\n<meta property=\"og:site_name\" content=\"TTC M\u00fchendislik\" \/>\n<meta property=\"article:modified_time\" content=\"2022-12-20T11:13:06+00:00\" \/>\n<meta property=\"og:image\" content=\"https:\/\/ttcmuhendislik.com\/wp-content\/uploads\/2022\/12\/TTC-Fiber-1-768x432.jpg\" \/>\n<meta name=\"twitter:card\" content=\"summary_large_image\" \/>\n<meta name=\"twitter:label1\" content=\"Dur\u00e9e de lecture est.\" \/>\n\t<meta name=\"twitter:data1\" content=\"1 minute\" \/>\n<script type=\"application\/ld+json\" class=\"yoast-schema-graph\">{\"@context\":\"https:\/\/schema.org\",\"@graph\":[{\"@type\":\"Organization\",\"@id\":\"https:\/\/ttcmuhendislik.com\/en\/#organization\",\"name\":\"TTC M\\u00fchendislik\",\"url\":\"https:\/\/ttcmuhendislik.com\/en\/\",\"sameAs\":[],\"logo\":{\"@type\":\"ImageObject\",\"@id\":\"https:\/\/ttcmuhendislik.com\/en\/#logo\",\"inLanguage\":\"fr-FR\",\"url\":\"https:\/\/ttcmuhendislik.com\/wp-content\/uploads\/2021\/04\/logo.png\",\"contentUrl\":\"https:\/\/ttcmuhendislik.com\/wp-content\/uploads\/2021\/04\/logo.png\",\"width\":440,\"height\":170,\"caption\":\"TTC M\\u00fchendislik\"},\"image\":{\"@id\":\"https:\/\/ttcmuhendislik.com\/en\/#logo\"}},{\"@type\":\"WebSite\",\"@id\":\"https:\/\/ttcmuhendislik.com\/en\/#website\",\"url\":\"https:\/\/ttcmuhendislik.com\/en\/\",\"name\":\"TTC M\\u00fchendislik\",\"description\":\"\",\"publisher\":{\"@id\":\"https:\/\/ttcmuhendislik.com\/en\/#organization\"},\"potentialAction\":[{\"@type\":\"SearchAction\",\"target\":\"https:\/\/ttcmuhendislik.com\/en\/?s={search_term_string}\",\"query-input\":\"required name=search_term_string\"}],\"inLanguage\":\"fr-FR\"},{\"@type\":\"ImageObject\",\"@id\":\"https:\/\/ttcmuhendislik.com\/en\/ttc-products\/asphalt-mixing-plant\/fiber-additive-unit\/#primaryimage\",\"inLanguage\":\"fr-FR\",\"url\":\"https:\/\/ttcmuhendislik.com\/wp-content\/uploads\/2022\/12\/TTC-Fiber-1.jpg\",\"contentUrl\":\"https:\/\/ttcmuhendislik.com\/wp-content\/uploads\/2022\/12\/TTC-Fiber-1.jpg\",\"width\":960,\"height\":540},{\"@type\":\"WebPage\",\"@id\":\"https:\/\/ttcmuhendislik.com\/en\/ttc-products\/asphalt-mixing-plant\/fiber-additive-unit\/#webpage\",\"url\":\"https:\/\/ttcmuhendislik.com\/en\/ttc-products\/asphalt-mixing-plant\/fiber-additive-unit\/\",\"name\":\"Unit\\u00e9 D'additif De Fibre - TTC M\\u00fchendislik\",\"isPartOf\":{\"@id\":\"https:\/\/ttcmuhendislik.com\/en\/#website\"},\"primaryImageOfPage\":{\"@id\":\"https:\/\/ttcmuhendislik.com\/en\/ttc-products\/asphalt-mixing-plant\/fiber-additive-unit\/#primaryimage\"},\"datePublished\":\"2022-12-05T13:33:56+00:00\",\"dateModified\":\"2022-12-20T11:13:06+00:00\",\"description\":\"L'unit\\u00e9 d'additif de fibres est un syst\\u00e8me de dosage enti\\u00e8rement automatique qui r\\u00e9pond aux besoins en fibres cellulosiques pour la couche d'usure du m\\u00e9lange d'asphalte chaud et de SMA (Stone Mastic Asphalt).\",\"breadcrumb\":{\"@id\":\"https:\/\/ttcmuhendislik.com\/en\/ttc-products\/asphalt-mixing-plant\/fiber-additive-unit\/#breadcrumb\"},\"inLanguage\":\"fr-FR\",\"potentialAction\":[{\"@type\":\"ReadAction\",\"target\":[\"https:\/\/ttcmuhendislik.com\/en\/ttc-products\/asphalt-mixing-plant\/fiber-additive-unit\/\"]}]},{\"@type\":\"BreadcrumbList\",\"@id\":\"https:\/\/ttcmuhendislik.com\/en\/ttc-products\/asphalt-mixing-plant\/fiber-additive-unit\/#breadcrumb\",\"itemListElement\":[{\"@type\":\"ListItem\",\"position\":1,\"name\":\"Anasayfa\",\"item\":\"https:\/\/ttcmuhendislik.com\/\"},{\"@type\":\"ListItem\",\"position\":2,\"name\":\"Nos Produits\",\"item\":\"https:\/\/ttcmuhendislik.com\/fr\/produits\/\"},{\"@type\":\"ListItem\",\"position\":3,\"name\":\"Centrale D\\u2019enrobage\",\"item\":\"https:\/\/ttcmuhendislik.com\/en\/ttc-products\/asphalt-mixing-plant\/\"},{\"@type\":\"ListItem\",\"position\":4,\"name\":\"Unit\\u00e9 D&#8217;additif De Fibre\"}]}]}<\/script>\n<!-- \/ Yoast SEO plugin. -->","_links":{"self":[{"href":"https:\/\/ttcmuhendislik.com\/fr\/wp-json\/wp\/v2\/pages\/7534"}],"collection":[{"href":"https:\/\/ttcmuhendislik.com\/fr\/wp-json\/wp\/v2\/pages"}],"about":[{"href":"https:\/\/ttcmuhendislik.com\/fr\/wp-json\/wp\/v2\/types\/page"}],"author":[{"embeddable":true,"href":"https:\/\/ttcmuhendislik.com\/fr\/wp-json\/wp\/v2\/users\/2"}],"replies":[{"embeddable":true,"href":"https:\/\/ttcmuhendislik.com\/fr\/wp-json\/wp\/v2\/comments?post=7534"}],"version-history":[{"count":0,"href":"https:\/\/ttcmuhendislik.com\/fr\/wp-json\/wp\/v2\/pages\/7534\/revisions"}],"up":[{"embeddable":true,"href":"https:\/\/ttcmuhendislik.com\/fr\/wp-json\/wp\/v2\/pages\/3437"}],"wp:attachment":[{"href":"https:\/\/ttcmuhendislik.com\/fr\/wp-json\/wp\/v2\/media?parent=7534"}],"curies":[{"name":"wp","href":"https:\/\/api.w.org\/{rel}","templated":true}]}}