{"id":7023,"date":"2022-12-02T16:11:02","date_gmt":"2022-12-02T13:11:02","guid":{"rendered":"https:\/\/ttcmuhendislik.com\/?page_id=7023"},"modified":"2022-12-20T13:28:33","modified_gmt":"2022-12-20T10:28:33","slug":"ascenseur-dagregats","status":"publish","type":"page","link":"https:\/\/ttcmuhendislik.com\/fr\/produits\/centrale-denrobage\/equipement-centrale-dasphalte\/ascenseur-dagregats\/","title":{"rendered":"Ascenseur D&#8217;agr\u00e9gats"},"content":{"rendered":"\t\t<div data-elementor-type=\"wp-page\" data-elementor-id=\"7023\" class=\"elementor elementor-7023 elementor-7020\" data-elementor-settings=\"[]\">\n\t\t\t\t\t\t\t<div class=\"elementor-section-wrap\">\n\t\t\t\t\t\t\t<section class=\"elementor-section elementor-top-section elementor-element elementor-element-136ca31 envato-kit-141-top-0 elementor-reverse-mobile elementor-section-boxed elementor-section-height-default elementor-section-height-default\" data-id=\"136ca31\" data-element_type=\"section\" data-settings=\"{&quot;background_background&quot;:&quot;classic&quot;}\">\n\t\t\t\t\t\t\t<div class=\"elementor-background-overlay\"><\/div>\n\t\t\t\t\t\t\t<div class=\"elementor-container elementor-column-gap-wider\">\n\t\t\t\t\t<div class=\"elementor-column elementor-col-50 elementor-top-column elementor-element elementor-element-772ba9d\" data-id=\"772ba9d\" data-element_type=\"column\" data-settings=\"{&quot;background_background&quot;:&quot;classic&quot;}\">\n\t\t\t<div class=\"elementor-widget-wrap elementor-element-populated\">\n\t\t\t\t\t\t\t\t<div class=\"elementor-element elementor-element-8c3041d elementor-widget elementor-widget-image\" data-id=\"8c3041d\" data-element_type=\"widget\" data-widget_type=\"image.default\">\n\t\t\t\t<div class=\"elementor-widget-container\">\n\t\t\t\t\t\t\t\t\t\t\t\t\t\t\t<img wpfc-lazyload-disable=\"true\" width=\"912\" height=\"684\" src=\"https:\/\/ttcmuhendislik.com\/wp-content\/uploads\/2022\/12\/agregaelevator.jpg\" class=\"attachment-full size-full\" alt=\"\" loading=\"lazy\" srcset=\"https:\/\/ttcmuhendislik.com\/wp-content\/uploads\/2022\/12\/agregaelevator.jpg 912w, https:\/\/ttcmuhendislik.com\/wp-content\/uploads\/2022\/12\/agregaelevator-300x225.jpg 300w, https:\/\/ttcmuhendislik.com\/wp-content\/uploads\/2022\/12\/agregaelevator-768x576.jpg 768w\" sizes=\"(max-width: 912px) 100vw, 912px\" wpfc-lazyload-disable=\"true\" \/>\t\t\t\t\t\t\t\t\t\t\t\t\t\t\t<\/div>\n\t\t\t\t<\/div>\n\t\t\t\t\t<\/div>\n\t\t<\/div>\n\t\t\t\t<div class=\"elementor-column elementor-col-50 elementor-top-column elementor-element elementor-element-de8a084\" data-id=\"de8a084\" data-element_type=\"column\">\n\t\t\t<div class=\"elementor-widget-wrap elementor-element-populated\">\n\t\t\t\t\t\t\t\t<div class=\"elementor-element elementor-element-e420796 elementor-invisible elementor-widget elementor-widget-heading\" data-id=\"e420796\" data-element_type=\"widget\" data-settings=\"{&quot;_animation&quot;:&quot;fadeIn&quot;}\" data-widget_type=\"heading.default\">\n\t\t\t\t<div class=\"elementor-widget-container\">\n\t\t\t<h5 class=\"elementor-heading-title elementor-size-medium\">TTC M\u00dcHEND\u0130SL\u0130K<\/h5>\t\t<\/div>\n\t\t\t\t<\/div>\n\t\t\t\t<div class=\"elementor-element elementor-element-f611b59 elementor-widget elementor-widget-heading\" data-id=\"f611b59\" data-element_type=\"widget\" data-widget_type=\"heading.default\">\n\t\t\t\t<div class=\"elementor-widget-container\">\n\t\t\t<h2 class=\"elementor-heading-title elementor-size-xxl\">Ascenseur D'agr\u00e9gats<\/h2>\t\t<\/div>\n\t\t\t\t<\/div>\n\t\t\t\t<div class=\"elementor-element elementor-element-a00e476 elementor-widget-divider--view-line elementor-widget elementor-widget-divider\" data-id=\"a00e476\" data-element_type=\"widget\" data-widget_type=\"divider.default\">\n\t\t\t\t<div class=\"elementor-widget-container\">\n\t\t\t\t\t<div class=\"elementor-divider\">\n\t\t\t<span class=\"elementor-divider-separator\">\n\t\t\t\t\t\t<\/span>\n\t\t<\/div>\n\t\t\t\t<\/div>\n\t\t\t\t<\/div>\n\t\t\t\t<div class=\"elementor-element elementor-element-22d0fce elementor-widget elementor-widget-text-editor\" data-id=\"22d0fce\" data-element_type=\"widget\" data-widget_type=\"text-editor.default\">\n\t\t\t\t<div class=\"elementor-widget-container\">\n\t\t\t\t\t\t\t\t<p>L&#8217;\u00e9l\u00e9vateur est un \u00e9quipement de transport con\u00e7u verticalement qui permet de transmettre l&#8217;agr\u00e9gat sortant du s\u00e9choir \u00e0 l&#8217;unit\u00e9 de tamisage. Gr\u00e2ce aux seaux porteurs et au syst\u00e8me de cha\u00eene \u00e0 l&#8217;int\u00e9rieur, il remplit avec succ\u00e8s la t\u00e2che d&#8217;alimenter le tamis sans interruption.<\/p>\t\t\t\t\t\t<\/div>\n\t\t\t\t<\/div>\n\t\t\t\t\t<\/div>\n\t\t<\/div>\n\t\t\t\t\t\t\t<\/div>\n\t\t<\/section>\n\t\t\t\t<section class=\"elementor-section elementor-top-section elementor-element elementor-element-73413fd envato-kit-141-top-0 elementor-reverse-mobile elementor-section-boxed elementor-section-height-default elementor-section-height-default\" data-id=\"73413fd\" data-element_type=\"section\" data-settings=\"{&quot;background_background&quot;:&quot;classic&quot;}\">\n\t\t\t\t\t\t\t<div class=\"elementor-background-overlay\"><\/div>\n\t\t\t\t\t\t\t<div class=\"elementor-container elementor-column-gap-wider\">\n\t\t\t\t\t<div class=\"elementor-column elementor-col-50 elementor-top-column elementor-element elementor-element-0babdf8\" data-id=\"0babdf8\" data-element_type=\"column\">\n\t\t\t<div class=\"elementor-widget-wrap elementor-element-populated\">\n\t\t\t\t\t\t\t\t<div class=\"elementor-element elementor-element-f265a51 elementor-widget elementor-widget-heading\" data-id=\"f265a51\" data-element_type=\"widget\" data-widget_type=\"heading.default\">\n\t\t\t\t<div class=\"elementor-widget-container\">\n\t\t\t<h3 class=\"elementor-heading-title elementor-size-default\">SYST\u00c8ME DE CONDUITE<\/h3>\t\t<\/div>\n\t\t\t\t<\/div>\n\t\t\t\t<div class=\"elementor-element elementor-element-30ac659 elementor-widget elementor-widget-text-editor\" data-id=\"30ac659\" data-element_type=\"widget\" data-widget_type=\"text-editor.default\">\n\t\t\t\t<div class=\"elementor-widget-container\">\n\t\t\t\t\t\t\t\t<p>Les couvercles de sortie sont \u00e9quip\u00e9s de v\u00e9rins pneumatiques. Il est tr\u00e8s facile d&#8217;ouvrir et de fermer les portes avec le contr\u00f4le du syst\u00e8me d&#8217;automatisation. Les couvertures sont recouvertes de r\u00e9sistances chauffantes, malgr\u00e9 le durcissement de l&#8217;asphalte chaud avec le temps.<\/p>\t\t\t\t\t\t<\/div>\n\t\t\t\t<\/div>\n\t\t\t\t<div class=\"elementor-element elementor-element-f9f08c7 elementor-widget elementor-widget-heading\" data-id=\"f9f08c7\" data-element_type=\"widget\" data-widget_type=\"heading.default\">\n\t\t\t\t<div class=\"elementor-widget-container\">\n\t\t\t<h3 class=\"elementor-heading-title elementor-size-default\">GODETS PORTEURS<\/h3>\t\t<\/div>\n\t\t\t\t<\/div>\n\t\t\t\t<div class=\"elementor-element elementor-element-00dc0f9 elementor-widget elementor-widget-text-editor\" data-id=\"00dc0f9\" data-element_type=\"widget\" data-widget_type=\"text-editor.default\">\n\t\t\t\t<div class=\"elementor-widget-container\">\n\t\t\t\t\t\t\t\t<p>Toute la surface ext\u00e9rieure du silo de produit fini est recouverte d&#8217;un mat\u00e9riau isolant en laine de roche par mesure de pr\u00e9caution contre les pertes de chaleur. La surface ext\u00e9rieure de l&#8217;isolant est recouverte d&#8217;une t\u00f4le d&#8217;acier inoxydable.<\/p>\t\t\t\t\t\t<\/div>\n\t\t\t\t<\/div>\n\t\t\t\t\t<\/div>\n\t\t<\/div>\n\t\t\t\t<div class=\"elementor-column elementor-col-50 elementor-top-column elementor-element elementor-element-6192cd3\" data-id=\"6192cd3\" data-element_type=\"column\">\n\t\t\t<div class=\"elementor-widget-wrap elementor-element-populated\">\n\t\t\t\t\t\t\t\t<div class=\"elementor-element elementor-element-42179c4 elementor-widget elementor-widget-image\" data-id=\"42179c4\" data-element_type=\"widget\" data-widget_type=\"image.default\">\n\t\t\t\t<div class=\"elementor-widget-container\">\n\t\t\t\t\t\t\t\t\t\t\t\t\t\t\t<img wpfc-lazyload-disable=\"true\" width=\"800\" height=\"600\" src=\"https:\/\/ttcmuhendislik.com\/wp-content\/uploads\/2022\/12\/agregaelevator.jpg\" class=\"attachment-large size-large\" alt=\"\" loading=\"lazy\" srcset=\"https:\/\/ttcmuhendislik.com\/wp-content\/uploads\/2022\/12\/agregaelevator.jpg 912w, https:\/\/ttcmuhendislik.com\/wp-content\/uploads\/2022\/12\/agregaelevator-300x225.jpg 300w, https:\/\/ttcmuhendislik.com\/wp-content\/uploads\/2022\/12\/agregaelevator-768x576.jpg 768w\" sizes=\"(max-width: 800px) 100vw, 800px\" wpfc-lazyload-disable=\"true\" \/>\t\t\t\t\t\t\t\t\t\t\t\t\t\t\t<\/div>\n\t\t\t\t<\/div>\n\t\t\t\t\t<\/div>\n\t\t<\/div>\n\t\t\t\t\t\t\t<\/div>\n\t\t<\/section>\n\t\t\t\t<section class=\"elementor-section elementor-top-section elementor-element elementor-element-7c9fe26 envato-kit-141-top-0 elementor-reverse-mobile elementor-section-boxed elementor-section-height-default elementor-section-height-default\" data-id=\"7c9fe26\" data-element_type=\"section\" data-settings=\"{&quot;background_background&quot;:&quot;classic&quot;}\">\n\t\t\t\t\t\t\t<div class=\"elementor-background-overlay\"><\/div>\n\t\t\t\t\t\t\t<div class=\"elementor-container elementor-column-gap-wider\">\n\t\t\t\t\t<div class=\"elementor-column elementor-col-100 elementor-top-column elementor-element elementor-element-8fc6c16\" data-id=\"8fc6c16\" data-element_type=\"column\">\n\t\t\t<div class=\"elementor-widget-wrap elementor-element-populated\">\n\t\t\t\t\t\t\t\t<div class=\"elementor-element elementor-element-7b96a71 elementor-widget elementor-widget-heading\" data-id=\"7b96a71\" data-element_type=\"widget\" data-widget_type=\"heading.default\">\n\t\t\t\t<div class=\"elementor-widget-container\">\n\t\t\t<h3 class=\"elementor-heading-title elementor-size-default\">GALERIE DE PHOTOS <\/h3>\t\t<\/div>\n\t\t\t\t<\/div>\n\t\t\t\t<div class=\"elementor-element elementor-element-9a6797b elementor-widget elementor-widget-gallery\" data-id=\"9a6797b\" data-element_type=\"widget\" data-settings=\"{&quot;columns_tablet&quot;:4,&quot;columns_mobile&quot;:2,&quot;lazyload&quot;:&quot;yes&quot;,&quot;gallery_layout&quot;:&quot;grid&quot;,&quot;columns&quot;:4,&quot;gap&quot;:{&quot;unit&quot;:&quot;px&quot;,&quot;size&quot;:10,&quot;sizes&quot;:[]},&quot;gap_tablet&quot;:{&quot;unit&quot;:&quot;px&quot;,&quot;size&quot;:10,&quot;sizes&quot;:[]},&quot;gap_mobile&quot;:{&quot;unit&quot;:&quot;px&quot;,&quot;size&quot;:10,&quot;sizes&quot;:[]},&quot;link_to&quot;:&quot;file&quot;,&quot;aspect_ratio&quot;:&quot;3:2&quot;,&quot;overlay_background&quot;:&quot;yes&quot;,&quot;content_hover_animation&quot;:&quot;fade-in&quot;}\" data-widget_type=\"gallery.default\">\n\t\t\t\t<div class=\"elementor-widget-container\">\n\t\t\t\t\t<div class=\"elementor-gallery__container\">\n\t\t\t\t\t\t\t<a class=\"e-gallery-item elementor-gallery-item elementor-animated-content\" href=\"https:\/\/ttcmuhendislik.com\/wp-content\/uploads\/2022\/12\/agregaelevator.jpg\" data-elementor-open-lightbox=\"yes\" data-elementor-lightbox-slideshow=\"all-9a6797b\">\n\t\t\t\t\t<div class=\"e-gallery-image elementor-gallery-item__image\" data-thumbnail=\"https:\/\/ttcmuhendislik.com\/wp-content\/uploads\/2022\/12\/agregaelevator.jpg\" data-width=\"912\" data-height=\"684\" alt=\"\" ><\/div>\n\t\t\t\t\t\t\t\t\t\t<div class=\"elementor-gallery-item__overlay\"><\/div>\n\t\t\t\t\t\t\t\t\t\t\t\t\t\t<\/a>\n\t\t\t\t\t<\/div>\n\t\t\t<\/div>\n\t\t\t\t<\/div>\n\t\t\t\t\t<\/div>\n\t\t<\/div>\n\t\t\t\t\t\t\t<\/div>\n\t\t<\/section>\n\t\t\t\t<section class=\"elementor-section elementor-top-section elementor-element elementor-element-7aed0ddf elementor-section-boxed elementor-section-height-default elementor-section-height-default\" data-id=\"7aed0ddf\" data-element_type=\"section\" data-settings=\"{&quot;background_background&quot;:&quot;classic&quot;}\">\n\t\t\t\t\t\t\t<div class=\"elementor-background-overlay\"><\/div>\n\t\t\t\t\t\t\t<div class=\"elementor-container elementor-column-gap-default\">\n\t\t\t\t\t<div class=\"elementor-column elementor-col-100 elementor-top-column elementor-element elementor-element-5d7361c4\" data-id=\"5d7361c4\" data-element_type=\"column\">\n\t\t\t<div class=\"elementor-widget-wrap elementor-element-populated\">\n\t\t\t\t\t\t\t\t<div class=\"elementor-element elementor-element-10bcb43b elementor-hidden-desktop elementor-hidden-tablet elementor-hidden-phone elementor-widget elementor-widget-heading\" data-id=\"10bcb43b\" data-element_type=\"widget\" data-widget_type=\"heading.default\">\n\t\t\t\t<div class=\"elementor-widget-container\">\n\t\t\t<h3 class=\"elementor-heading-title elementor-size-default\">TTC ENGINEERING<\/h3>\t\t<\/div>\n\t\t\t\t<\/div>\n\t\t\t\t<div class=\"elementor-element elementor-element-3c0f6b3a elementor-widget elementor-widget-heading\" data-id=\"3c0f6b3a\" data-element_type=\"widget\" data-widget_type=\"heading.default\">\n\t\t\t\t<div class=\"elementor-widget-container\">\n\t\t\t<h2 class=\"elementor-heading-title elementor-size-default\">DEMANDEZ UNE OFFRE <\/h2>\t\t<\/div>\n\t\t\t\t<\/div>\n\t\t\t\t<div class=\"elementor-element elementor-element-6c7d8f3 elementor-widget-divider--view-line elementor-widget elementor-widget-divider\" data-id=\"6c7d8f3\" data-element_type=\"widget\" data-widget_type=\"divider.default\">\n\t\t\t\t<div class=\"elementor-widget-container\">\n\t\t\t\t\t<div class=\"elementor-divider\">\n\t\t\t<span class=\"elementor-divider-separator\">\n\t\t\t\t\t\t<\/span>\n\t\t<\/div>\n\t\t\t\t<\/div>\n\t\t\t\t<\/div>\n\t\t\t\t<section class=\"elementor-section elementor-inner-section elementor-element elementor-element-35e10853 elementor-section-boxed elementor-section-height-default elementor-section-height-default\" data-id=\"35e10853\" data-element_type=\"section\">\n\t\t\t\t\t\t<div class=\"elementor-container elementor-column-gap-default\">\n\t\t\t\t\t<div class=\"elementor-column elementor-col-100 elementor-inner-column elementor-element elementor-element-4bfb1f2d\" data-id=\"4bfb1f2d\" data-element_type=\"column\">\n\t\t\t<div class=\"elementor-widget-wrap elementor-element-populated\">\n\t\t\t\t\t\t\t\t<div class=\"elementor-element elementor-element-18948579 envato-kit-66-subscription-form elementor-button-align-center elementor-widget elementor-widget-form\" data-id=\"18948579\" data-element_type=\"widget\" data-settings=\"{&quot;step_next_label&quot;:&quot;Next&quot;,&quot;step_previous_label&quot;:&quot;Previous&quot;,&quot;button_width&quot;:&quot;100&quot;,&quot;step_type&quot;:&quot;number_text&quot;,&quot;step_icon_shape&quot;:&quot;circle&quot;}\" data-widget_type=\"form.default\">\n\t\t\t\t<div class=\"elementor-widget-container\">\n\t\t\t\t\t<form class=\"elementor-form\" method=\"post\" name=\"DEMANDEZ UNE OFFRE \">\n\t\t\t<input type=\"hidden\" name=\"post_id\" value=\"7023\"\/>\n\t\t\t<input type=\"hidden\" name=\"form_id\" value=\"18948579\"\/>\n\t\t\t<input type=\"hidden\" name=\"referer_title\" value=\"TTC M\u00fchendislik\" \/>\n\n\t\t\t\n\t\t\t<div class=\"elementor-form-fields-wrapper elementor-labels-\">\n\t\t\t\t\t\t\t\t<div class=\"elementor-field-type-text elementor-field-group elementor-column elementor-field-group-email elementor-col-100 elementor-field-required\">\n\t\t\t\t\t<label for=\"form-field-email\" class=\"elementor-field-label elementor-screen-only\">Nom et surnom (*)<\/label><input size=\"1\" type=\"text\" name=\"form_fields[email]\" id=\"form-field-email\" class=\"elementor-field elementor-size-md  elementor-field-textual\" placeholder=\"Nom et surnom (*)\" required=\"required\" aria-required=\"true\">\t\t\t\t<\/div>\n\t\t\t\t\t\t\t\t<div class=\"elementor-field-type-text elementor-field-group elementor-column elementor-field-group-field_9a03eb1 elementor-col-100\">\n\t\t\t\t\t<label for=\"form-field-field_9a03eb1\" class=\"elementor-field-label elementor-screen-only\">Le nom de votre soci\u00e9t\u00e9<\/label><input size=\"1\" type=\"text\" name=\"form_fields[field_9a03eb1]\" id=\"form-field-field_9a03eb1\" class=\"elementor-field elementor-size-md  elementor-field-textual\" placeholder=\"Le nom de votre soci\u00e9t\u00e9\">\t\t\t\t<\/div>\n\t\t\t\t\t\t\t\t<div class=\"elementor-field-type-email elementor-field-group elementor-column elementor-field-group-field_1bdc047 elementor-col-100 elementor-field-required\">\n\t\t\t\t\t<label for=\"form-field-field_1bdc047\" class=\"elementor-field-label elementor-screen-only\">Adresse e-mail (*)<\/label><input size=\"1\" type=\"email\" name=\"form_fields[field_1bdc047]\" id=\"form-field-field_1bdc047\" class=\"elementor-field elementor-size-md  elementor-field-textual\" placeholder=\"Adresse e-mail (*)\" required=\"required\" aria-required=\"true\">\t\t\t\t<\/div>\n\t\t\t\t\t\t\t\t<div class=\"elementor-field-type-tel elementor-field-group elementor-column elementor-field-group-field_0d473f0 elementor-col-100\">\n\t\t\t\t\t<label for=\"form-field-field_0d473f0\" class=\"elementor-field-label elementor-screen-only\">Votre num\u00e9ro de t\u00e9l\u00e9phone<\/label><input size=\"1\" type=\"tel\" name=\"form_fields[field_0d473f0]\" id=\"form-field-field_0d473f0\" class=\"elementor-field elementor-size-md  elementor-field-textual\" placeholder=\"Votre num\u00e9ro de t\u00e9l\u00e9phone\" pattern=\"[0-9()#&amp;+*-=.]+\" title=\"Only numbers and phone characters (#, -, *, etc) are accepted.\">\t\t\t\t<\/div>\n\t\t\t\t\t\t\t\t<div class=\"elementor-field-type-textarea elementor-field-group elementor-column elementor-field-group-field_913da00 elementor-col-100 elementor-field-required\">\n\t\t\t\t\t<label for=\"form-field-field_913da00\" class=\"elementor-field-label elementor-screen-only\">D\u00e9tails de votre demande d'offre (*)<\/label><textarea class=\"elementor-field-textual elementor-field  elementor-size-md\" name=\"form_fields[field_913da00]\" id=\"form-field-field_913da00\" rows=\"4\" placeholder=\"D\u00e9tails de votre demande d&#039;offre (*)\" required=\"required\" aria-required=\"true\"><\/textarea>\t\t\t\t<\/div>\n\t\t\t\t\t\t\t\t<div class=\"elementor-field-group elementor-column elementor-field-type-submit elementor-col-100 e-form__buttons\">\n\t\t\t\t\t<button type=\"submit\" class=\"elementor-button elementor-size-md\">\n\t\t\t\t\t\t<span >\n\t\t\t\t\t\t\t\t\t\t\t\t\t\t\t<span class=\" elementor-button-icon\">\n\t\t\t\t\t\t\t\t\t\t\t\t\t\t\t\t\t\t\t\t\t\t\t\t\t\t<\/span>\n\t\t\t\t\t\t\t\t\t\t\t\t\t\t\t\t\t\t\t\t\t\t<span class=\"elementor-button-text\">Demander une offre<\/span>\n\t\t\t\t\t\t\t\t\t\t\t\t\t<\/span>\n\t\t\t\t\t<\/button>\n\t\t\t\t<\/div>\n\t\t\t<\/div>\n\t\t<\/form>\n\t\t\t\t<\/div>\n\t\t\t\t<\/div>\n\t\t\t\t\t<\/div>\n\t\t<\/div>\n\t\t\t\t\t\t\t<\/div>\n\t\t<\/section>\n\t\t\t\t\t<\/div>\n\t\t<\/div>\n\t\t\t\t\t\t\t<\/div>\n\t\t<\/section>\n\t\t\t\t\t\t<\/div>\n\t\t\t\t\t<\/div>\n\t\t","protected":false},"excerpt":{"rendered":"<p>TTC M\u00dcHEND\u0130SL\u0130K Ascenseur D&#8217;agr\u00e9gats L&#8217;\u00e9l\u00e9vateur est un \u00e9quipement de transport con\u00e7u verticalement qui permet de transmettre l&#8217;agr\u00e9gat sortant du s\u00e9choir \u00e0 l&#8217;unit\u00e9 de tamisage. Gr\u00e2ce aux seaux porteurs et au syst\u00e8me de cha\u00eene \u00e0 l&#8217;int\u00e9rieur, il remplit avec succ\u00e8s la t\u00e2che d&#8217;alimenter le tamis sans interruption. SYST\u00c8ME DE CONDUITE Les couvercles de sortie sont \u00e9quip\u00e9s [&hellip;]<\/p>\n","protected":false},"author":2,"featured_media":0,"parent":6632,"menu_order":9,"comment_status":"closed","ping_status":"closed","template":"","meta":[],"yoast_head":"<!-- This site is optimized with the Yoast SEO plugin v16.5 - https:\/\/yoast.com\/wordpress\/plugins\/seo\/ -->\n<title>Ascenseur D&#039;agr\u00e9gats - TTC M\u00fchendislik<\/title>\n<meta name=\"description\" content=\"L&#039;\u00e9l\u00e9vateur est un \u00e9quipement de transport con\u00e7u verticalement qui permet de transmettre l&#039;agr\u00e9gat sortant du s\u00e9choir \u00e0 l&#039;unit\u00e9 de tamisage.\" \/>\n<meta name=\"robots\" content=\"index, follow, max-snippet:-1, max-image-preview:large, max-video-preview:-1\" \/>\n<link rel=\"canonical\" href=\"https:\/\/ttcmuhendislik.com\/fr\/ttc-products\/asphalt-mixing-plant\/asphalt-plant-equipment\/aggregate-elevator\/\" \/>\n<meta property=\"og:locale\" content=\"fr_FR\" \/>\n<meta property=\"og:type\" content=\"article\" \/>\n<meta property=\"og:title\" content=\"Ascenseur D&#039;agr\u00e9gats - TTC M\u00fchendislik\" \/>\n<meta property=\"og:description\" content=\"L&#039;\u00e9l\u00e9vateur est un \u00e9quipement de transport con\u00e7u verticalement qui permet de transmettre l&#039;agr\u00e9gat sortant du s\u00e9choir \u00e0 l&#039;unit\u00e9 de tamisage.\" \/>\n<meta property=\"og:url\" content=\"https:\/\/ttcmuhendislik.com\/en\/ttc-products\/asphalt-mixing-plant\/asphalt-plant-equipment\/aggregate-elevator\/\" \/>\n<meta property=\"og:site_name\" content=\"TTC M\u00fchendislik\" \/>\n<meta property=\"article:modified_time\" content=\"2022-12-20T10:28:33+00:00\" \/>\n<meta property=\"og:image\" content=\"https:\/\/ttcmuhendislik.com\/wp-content\/uploads\/2022\/12\/agregaelevator.jpg\" \/>\n<meta name=\"twitter:card\" content=\"summary_large_image\" \/>\n<meta name=\"twitter:label1\" content=\"Dur\u00e9e de lecture est.\" \/>\n\t<meta name=\"twitter:data1\" content=\"2 minutes\" \/>\n<script type=\"application\/ld+json\" class=\"yoast-schema-graph\">{\"@context\":\"https:\/\/schema.org\",\"@graph\":[{\"@type\":\"Organization\",\"@id\":\"https:\/\/ttcmuhendislik.com\/en\/#organization\",\"name\":\"TTC M\\u00fchendislik\",\"url\":\"https:\/\/ttcmuhendislik.com\/en\/\",\"sameAs\":[],\"logo\":{\"@type\":\"ImageObject\",\"@id\":\"https:\/\/ttcmuhendislik.com\/en\/#logo\",\"inLanguage\":\"fr-FR\",\"url\":\"https:\/\/ttcmuhendislik.com\/wp-content\/uploads\/2021\/04\/logo.png\",\"contentUrl\":\"https:\/\/ttcmuhendislik.com\/wp-content\/uploads\/2021\/04\/logo.png\",\"width\":440,\"height\":170,\"caption\":\"TTC M\\u00fchendislik\"},\"image\":{\"@id\":\"https:\/\/ttcmuhendislik.com\/en\/#logo\"}},{\"@type\":\"WebSite\",\"@id\":\"https:\/\/ttcmuhendislik.com\/en\/#website\",\"url\":\"https:\/\/ttcmuhendislik.com\/en\/\",\"name\":\"TTC M\\u00fchendislik\",\"description\":\"\",\"publisher\":{\"@id\":\"https:\/\/ttcmuhendislik.com\/en\/#organization\"},\"potentialAction\":[{\"@type\":\"SearchAction\",\"target\":\"https:\/\/ttcmuhendislik.com\/en\/?s={search_term_string}\",\"query-input\":\"required name=search_term_string\"}],\"inLanguage\":\"fr-FR\"},{\"@type\":\"ImageObject\",\"@id\":\"https:\/\/ttcmuhendislik.com\/en\/ttc-products\/asphalt-mixing-plant\/asphalt-plant-equipment\/aggregate-elevator\/#primaryimage\",\"inLanguage\":\"fr-FR\",\"url\":\"https:\/\/ttcmuhendislik.com\/wp-content\/uploads\/2022\/12\/agregaelevator.jpg\",\"contentUrl\":\"https:\/\/ttcmuhendislik.com\/wp-content\/uploads\/2022\/12\/agregaelevator.jpg\",\"width\":912,\"height\":684},{\"@type\":\"WebPage\",\"@id\":\"https:\/\/ttcmuhendislik.com\/en\/ttc-products\/asphalt-mixing-plant\/asphalt-plant-equipment\/aggregate-elevator\/#webpage\",\"url\":\"https:\/\/ttcmuhendislik.com\/en\/ttc-products\/asphalt-mixing-plant\/asphalt-plant-equipment\/aggregate-elevator\/\",\"name\":\"Ascenseur D'agr\\u00e9gats - TTC M\\u00fchendislik\",\"isPartOf\":{\"@id\":\"https:\/\/ttcmuhendislik.com\/en\/#website\"},\"primaryImageOfPage\":{\"@id\":\"https:\/\/ttcmuhendislik.com\/en\/ttc-products\/asphalt-mixing-plant\/asphalt-plant-equipment\/aggregate-elevator\/#primaryimage\"},\"datePublished\":\"2022-12-02T13:11:02+00:00\",\"dateModified\":\"2022-12-20T10:28:33+00:00\",\"description\":\"L'\\u00e9l\\u00e9vateur est un \\u00e9quipement de transport con\\u00e7u verticalement qui permet de transmettre l'agr\\u00e9gat sortant du s\\u00e9choir \\u00e0 l'unit\\u00e9 de tamisage.\",\"breadcrumb\":{\"@id\":\"https:\/\/ttcmuhendislik.com\/en\/ttc-products\/asphalt-mixing-plant\/asphalt-plant-equipment\/aggregate-elevator\/#breadcrumb\"},\"inLanguage\":\"fr-FR\",\"potentialAction\":[{\"@type\":\"ReadAction\",\"target\":[\"https:\/\/ttcmuhendislik.com\/en\/ttc-products\/asphalt-mixing-plant\/asphalt-plant-equipment\/aggregate-elevator\/\"]}]},{\"@type\":\"BreadcrumbList\",\"@id\":\"https:\/\/ttcmuhendislik.com\/en\/ttc-products\/asphalt-mixing-plant\/asphalt-plant-equipment\/aggregate-elevator\/#breadcrumb\",\"itemListElement\":[{\"@type\":\"ListItem\",\"position\":1,\"name\":\"Anasayfa\",\"item\":\"https:\/\/ttcmuhendislik.com\/\"},{\"@type\":\"ListItem\",\"position\":2,\"name\":\"Nos Produits\",\"item\":\"https:\/\/ttcmuhendislik.com\/fr\/produits\/\"},{\"@type\":\"ListItem\",\"position\":3,\"name\":\"Centrale D\\u2019enrobage\",\"item\":\"https:\/\/ttcmuhendislik.com\/en\/ttc-products\/asphalt-mixing-plant\/\"},{\"@type\":\"ListItem\",\"position\":4,\"name\":\"\\u00c9quipement Centrale D&#8217;asphalte\",\"item\":\"https:\/\/ttcmuhendislik.com\/en\/ttc-products\/asphalt-mixing-plant\/asphalt-plant-equipment\/\"},{\"@type\":\"ListItem\",\"position\":5,\"name\":\"Ascenseur D&#8217;agr\\u00e9gats\"}]}]}<\/script>\n<!-- \/ Yoast SEO plugin. -->","_links":{"self":[{"href":"https:\/\/ttcmuhendislik.com\/fr\/wp-json\/wp\/v2\/pages\/7023"}],"collection":[{"href":"https:\/\/ttcmuhendislik.com\/fr\/wp-json\/wp\/v2\/pages"}],"about":[{"href":"https:\/\/ttcmuhendislik.com\/fr\/wp-json\/wp\/v2\/types\/page"}],"author":[{"embeddable":true,"href":"https:\/\/ttcmuhendislik.com\/fr\/wp-json\/wp\/v2\/users\/2"}],"replies":[{"embeddable":true,"href":"https:\/\/ttcmuhendislik.com\/fr\/wp-json\/wp\/v2\/comments?post=7023"}],"version-history":[{"count":0,"href":"https:\/\/ttcmuhendislik.com\/fr\/wp-json\/wp\/v2\/pages\/7023\/revisions"}],"up":[{"embeddable":true,"href":"https:\/\/ttcmuhendislik.com\/fr\/wp-json\/wp\/v2\/pages\/6632"}],"wp:attachment":[{"href":"https:\/\/ttcmuhendislik.com\/fr\/wp-json\/wp\/v2\/media?parent=7023"}],"curies":[{"name":"wp","href":"https:\/\/api.w.org\/{rel}","templated":true}]}}