{"id":6394,"date":"2022-11-29T14:09:39","date_gmt":"2022-11-29T11:09:39","guid":{"rendered":"https:\/\/ttcmuhendislik.com\/?page_id=6394"},"modified":"2022-12-08T16:58:05","modified_gmt":"2022-12-08T13:58:05","slug":"tamis-de-deshydratation","status":"publish","type":"page","link":"https:\/\/ttcmuhendislik.com\/fr\/produits\/concassage-et-criblage\/equipement-de-laveur-dagregats\/tamis-de-deshydratation\/","title":{"rendered":"TAM\u0130S DE D\u00c9SHYDRATAT\u0130ON"},"content":{"rendered":"\t\t<div data-elementor-type=\"wp-page\" data-elementor-id=\"6394\" class=\"elementor elementor-6394 elementor-6391\" data-elementor-settings=\"[]\">\n\t\t\t\t\t\t\t<div class=\"elementor-section-wrap\">\n\t\t\t\t\t\t\t<section class=\"elementor-section elementor-top-section elementor-element elementor-element-d33c020 envato-kit-141-top-0 elementor-reverse-mobile elementor-section-boxed elementor-section-height-default elementor-section-height-default\" data-id=\"d33c020\" data-element_type=\"section\" data-settings=\"{&quot;background_background&quot;:&quot;classic&quot;}\">\n\t\t\t\t\t\t\t<div class=\"elementor-background-overlay\"><\/div>\n\t\t\t\t\t\t\t<div class=\"elementor-container elementor-column-gap-wider\">\n\t\t\t\t\t<div class=\"elementor-column elementor-col-50 elementor-top-column elementor-element elementor-element-6644df6\" data-id=\"6644df6\" data-element_type=\"column\" data-settings=\"{&quot;background_background&quot;:&quot;classic&quot;}\">\n\t\t\t<div class=\"elementor-widget-wrap elementor-element-populated\">\n\t\t\t\t\t\t\t\t<div class=\"elementor-element elementor-element-ab7ff63 elementor-widget elementor-widget-image\" data-id=\"ab7ff63\" data-element_type=\"widget\" data-widget_type=\"image.default\">\n\t\t\t\t<div class=\"elementor-widget-container\">\n\t\t\t\t\t\t\t\t\t\t\t\t\t\t\t<img wpfc-lazyload-disable=\"true\" width=\"1920\" height=\"1440\" src=\"https:\/\/ttcmuhendislik.com\/wp-content\/uploads\/2022\/12\/dewatering.jpg\" class=\"attachment-full size-full\" alt=\"\" loading=\"lazy\" srcset=\"https:\/\/ttcmuhendislik.com\/wp-content\/uploads\/2022\/12\/dewatering.jpg 1920w, https:\/\/ttcmuhendislik.com\/wp-content\/uploads\/2022\/12\/dewatering-300x225.jpg 300w, https:\/\/ttcmuhendislik.com\/wp-content\/uploads\/2022\/12\/dewatering-1024x768.jpg 1024w, https:\/\/ttcmuhendislik.com\/wp-content\/uploads\/2022\/12\/dewatering-768x576.jpg 768w, https:\/\/ttcmuhendislik.com\/wp-content\/uploads\/2022\/12\/dewatering-1536x1152.jpg 1536w\" sizes=\"(max-width: 1920px) 100vw, 1920px\" wpfc-lazyload-disable=\"true\" \/>\t\t\t\t\t\t\t\t\t\t\t\t\t\t\t<\/div>\n\t\t\t\t<\/div>\n\t\t\t\t\t<\/div>\n\t\t<\/div>\n\t\t\t\t<div class=\"elementor-column elementor-col-50 elementor-top-column elementor-element elementor-element-bd73d4e\" data-id=\"bd73d4e\" data-element_type=\"column\">\n\t\t\t<div class=\"elementor-widget-wrap elementor-element-populated\">\n\t\t\t\t\t\t\t\t<div class=\"elementor-element elementor-element-66b7c4e elementor-invisible elementor-widget elementor-widget-heading\" data-id=\"66b7c4e\" data-element_type=\"widget\" data-settings=\"{&quot;_animation&quot;:&quot;fadeIn&quot;}\" data-widget_type=\"heading.default\">\n\t\t\t\t<div class=\"elementor-widget-container\">\n\t\t\t<h5 class=\"elementor-heading-title elementor-size-medium\">TTC M\u00dcHEND\u0130SL\u0130K<\/h5>\t\t<\/div>\n\t\t\t\t<\/div>\n\t\t\t\t<div class=\"elementor-element elementor-element-2ff88de elementor-widget elementor-widget-heading\" data-id=\"2ff88de\" data-element_type=\"widget\" data-widget_type=\"heading.default\">\n\t\t\t\t<div class=\"elementor-widget-container\">\n\t\t\t<h2 class=\"elementor-heading-title elementor-size-xxl\">TAM\u0130S DE D\u00c9SHYDRATAT\u0130ON<\/h2>\t\t<\/div>\n\t\t\t\t<\/div>\n\t\t\t\t<div class=\"elementor-element elementor-element-6ee4c84 elementor-widget-divider--view-line elementor-widget elementor-widget-divider\" data-id=\"6ee4c84\" data-element_type=\"widget\" data-widget_type=\"divider.default\">\n\t\t\t\t<div class=\"elementor-widget-container\">\n\t\t\t\t\t<div class=\"elementor-divider\">\n\t\t\t<span class=\"elementor-divider-separator\">\n\t\t\t\t\t\t<\/span>\n\t\t<\/div>\n\t\t\t\t<\/div>\n\t\t\t\t<\/div>\n\t\t\t\t<div class=\"elementor-element elementor-element-f415656 elementor-widget elementor-widget-text-editor\" data-id=\"f415656\" data-element_type=\"widget\" data-widget_type=\"text-editor.default\">\n\t\t\t\t<div class=\"elementor-widget-container\">\n\t\t\t\t\t\t\t\t<p>Les tamis de d\u00e9shydratation sont des tamis vibrants qui sont utilis\u00e9s pour minimiser la grande quantit\u00e9 d&#8217;eau dans le sable lav\u00e9 et pour le purifier des mati\u00e8res organiques qui r\u00e9duisent la qualit\u00e9 du mat\u00e9riau. La diff\u00e9rence la plus importante par rapport aux cribles vibrants standard est qu&#8217;il fonctionne en angle invers\u00e9.<\/p><p>Les tamis de d\u00e9shydratation sont des \u00e9quipements tr\u00e8s importants pour les processus de lavage. Le mat\u00e9riau soumis au processus de lavage contient au moins vingt pour cent d&#8217;eau. Stocker ce mat\u00e9riau en vrac et attendre que l&#8217;eau s&#8217;\u00e9coule demande un temps assez long. Il peut m\u00eame \u00eatre n\u00e9cessaire d&#8217;arr\u00eater la plante pendant ce temps. Pour cette raison, il est n\u00e9cessaire d&#8217;\u00e9liminer l&#8217;eau du mat\u00e9riau lav\u00e9 dans les derni\u00e8res \u00e9tapes des processus de lavage. Les tamis de d\u00e9shydratation sont l&#8217;\u00e9quipement le plus efficace pour ce processus.<\/p><p>Le cadre du tamis est mont\u00e9 avec une pente ascendante vers la sortie. Avec le mouvement de vibration cr\u00e9\u00e9 par les vibromoteurs, le mat\u00e9riau se d\u00e9place vers le haut sur la surface du tamis en polyur\u00e9thane. Mais l&#8217;eau n&#8217;est pas incluse dans ce progr\u00e8s. L&#8217;eau filtr\u00e9e \u00e0 travers les mailles du tamis en polyur\u00e9thane et les fibres organiques solubles dans l&#8217;eau doivent \u00eatre s\u00e9par\u00e9es du sable. Ainsi, le mat\u00e9riau d\u00e9barrass\u00e9 de l&#8217;eau est obtenu. De plus, l&#8217;eau tamis\u00e9e est recycl\u00e9e et r\u00e9utilis\u00e9e dans le syst\u00e8me de lavage.<\/p>\t\t\t\t\t\t<\/div>\n\t\t\t\t<\/div>\n\t\t\t\t\t<\/div>\n\t\t<\/div>\n\t\t\t\t\t\t\t<\/div>\n\t\t<\/section>\n\t\t\t\t<section class=\"elementor-section elementor-top-section elementor-element elementor-element-8ef6c68 elementor-section-boxed elementor-section-height-default elementor-section-height-default\" data-id=\"8ef6c68\" data-element_type=\"section\" data-settings=\"{&quot;background_background&quot;:&quot;classic&quot;}\">\n\t\t\t\t\t\t\t<div class=\"elementor-background-overlay\"><\/div>\n\t\t\t\t\t\t\t<div class=\"elementor-container elementor-column-gap-default\">\n\t\t\t\t\t<div class=\"elementor-column elementor-col-100 elementor-top-column elementor-element elementor-element-96c493f\" data-id=\"96c493f\" data-element_type=\"column\">\n\t\t\t<div class=\"elementor-widget-wrap elementor-element-populated\">\n\t\t\t\t\t\t\t\t<div class=\"elementor-element elementor-element-69181ae elementor-hidden-desktop elementor-hidden-tablet elementor-hidden-phone elementor-widget elementor-widget-heading\" data-id=\"69181ae\" data-element_type=\"widget\" data-widget_type=\"heading.default\">\n\t\t\t\t<div class=\"elementor-widget-container\">\n\t\t\t<h3 class=\"elementor-heading-title elementor-size-default\">TTC ENGINEERING<\/h3>\t\t<\/div>\n\t\t\t\t<\/div>\n\t\t\t\t<div class=\"elementor-element elementor-element-2b8c53a elementor-widget elementor-widget-heading\" data-id=\"2b8c53a\" data-element_type=\"widget\" data-widget_type=\"heading.default\">\n\t\t\t\t<div class=\"elementor-widget-container\">\n\t\t\t<h2 class=\"elementor-heading-title elementor-size-default\">DEMANDEZ UNE OFFRE <\/h2>\t\t<\/div>\n\t\t\t\t<\/div>\n\t\t\t\t<div class=\"elementor-element elementor-element-4c03061 elementor-widget-divider--view-line elementor-widget elementor-widget-divider\" data-id=\"4c03061\" data-element_type=\"widget\" data-widget_type=\"divider.default\">\n\t\t\t\t<div class=\"elementor-widget-container\">\n\t\t\t\t\t<div class=\"elementor-divider\">\n\t\t\t<span class=\"elementor-divider-separator\">\n\t\t\t\t\t\t<\/span>\n\t\t<\/div>\n\t\t\t\t<\/div>\n\t\t\t\t<\/div>\n\t\t\t\t<section class=\"elementor-section elementor-inner-section elementor-element elementor-element-bbf8d5b elementor-section-boxed elementor-section-height-default elementor-section-height-default\" data-id=\"bbf8d5b\" data-element_type=\"section\">\n\t\t\t\t\t\t<div class=\"elementor-container elementor-column-gap-default\">\n\t\t\t\t\t<div class=\"elementor-column elementor-col-100 elementor-inner-column elementor-element elementor-element-ad19b2b\" data-id=\"ad19b2b\" data-element_type=\"column\">\n\t\t\t<div class=\"elementor-widget-wrap elementor-element-populated\">\n\t\t\t\t\t\t\t\t<div class=\"elementor-element elementor-element-40cc66a envato-kit-66-subscription-form elementor-button-align-center elementor-widget elementor-widget-form\" data-id=\"40cc66a\" data-element_type=\"widget\" data-settings=\"{&quot;step_next_label&quot;:&quot;Next&quot;,&quot;step_previous_label&quot;:&quot;Previous&quot;,&quot;button_width&quot;:&quot;100&quot;,&quot;step_type&quot;:&quot;number_text&quot;,&quot;step_icon_shape&quot;:&quot;circle&quot;}\" data-widget_type=\"form.default\">\n\t\t\t\t<div class=\"elementor-widget-container\">\n\t\t\t\t\t<form class=\"elementor-form\" method=\"post\" name=\"DEMANDEZ UNE OFFRE \">\n\t\t\t<input type=\"hidden\" name=\"post_id\" value=\"6394\"\/>\n\t\t\t<input type=\"hidden\" name=\"form_id\" value=\"40cc66a\"\/>\n\t\t\t<input type=\"hidden\" name=\"referer_title\" value=\"TTC M\u00fchendislik\" \/>\n\n\t\t\t\n\t\t\t<div class=\"elementor-form-fields-wrapper elementor-labels-\">\n\t\t\t\t\t\t\t\t<div class=\"elementor-field-type-text elementor-field-group elementor-column elementor-field-group-email elementor-col-100 elementor-field-required\">\n\t\t\t\t\t<label for=\"form-field-email\" class=\"elementor-field-label elementor-screen-only\">Nom et surnom (*)<\/label><input size=\"1\" type=\"text\" name=\"form_fields[email]\" id=\"form-field-email\" class=\"elementor-field elementor-size-md  elementor-field-textual\" placeholder=\"Nom et surnom (*)\" required=\"required\" aria-required=\"true\">\t\t\t\t<\/div>\n\t\t\t\t\t\t\t\t<div class=\"elementor-field-type-text elementor-field-group elementor-column elementor-field-group-field_9a03eb1 elementor-col-100\">\n\t\t\t\t\t<label for=\"form-field-field_9a03eb1\" class=\"elementor-field-label elementor-screen-only\">Le nom de votre soci\u00e9t\u00e9<\/label><input size=\"1\" type=\"text\" name=\"form_fields[field_9a03eb1]\" id=\"form-field-field_9a03eb1\" class=\"elementor-field elementor-size-md  elementor-field-textual\" placeholder=\"Le nom de votre soci\u00e9t\u00e9\">\t\t\t\t<\/div>\n\t\t\t\t\t\t\t\t<div class=\"elementor-field-type-email elementor-field-group elementor-column elementor-field-group-field_1bdc047 elementor-col-100 elementor-field-required\">\n\t\t\t\t\t<label for=\"form-field-field_1bdc047\" class=\"elementor-field-label elementor-screen-only\">Adresse e-mail (*)<\/label><input size=\"1\" type=\"email\" name=\"form_fields[field_1bdc047]\" id=\"form-field-field_1bdc047\" class=\"elementor-field elementor-size-md  elementor-field-textual\" placeholder=\"Adresse e-mail (*)\" required=\"required\" aria-required=\"true\">\t\t\t\t<\/div>\n\t\t\t\t\t\t\t\t<div class=\"elementor-field-type-tel elementor-field-group elementor-column elementor-field-group-field_0d473f0 elementor-col-100\">\n\t\t\t\t\t<label for=\"form-field-field_0d473f0\" class=\"elementor-field-label elementor-screen-only\">Votre num\u00e9ro de t\u00e9l\u00e9phone<\/label><input size=\"1\" type=\"tel\" name=\"form_fields[field_0d473f0]\" id=\"form-field-field_0d473f0\" class=\"elementor-field elementor-size-md  elementor-field-textual\" placeholder=\"Votre num\u00e9ro de t\u00e9l\u00e9phone\" pattern=\"[0-9()#&amp;+*-=.]+\" title=\"Only numbers and phone characters (#, -, *, etc) are accepted.\">\t\t\t\t<\/div>\n\t\t\t\t\t\t\t\t<div class=\"elementor-field-type-textarea elementor-field-group elementor-column elementor-field-group-field_913da00 elementor-col-100 elementor-field-required\">\n\t\t\t\t\t<label for=\"form-field-field_913da00\" class=\"elementor-field-label elementor-screen-only\">D\u00e9tails de votre demande d'offre (*)<\/label><textarea class=\"elementor-field-textual elementor-field  elementor-size-md\" name=\"form_fields[field_913da00]\" id=\"form-field-field_913da00\" rows=\"4\" placeholder=\"D\u00e9tails de votre demande d&#039;offre (*)\" required=\"required\" aria-required=\"true\"><\/textarea>\t\t\t\t<\/div>\n\t\t\t\t\t\t\t\t<div class=\"elementor-field-group elementor-column elementor-field-type-submit elementor-col-100 e-form__buttons\">\n\t\t\t\t\t<button type=\"submit\" class=\"elementor-button elementor-size-md\">\n\t\t\t\t\t\t<span >\n\t\t\t\t\t\t\t\t\t\t\t\t\t\t\t<span class=\" elementor-button-icon\">\n\t\t\t\t\t\t\t\t\t\t\t\t\t\t\t\t\t\t\t\t\t\t\t\t\t\t<\/span>\n\t\t\t\t\t\t\t\t\t\t\t\t\t\t\t\t\t\t\t\t\t\t<span class=\"elementor-button-text\">Demander une offre<\/span>\n\t\t\t\t\t\t\t\t\t\t\t\t\t<\/span>\n\t\t\t\t\t<\/button>\n\t\t\t\t<\/div>\n\t\t\t<\/div>\n\t\t<\/form>\n\t\t\t\t<\/div>\n\t\t\t\t<\/div>\n\t\t\t\t\t<\/div>\n\t\t<\/div>\n\t\t\t\t\t\t\t<\/div>\n\t\t<\/section>\n\t\t\t\t\t<\/div>\n\t\t<\/div>\n\t\t\t\t\t\t\t<\/div>\n\t\t<\/section>\n\t\t\t\t\t\t<\/div>\n\t\t\t\t\t<\/div>\n\t\t","protected":false},"excerpt":{"rendered":"<p>TTC M\u00dcHEND\u0130SL\u0130K TAM\u0130S DE D\u00c9SHYDRATAT\u0130ON Les tamis de d\u00e9shydratation sont des tamis vibrants qui sont utilis\u00e9s pour minimiser la grande quantit\u00e9 d&#8217;eau dans le sable lav\u00e9 et pour le purifier des mati\u00e8res organiques qui r\u00e9duisent la qualit\u00e9 du mat\u00e9riau. La diff\u00e9rence la plus importante par rapport aux cribles vibrants standard est qu&#8217;il fonctionne en angle [&hellip;]<\/p>\n","protected":false},"author":2,"featured_media":0,"parent":6123,"menu_order":0,"comment_status":"closed","ping_status":"closed","template":"","meta":[],"yoast_head":"<!-- This site is optimized with the Yoast SEO plugin v16.5 - https:\/\/yoast.com\/wordpress\/plugins\/seo\/ -->\n<title>TAM\u0130S DE D\u00c9SHYDRATAT\u0130ON - TTC M\u00fchendislik<\/title>\n<meta name=\"description\" content=\"Les tamis de d\u00e9shydratation sont des tamis vibrants qui sont utilis\u00e9s pour minimiser la grande quantit\u00e9 d&#039;eau dans le sable lav\u00e9 et pour le purifier des mati\u00e8res organiques qui r\u00e9duisent la qualit\u00e9 du mat\u00e9riau.\" \/>\n<meta name=\"robots\" content=\"index, follow, max-snippet:-1, max-image-preview:large, max-video-preview:-1\" \/>\n<link rel=\"canonical\" href=\"https:\/\/ttcmuhendislik.com\/fr\/urunler\/kirma-eleme\/yikama-ekipmanlari\/susuzlandirma-elegi\/\" \/>\n<meta property=\"og:locale\" content=\"fr_FR\" \/>\n<meta property=\"og:type\" content=\"article\" \/>\n<meta property=\"og:title\" content=\"TAM\u0130S DE D\u00c9SHYDRATAT\u0130ON - TTC M\u00fchendislik\" \/>\n<meta property=\"og:description\" content=\"Les tamis de d\u00e9shydratation sont des tamis vibrants qui sont utilis\u00e9s pour minimiser la grande quantit\u00e9 d&#039;eau dans le sable lav\u00e9 et pour le purifier des mati\u00e8res organiques qui r\u00e9duisent la qualit\u00e9 du mat\u00e9riau.\" \/>\n<meta property=\"og:url\" content=\"https:\/\/ttcmuhendislik.com\/urunler\/kirma-eleme\/yikama-ekipmanlari\/susuzlandirma-elegi\/\" \/>\n<meta property=\"og:site_name\" content=\"TTC M\u00fchendislik\" \/>\n<meta property=\"article:modified_time\" content=\"2022-12-08T13:58:05+00:00\" \/>\n<meta property=\"og:image\" content=\"https:\/\/ttcmuhendislik.com\/wp-content\/uploads\/2022\/12\/dewatering.jpg\" \/>\n<meta name=\"twitter:card\" content=\"summary_large_image\" \/>\n<meta name=\"twitter:label1\" content=\"Dur\u00e9e de lecture est.\" \/>\n\t<meta name=\"twitter:data1\" content=\"2 minutes\" \/>\n<script type=\"application\/ld+json\" class=\"yoast-schema-graph\">{\"@context\":\"https:\/\/schema.org\",\"@graph\":[{\"@type\":\"Organization\",\"@id\":\"https:\/\/ttcmuhendislik.com\/en\/#organization\",\"name\":\"TTC M\\u00fchendislik\",\"url\":\"https:\/\/ttcmuhendislik.com\/en\/\",\"sameAs\":[],\"logo\":{\"@type\":\"ImageObject\",\"@id\":\"https:\/\/ttcmuhendislik.com\/en\/#logo\",\"inLanguage\":\"fr-FR\",\"url\":\"https:\/\/ttcmuhendislik.com\/wp-content\/uploads\/2021\/04\/logo.png\",\"contentUrl\":\"https:\/\/ttcmuhendislik.com\/wp-content\/uploads\/2021\/04\/logo.png\",\"width\":440,\"height\":170,\"caption\":\"TTC M\\u00fchendislik\"},\"image\":{\"@id\":\"https:\/\/ttcmuhendislik.com\/en\/#logo\"}},{\"@type\":\"WebSite\",\"@id\":\"https:\/\/ttcmuhendislik.com\/en\/#website\",\"url\":\"https:\/\/ttcmuhendislik.com\/en\/\",\"name\":\"TTC M\\u00fchendislik\",\"description\":\"\",\"publisher\":{\"@id\":\"https:\/\/ttcmuhendislik.com\/en\/#organization\"},\"potentialAction\":[{\"@type\":\"SearchAction\",\"target\":\"https:\/\/ttcmuhendislik.com\/en\/?s={search_term_string}\",\"query-input\":\"required name=search_term_string\"}],\"inLanguage\":\"fr-FR\"},{\"@type\":\"ImageObject\",\"@id\":\"https:\/\/ttcmuhendislik.com\/urunler\/kirma-eleme\/yikama-ekipmanlari\/susuzlandirma-elegi\/#primaryimage\",\"inLanguage\":\"fr-FR\",\"url\":\"https:\/\/ttcmuhendislik.com\/wp-content\/uploads\/2022\/12\/dewatering.jpg\",\"contentUrl\":\"https:\/\/ttcmuhendislik.com\/wp-content\/uploads\/2022\/12\/dewatering.jpg\",\"width\":1920,\"height\":1440},{\"@type\":\"WebPage\",\"@id\":\"https:\/\/ttcmuhendislik.com\/urunler\/kirma-eleme\/yikama-ekipmanlari\/susuzlandirma-elegi\/#webpage\",\"url\":\"https:\/\/ttcmuhendislik.com\/urunler\/kirma-eleme\/yikama-ekipmanlari\/susuzlandirma-elegi\/\",\"name\":\"TAM\\u0130S DE D\\u00c9SHYDRATAT\\u0130ON - TTC M\\u00fchendislik\",\"isPartOf\":{\"@id\":\"https:\/\/ttcmuhendislik.com\/en\/#website\"},\"primaryImageOfPage\":{\"@id\":\"https:\/\/ttcmuhendislik.com\/urunler\/kirma-eleme\/yikama-ekipmanlari\/susuzlandirma-elegi\/#primaryimage\"},\"datePublished\":\"2022-11-29T11:09:39+00:00\",\"dateModified\":\"2022-12-08T13:58:05+00:00\",\"description\":\"Les tamis de d\\u00e9shydratation sont des tamis vibrants qui sont utilis\\u00e9s pour minimiser la grande quantit\\u00e9 d'eau dans le sable lav\\u00e9 et pour le purifier des mati\\u00e8res organiques qui r\\u00e9duisent la qualit\\u00e9 du mat\\u00e9riau.\",\"breadcrumb\":{\"@id\":\"https:\/\/ttcmuhendislik.com\/urunler\/kirma-eleme\/yikama-ekipmanlari\/susuzlandirma-elegi\/#breadcrumb\"},\"inLanguage\":\"fr-FR\",\"potentialAction\":[{\"@type\":\"ReadAction\",\"target\":[\"https:\/\/ttcmuhendislik.com\/urunler\/kirma-eleme\/yikama-ekipmanlari\/susuzlandirma-elegi\/\"]}]},{\"@type\":\"BreadcrumbList\",\"@id\":\"https:\/\/ttcmuhendislik.com\/urunler\/kirma-eleme\/yikama-ekipmanlari\/susuzlandirma-elegi\/#breadcrumb\",\"itemListElement\":[{\"@type\":\"ListItem\",\"position\":1,\"name\":\"Anasayfa\",\"item\":\"https:\/\/ttcmuhendislik.com\/\"},{\"@type\":\"ListItem\",\"position\":2,\"name\":\"Nos Produits\",\"item\":\"https:\/\/ttcmuhendislik.com\/fr\/produits\/\"},{\"@type\":\"ListItem\",\"position\":3,\"name\":\"Centrale de Concassage Et Criblage\",\"item\":\"https:\/\/ttcmuhendislik.com\/ru\/%d0%bd%d0%b0%d1%88%d0%b8-%d0%bf%d1%80%d0%be%d0%b4%d1%83%d0%ba%d1%82%d1%8b\/%d0%b4%d1%80%d0%be%d0%b1%d0%bb%d0%b5%d0%bd%d0%b8%d0%b5-%d0%b8-%d1%81%d0%be%d1%80%d1%82%d0%b8%d1%80%d0%be%d0%b2%d0%ba%d0%b0\/\"},{\"@type\":\"ListItem\",\"position\":4,\"name\":\"Equipement de Laveur D&#8217;agr\\u00e9gats\",\"item\":\"https:\/\/ttcmuhendislik.com\/urunler\/kirma-eleme\/yikama-ekipmanlari\/\"},{\"@type\":\"ListItem\",\"position\":5,\"name\":\"TAM\\u0130S DE D\\u00c9SHYDRATAT\\u0130ON\"}]}]}<\/script>\n<!-- \/ Yoast SEO plugin. -->","_links":{"self":[{"href":"https:\/\/ttcmuhendislik.com\/fr\/wp-json\/wp\/v2\/pages\/6394"}],"collection":[{"href":"https:\/\/ttcmuhendislik.com\/fr\/wp-json\/wp\/v2\/pages"}],"about":[{"href":"https:\/\/ttcmuhendislik.com\/fr\/wp-json\/wp\/v2\/types\/page"}],"author":[{"embeddable":true,"href":"https:\/\/ttcmuhendislik.com\/fr\/wp-json\/wp\/v2\/users\/2"}],"replies":[{"embeddable":true,"href":"https:\/\/ttcmuhendislik.com\/fr\/wp-json\/wp\/v2\/comments?post=6394"}],"version-history":[{"count":0,"href":"https:\/\/ttcmuhendislik.com\/fr\/wp-json\/wp\/v2\/pages\/6394\/revisions"}],"up":[{"embeddable":true,"href":"https:\/\/ttcmuhendislik.com\/fr\/wp-json\/wp\/v2\/pages\/6123"}],"wp:attachment":[{"href":"https:\/\/ttcmuhendislik.com\/fr\/wp-json\/wp\/v2\/media?parent=6394"}],"curies":[{"name":"wp","href":"https:\/\/api.w.org\/{rel}","templated":true}]}}