{"id":3455,"date":"2021-05-17T00:04:31","date_gmt":"2021-05-16T21:04:31","guid":{"rendered":"https:\/\/ttcmuhendislik.com\/ttc-urun-kategori\/cribles\/"},"modified":"2023-10-27T11:17:31","modified_gmt":"2023-10-27T08:17:31","slug":"tamis-vibrant","status":"publish","type":"page","link":"https:\/\/ttcmuhendislik.com\/fr\/produits\/concassage-et-criblage\/tamis-vibrant\/","title":{"rendered":"Tamis Vibrant"},"content":{"rendered":"\t\t<div data-elementor-type=\"wp-page\" data-elementor-id=\"3455\" class=\"elementor elementor-3455 elementor-1623\" data-elementor-settings=\"[]\">\n\t\t\t\t\t\t\t<div class=\"elementor-section-wrap\">\n\t\t\t\t\t\t\t<section class=\"elementor-section elementor-top-section elementor-element elementor-element-25d9c16 elementor-section-content-top elementor-section-boxed elementor-section-height-default elementor-section-height-default\" data-id=\"25d9c16\" data-element_type=\"section\">\n\t\t\t\t\t\t<div class=\"elementor-container elementor-column-gap-narrow\">\n\t\t\t\t\t<div class=\"elementor-column elementor-col-25 elementor-top-column elementor-element elementor-element-8c782ac\" data-id=\"8c782ac\" data-element_type=\"column\">\n\t\t\t<div class=\"elementor-widget-wrap elementor-element-populated\">\n\t\t\t\t\t\t\t\t<div class=\"elementor-element elementor-element-c0ef332 elementor-widget elementor-widget-heading\" data-id=\"c0ef332\" data-element_type=\"widget\" data-widget_type=\"heading.default\">\n\t\t\t\t<div class=\"elementor-widget-container\">\n\t\t\t<h6 class=\"elementor-heading-title elementor-size-default\"><a href=\"https:\/\/ttcmuhendislik.com\/fr\/produits\/concassage-et-criblage\/\">Concassage, Criblage<\/a><\/h6>\t\t<\/div>\n\t\t\t\t<\/div>\n\t\t\t\t<div class=\"elementor-element elementor-element-f979cf6 elementor-tablet-align-center elementor-widget__width-auto elementor-widget-tablet__width-inherit elementor-icon-list--layout-traditional elementor-list-item-link-full_width elementor-widget elementor-widget-icon-list\" data-id=\"f979cf6\" data-element_type=\"widget\" data-widget_type=\"icon-list.default\">\n\t\t\t\t<div class=\"elementor-widget-container\">\n\t\t\t\t\t<ul class=\"elementor-icon-list-items\">\n\t\t\t\t\t\t\t<li class=\"elementor-icon-list-item\">\n\t\t\t\t\t<a href=\"https:\/\/ttcmuhendislik.com\/fr\/produits\/concassage-et-criblage\/installation-concassage-et-criblage\/\">\t\t\t\t\t<span class=\"elementor-icon-list-text\">CONCASSAGE ET CRIBLAGE<\/span>\n\t\t\t\t\t\t\t\t\t\t\t<\/a>\n\t\t\t\t\t\t\t\t\t<\/li>\n\t\t\t\t\t\t\t\t<li class=\"elementor-icon-list-item\">\n\t\t\t\t\t<a href=\"https:\/\/ttcmuhendislik.com\/fr\/produits\/concassage-et-criblage\/unites-mobiles\/\">\t\t\t\t\t<span class=\"elementor-icon-list-text\">Unit\u00e9s mobiles<\/span>\n\t\t\t\t\t\t\t\t\t\t\t<\/a>\n\t\t\t\t\t\t\t\t\t<\/li>\n\t\t\t\t\t\t\t\t<li class=\"elementor-icon-list-item\">\n\t\t\t\t\t<a href=\"https:\/\/ttcmuhendislik.com\/fr\/produits\/concassage-et-criblage\/concasseurs\/\">\t\t\t\t\t<span class=\"elementor-icon-list-text\"> Concasseurs<\/span>\n\t\t\t\t\t\t\t\t\t\t\t<\/a>\n\t\t\t\t\t\t\t\t\t<\/li>\n\t\t\t\t\t\t\t\t<li class=\"elementor-icon-list-item\">\n\t\t\t\t\t<a href=\"https:\/\/ttcmuhendislik.com\/fr\/produits\/concassage-et-criblage\/tamis-vibrant\/\">\t\t\t\t\t<span class=\"elementor-icon-list-text\"> Tamis Vibrant<\/span>\n\t\t\t\t\t\t\t\t\t\t\t<\/a>\n\t\t\t\t\t\t\t\t\t<\/li>\n\t\t\t\t\t\t\t\t<li class=\"elementor-icon-list-item\">\n\t\t\t\t\t<a href=\"https:\/\/ttcmuhendislik.com\/fr\/produits\/concassage-et-criblage\/alimentateurs\/\">\t\t\t\t\t<span class=\"elementor-icon-list-text\">Alimentateur<\/span>\n\t\t\t\t\t\t\t\t\t\t\t<\/a>\n\t\t\t\t\t\t\t\t\t<\/li>\n\t\t\t\t\t\t\t\t<li class=\"elementor-icon-list-item\">\n\t\t\t\t\t<a href=\"https:\/\/ttcmuhendislik.com\/fr\/produits\/concassage-et-criblage\/conveyour\/\">\t\t\t\t\t<span class=\"elementor-icon-list-text\"> Conveyour<\/span>\n\t\t\t\t\t\t\t\t\t\t\t<\/a>\n\t\t\t\t\t\t\t\t\t<\/li>\n\t\t\t\t\t\t\t\t<li class=\"elementor-icon-list-item\">\n\t\t\t\t\t<a href=\"https:\/\/ttcmuhendislik.com\/fr\/produits\/concassage-et-criblage\/bunker\/\">\t\t\t\t\t<span class=\"elementor-icon-list-text\">Bunker<\/span>\n\t\t\t\t\t\t\t\t\t\t\t<\/a>\n\t\t\t\t\t\t\t\t\t<\/li>\n\t\t\t\t\t\t\t\t<li class=\"elementor-icon-list-item\">\n\t\t\t\t\t<a href=\"https:\/\/ttcmuhendislik.com\/fr\/produits\/concassage-et-criblage\/equipement-de-laveur-dagregats\/\">\t\t\t\t\t<span class=\"elementor-icon-list-text\">Equipement de Laveur D\u2019agr\u00e9gats<\/span>\n\t\t\t\t\t\t\t\t\t\t\t<\/a>\n\t\t\t\t\t\t\t\t\t<\/li>\n\t\t\t\t\t\t<\/ul>\n\t\t\t\t<\/div>\n\t\t\t\t<\/div>\n\t\t\t\t<div class=\"elementor-element elementor-element-5ad0bec elementor-widget elementor-widget-heading\" data-id=\"5ad0bec\" data-element_type=\"widget\" data-widget_type=\"heading.default\">\n\t\t\t\t<div class=\"elementor-widget-container\">\n\t\t\t<h6 class=\"elementor-heading-title elementor-size-default\"><a href=\"https:\/\/ttcmuhendislik.com\/fr\/produits\/central-beton\/\">Centrale \u00e2 Beton<\/a><\/h6>\t\t<\/div>\n\t\t\t\t<\/div>\n\t\t\t\t<div class=\"elementor-element elementor-element-d22202e elementor-widget elementor-widget-heading\" data-id=\"d22202e\" data-element_type=\"widget\" data-widget_type=\"heading.default\">\n\t\t\t\t<div class=\"elementor-widget-container\">\n\t\t\t<h6 class=\"elementor-heading-title elementor-size-default\"><a href=\"https:\/\/ttcmuhendislik.com\/fr\/produits\/centrale-denrobage\/\">Centrale D'enrobage<\/a><\/h6>\t\t<\/div>\n\t\t\t\t<\/div>\n\t\t\t\t\t<\/div>\n\t\t<\/div>\n\t\t\t\t<div class=\"elementor-column elementor-col-25 elementor-top-column elementor-element elementor-element-36ed162\" data-id=\"36ed162\" data-element_type=\"column\">\n\t\t\t<div class=\"elementor-widget-wrap elementor-element-populated\">\n\t\t\t\t\t\t\t\t<div class=\"elementor-element elementor-element-58a423f elementor-flip-box--effect-fade elementor-invisible elementor-widget elementor-widget-flip-box\" data-id=\"58a423f\" data-element_type=\"widget\" data-settings=\"{&quot;_animation&quot;:&quot;slideInDown&quot;}\" data-widget_type=\"flip-box.default\">\n\t\t\t\t<div class=\"elementor-widget-container\">\n\t\t\t\t\t<div class=\"elementor-flip-box\">\n\t\t\t<div class=\"elementor-flip-box__layer elementor-flip-box__front\">\n\t\t\t\t<div class=\"elementor-flip-box__layer__overlay\">\n\t\t\t\t\t<div class=\"elementor-flip-box__layer__inner\">\n\t\t\t\t\t\t\n\t\t\t\t\t\t\t\t\t\t\t\t\t<h3 class=\"elementor-flip-box__layer__title\">\n\t\t\t\t\t\t\t\tINCLIN\u00c9E\t\t\t\t\t\t\t<\/h3>\n\t\t\t\t\t\t\n\t\t\t\t\t\t\t\t\t\t\t\t\t<div class=\"elementor-flip-box__layer__description\">\n\t\t\t\t\t\t\t\tCRIBLE VIBRANT\t\t\t\t\t\t\t<\/div>\n\t\t\t\t\t\t\t\t\t\t\t<\/div>\n\t\t\t\t<\/div>\n\t\t\t<\/div>\n\t\t\t<a class=\"elementor-flip-box__layer elementor-flip-box__back\" href=\"https:\/\/ttcmuhendislik.com\/fr\/produits\/concassage-et-criblage\/tamis-vibrant\/tamis-vibrants-incline\/\">\n\t\t\t<div class=\"elementor-flip-box__layer__overlay\">\n\t\t\t\t<div class=\"elementor-flip-box__layer__inner\">\n\t\t\t\t\t\t\t\t\t\t\t<h3 class=\"elementor-flip-box__layer__title\">\n\t\t\t\t\t\t\tINCLIN\u00c9E\t\t\t\t\t\t<\/h3>\n\t\t\t\t\t\n\t\t\t\t\t\t\t\t\t\t\t<div class=\"elementor-flip-box__layer__description\">\n\t\t\t\t\t\t\tCRIBLE VIBRANT\t\t\t\t\t\t<\/div>\n\t\t\t\t\t\n\t\t\t\t\t\t\t\t<\/div>\n\t\t<\/div>\n\t\t<\/a>\n\t\t<\/div>\n\t\t\t\t<\/div>\n\t\t\t\t<\/div>\n\t\t\t\t\t<\/div>\n\t\t<\/div>\n\t\t\t\t<div class=\"elementor-column elementor-col-25 elementor-top-column elementor-element elementor-element-876b79d\" data-id=\"876b79d\" data-element_type=\"column\">\n\t\t\t<div class=\"elementor-widget-wrap elementor-element-populated\">\n\t\t\t\t\t\t\t\t<div class=\"elementor-element elementor-element-332921d elementor-flip-box--effect-fade elementor-invisible elementor-widget elementor-widget-flip-box\" data-id=\"332921d\" data-element_type=\"widget\" data-settings=\"{&quot;_animation&quot;:&quot;slideInDown&quot;}\" data-widget_type=\"flip-box.default\">\n\t\t\t\t<div class=\"elementor-widget-container\">\n\t\t\t\t\t<div class=\"elementor-flip-box\">\n\t\t\t<div class=\"elementor-flip-box__layer elementor-flip-box__front\">\n\t\t\t\t<div class=\"elementor-flip-box__layer__overlay\">\n\t\t\t\t\t<div class=\"elementor-flip-box__layer__inner\">\n\t\t\t\t\t\t\n\t\t\t\t\t\t\t\t\t\t\t\t\t<h3 class=\"elementor-flip-box__layer__title\">\n\t\t\t\t\t\t\t\tHORIZONTALE\t\t\t\t\t\t\t<\/h3>\n\t\t\t\t\t\t\n\t\t\t\t\t\t\t\t\t\t\t\t\t<div class=\"elementor-flip-box__layer__description\">\n\t\t\t\t\t\t\t\tCRIBLE VIBRANT\t\t\t\t\t\t\t<\/div>\n\t\t\t\t\t\t\t\t\t\t\t<\/div>\n\t\t\t\t<\/div>\n\t\t\t<\/div>\n\t\t\t<a class=\"elementor-flip-box__layer elementor-flip-box__back\" href=\"https:\/\/ttcmuhendislik.com\/fr\/produits\/concassage-et-criblage\/tamis-vibrant\/tamis-horizontal\/\">\n\t\t\t<div class=\"elementor-flip-box__layer__overlay\">\n\t\t\t\t<div class=\"elementor-flip-box__layer__inner\">\n\t\t\t\t\t\t\t\t\t\t\t<h3 class=\"elementor-flip-box__layer__title\">\n\t\t\t\t\t\t\tHORIZONTALE\t\t\t\t\t\t<\/h3>\n\t\t\t\t\t\n\t\t\t\t\t\t\t\t\t\t\t<div class=\"elementor-flip-box__layer__description\">\n\t\t\t\t\t\t\tCRIBLE VIBRANT\t\t\t\t\t\t<\/div>\n\t\t\t\t\t\n\t\t\t\t\t\t\t\t<\/div>\n\t\t<\/div>\n\t\t<\/a>\n\t\t<\/div>\n\t\t\t\t<\/div>\n\t\t\t\t<\/div>\n\t\t\t\t\t<\/div>\n\t\t<\/div>\n\t\t\t\t<div class=\"elementor-column elementor-col-25 elementor-top-column elementor-element elementor-element-f609808\" data-id=\"f609808\" data-element_type=\"column\">\n\t\t\t<div class=\"elementor-widget-wrap elementor-element-populated\">\n\t\t\t\t\t\t\t\t<div class=\"elementor-element elementor-element-6b8f195 elementor-flip-box--effect-fade elementor-invisible elementor-widget elementor-widget-flip-box\" data-id=\"6b8f195\" data-element_type=\"widget\" data-settings=\"{&quot;_animation&quot;:&quot;slideInDown&quot;}\" data-widget_type=\"flip-box.default\">\n\t\t\t\t<div class=\"elementor-widget-container\">\n\t\t\t\t\t<div class=\"elementor-flip-box\">\n\t\t\t<div class=\"elementor-flip-box__layer elementor-flip-box__front\">\n\t\t\t\t<div class=\"elementor-flip-box__layer__overlay\">\n\t\t\t\t\t<div class=\"elementor-flip-box__layer__inner\">\n\t\t\t\t\t\t\n\t\t\t\t\t\t\t\t\t\t\t\t\t<h3 class=\"elementor-flip-box__layer__title\">\n\t\t\t\t\t\t\t\tSCALPEUR\t\t\t\t\t\t\t<\/h3>\n\t\t\t\t\t\t\n\t\t\t\t\t\t\t\t\t\t\t\t\t<div class=\"elementor-flip-box__layer__description\">\n\t\t\t\t\t\t\t\tCRIBLE VIBRANT\t\t\t\t\t\t\t<\/div>\n\t\t\t\t\t\t\t\t\t\t\t<\/div>\n\t\t\t\t<\/div>\n\t\t\t<\/div>\n\t\t\t<a class=\"elementor-flip-box__layer elementor-flip-box__back\" href=\"https:\/\/ttcmuhendislik.com\/fr\/produits\/concassage-et-criblage\/tamis-vibrant\/tamis-a-grille\/\">\n\t\t\t<div class=\"elementor-flip-box__layer__overlay\">\n\t\t\t\t<div class=\"elementor-flip-box__layer__inner\">\n\t\t\t\t\t\t\t\t\t\t\t<h3 class=\"elementor-flip-box__layer__title\">\n\t\t\t\t\t\t\tSCALPEUR\t\t\t\t\t\t<\/h3>\n\t\t\t\t\t\n\t\t\t\t\t\t\t\t\t\t\t<div class=\"elementor-flip-box__layer__description\">\n\t\t\t\t\t\t\tCRIBLE VIBRANT\t\t\t\t\t\t<\/div>\n\t\t\t\t\t\n\t\t\t\t\t\t\t\t<\/div>\n\t\t<\/div>\n\t\t<\/a>\n\t\t<\/div>\n\t\t\t\t<\/div>\n\t\t\t\t<\/div>\n\t\t\t\t\t<\/div>\n\t\t<\/div>\n\t\t\t\t\t\t\t<\/div>\n\t\t<\/section>\n\t\t\t\t\t\t<\/div>\n\t\t\t\t\t<\/div>\n\t\t","protected":false},"excerpt":{"rendered":"<p>Concassage, Criblage CONCASSAGE ET CRIBLAGE Unit\u00e9s mobiles Concasseurs Tamis Vibrant Alimentateur Conveyour Bunker Equipement de Laveur D\u2019agr\u00e9gats Centrale \u00e2 Beton Centrale D&#8217;enrobage INCLIN\u00c9E CRIBLE VIBRANT INCLIN\u00c9E CRIBLE VIBRANT HORIZONTALE CRIBLE VIBRANT HORIZONTALE CRIBLE VIBRANT SCALPEUR CRIBLE VIBRANT SCALPEUR CRIBLE VIBRANT<\/p>\n","protected":false},"author":1,"featured_media":0,"parent":3471,"menu_order":0,"comment_status":"closed","ping_status":"closed","template":"","meta":[],"yoast_head":"<!-- This site is optimized with the Yoast SEO plugin v16.5 - https:\/\/yoast.com\/wordpress\/plugins\/seo\/ -->\n<title>Tamis Vibrant - TTC M\u00fchendislik<\/title>\n<meta name=\"description\" content=\"Le tamis vibrant entreprend la t\u00e2che la plus importante du processus de concassage et de criblage. La performance des \u00e9quipements impliqu\u00e9s dans la phase de classification est le principal d\u00e9terminant de l&#039;efficacit\u00e9 de l&#039;ensemble du processus.\" \/>\n<meta name=\"robots\" content=\"index, follow, max-snippet:-1, max-image-preview:large, max-video-preview:-1\" \/>\n<link rel=\"canonical\" href=\"https:\/\/ttcmuhendislik.com\/fr\/urunler\/kirma-eleme\/elekler\/\" \/>\n<meta property=\"og:locale\" content=\"fr_FR\" \/>\n<meta property=\"og:type\" content=\"article\" \/>\n<meta property=\"og:title\" content=\"Tamis Vibrant - TTC M\u00fchendislik\" \/>\n<meta property=\"og:description\" content=\"Le tamis vibrant entreprend la t\u00e2che la plus importante du processus de concassage et de criblage. La performance des \u00e9quipements impliqu\u00e9s dans la phase de classification est le principal d\u00e9terminant de l&#039;efficacit\u00e9 de l&#039;ensemble du processus.\" \/>\n<meta property=\"og:url\" content=\"https:\/\/ttcmuhendislik.com\/urunler\/kirma-eleme\/elekler\/\" \/>\n<meta property=\"og:site_name\" content=\"TTC M\u00fchendislik\" \/>\n<meta property=\"article:modified_time\" content=\"2023-10-27T08:17:31+00:00\" \/>\n<meta name=\"twitter:card\" content=\"summary_large_image\" \/>\n<meta name=\"twitter:label1\" content=\"Dur\u00e9e de lecture est.\" \/>\n\t<meta name=\"twitter:data1\" content=\"1 minute\" \/>\n<script type=\"application\/ld+json\" class=\"yoast-schema-graph\">{\"@context\":\"https:\/\/schema.org\",\"@graph\":[{\"@type\":\"Organization\",\"@id\":\"https:\/\/ttcmuhendislik.com\/en\/#organization\",\"name\":\"TTC M\\u00fchendislik\",\"url\":\"https:\/\/ttcmuhendislik.com\/en\/\",\"sameAs\":[],\"logo\":{\"@type\":\"ImageObject\",\"@id\":\"https:\/\/ttcmuhendislik.com\/en\/#logo\",\"inLanguage\":\"fr-FR\",\"url\":\"https:\/\/ttcmuhendislik.com\/wp-content\/uploads\/2021\/04\/logo.png\",\"contentUrl\":\"https:\/\/ttcmuhendislik.com\/wp-content\/uploads\/2021\/04\/logo.png\",\"width\":440,\"height\":170,\"caption\":\"TTC M\\u00fchendislik\"},\"image\":{\"@id\":\"https:\/\/ttcmuhendislik.com\/en\/#logo\"}},{\"@type\":\"WebSite\",\"@id\":\"https:\/\/ttcmuhendislik.com\/en\/#website\",\"url\":\"https:\/\/ttcmuhendislik.com\/en\/\",\"name\":\"TTC M\\u00fchendislik\",\"description\":\"\",\"publisher\":{\"@id\":\"https:\/\/ttcmuhendislik.com\/en\/#organization\"},\"potentialAction\":[{\"@type\":\"SearchAction\",\"target\":\"https:\/\/ttcmuhendislik.com\/en\/?s={search_term_string}\",\"query-input\":\"required name=search_term_string\"}],\"inLanguage\":\"fr-FR\"},{\"@type\":\"WebPage\",\"@id\":\"https:\/\/ttcmuhendislik.com\/urunler\/kirma-eleme\/elekler\/#webpage\",\"url\":\"https:\/\/ttcmuhendislik.com\/urunler\/kirma-eleme\/elekler\/\",\"name\":\"Tamis Vibrant - TTC M\\u00fchendislik\",\"isPartOf\":{\"@id\":\"https:\/\/ttcmuhendislik.com\/en\/#website\"},\"datePublished\":\"2021-05-16T21:04:31+00:00\",\"dateModified\":\"2023-10-27T08:17:31+00:00\",\"description\":\"Le tamis vibrant entreprend la t\\u00e2che la plus importante du processus de concassage et de criblage. La performance des \\u00e9quipements impliqu\\u00e9s dans la phase de classification est le principal d\\u00e9terminant de l'efficacit\\u00e9 de l'ensemble du processus.\",\"breadcrumb\":{\"@id\":\"https:\/\/ttcmuhendislik.com\/urunler\/kirma-eleme\/elekler\/#breadcrumb\"},\"inLanguage\":\"fr-FR\",\"potentialAction\":[{\"@type\":\"ReadAction\",\"target\":[\"https:\/\/ttcmuhendislik.com\/urunler\/kirma-eleme\/elekler\/\"]}]},{\"@type\":\"BreadcrumbList\",\"@id\":\"https:\/\/ttcmuhendislik.com\/urunler\/kirma-eleme\/elekler\/#breadcrumb\",\"itemListElement\":[{\"@type\":\"ListItem\",\"position\":1,\"name\":\"Anasayfa\",\"item\":\"https:\/\/ttcmuhendislik.com\/\"},{\"@type\":\"ListItem\",\"position\":2,\"name\":\"Nos Produits\",\"item\":\"https:\/\/ttcmuhendislik.com\/fr\/produits\/\"},{\"@type\":\"ListItem\",\"position\":3,\"name\":\"Centrale de Concassage Et Criblage\",\"item\":\"https:\/\/ttcmuhendislik.com\/ru\/%d0%bd%d0%b0%d1%88%d0%b8-%d0%bf%d1%80%d0%be%d0%b4%d1%83%d0%ba%d1%82%d1%8b\/%d0%b4%d1%80%d0%be%d0%b1%d0%bb%d0%b5%d0%bd%d0%b8%d0%b5-%d0%b8-%d1%81%d0%be%d1%80%d1%82%d0%b8%d1%80%d0%be%d0%b2%d0%ba%d0%b0\/\"},{\"@type\":\"ListItem\",\"position\":4,\"name\":\"Tamis Vibrant\"}]}]}<\/script>\n<!-- \/ Yoast SEO plugin. -->","_links":{"self":[{"href":"https:\/\/ttcmuhendislik.com\/fr\/wp-json\/wp\/v2\/pages\/3455"}],"collection":[{"href":"https:\/\/ttcmuhendislik.com\/fr\/wp-json\/wp\/v2\/pages"}],"about":[{"href":"https:\/\/ttcmuhendislik.com\/fr\/wp-json\/wp\/v2\/types\/page"}],"author":[{"embeddable":true,"href":"https:\/\/ttcmuhendislik.com\/fr\/wp-json\/wp\/v2\/users\/1"}],"replies":[{"embeddable":true,"href":"https:\/\/ttcmuhendislik.com\/fr\/wp-json\/wp\/v2\/comments?post=3455"}],"version-history":[{"count":0,"href":"https:\/\/ttcmuhendislik.com\/fr\/wp-json\/wp\/v2\/pages\/3455\/revisions"}],"up":[{"embeddable":true,"href":"https:\/\/ttcmuhendislik.com\/fr\/wp-json\/wp\/v2\/pages\/3471"}],"wp:attachment":[{"href":"https:\/\/ttcmuhendislik.com\/fr\/wp-json\/wp\/v2\/media?parent=3455"}],"curies":[{"name":"wp","href":"https:\/\/api.w.org\/{rel}","templated":true}]}}