{"id":13101,"date":"2023-11-15T10:04:25","date_gmt":"2023-11-15T07:04:25","guid":{"rendered":"https:\/\/ttcmuhendislik.com\/produits\/concassage-et-criblage\/unites-mobiles\/unite-de-concassage-mobile-avec-concasseur-a-machoires\/"},"modified":"2023-11-15T10:06:40","modified_gmt":"2023-11-15T07:06:40","slug":"unite-de-concassage-mobile-avec-concasseur-a-machoires","status":"publish","type":"page","link":"https:\/\/ttcmuhendislik.com\/fr\/produits\/concassage-et-criblage\/unites-mobiles\/unite-de-concassage-mobile-avec-concasseur-a-machoires\/","title":{"rendered":"Unit\u00e9 de Concassage Mobile Avec Concasseur \u00e0 M\u00e2choires"},"content":{"rendered":"\t\t<div data-elementor-type=\"wp-page\" data-elementor-id=\"13101\" class=\"elementor elementor-13101 elementor-13042\" data-elementor-settings=\"[]\">\n\t\t\t\t\t\t\t<div class=\"elementor-section-wrap\">\n\t\t\t\t\t\t\t<section class=\"elementor-section elementor-top-section elementor-element elementor-element-7cb6571 envato-kit-141-top-0 elementor-reverse-mobile elementor-section-boxed elementor-section-height-default elementor-section-height-default\" data-id=\"7cb6571\" data-element_type=\"section\" data-settings=\"{&quot;background_background&quot;:&quot;classic&quot;}\">\n\t\t\t\t\t\t\t<div class=\"elementor-background-overlay\"><\/div>\n\t\t\t\t\t\t\t<div class=\"elementor-container elementor-column-gap-wider\">\n\t\t\t\t\t<div class=\"elementor-column elementor-col-50 elementor-top-column elementor-element elementor-element-d0e1ab3\" data-id=\"d0e1ab3\" data-element_type=\"column\" data-settings=\"{&quot;background_background&quot;:&quot;classic&quot;}\">\n\t\t\t<div class=\"elementor-widget-wrap elementor-element-populated\">\n\t\t\t\t\t\t\t\t<div class=\"elementor-element elementor-element-ab7b8a0 elementor-widget elementor-widget-image\" data-id=\"ab7b8a0\" data-element_type=\"widget\" data-widget_type=\"image.default\">\n\t\t\t\t<div class=\"elementor-widget-container\">\n\t\t\t\t\t\t\t\t\t\t\t\t\t\t\t<img wpfc-lazyload-disable=\"true\" width=\"1008\" height=\"756\" src=\"https:\/\/ttcmuhendislik.com\/wp-content\/uploads\/2023\/10\/mobil-ceneli.jpg\" class=\"attachment-full size-full\" alt=\"\" loading=\"lazy\" srcset=\"https:\/\/ttcmuhendislik.com\/wp-content\/uploads\/2023\/10\/mobil-ceneli.jpg 1008w, https:\/\/ttcmuhendislik.com\/wp-content\/uploads\/2023\/10\/mobil-ceneli-300x225.jpg 300w, https:\/\/ttcmuhendislik.com\/wp-content\/uploads\/2023\/10\/mobil-ceneli-768x576.jpg 768w\" sizes=\"(max-width: 1008px) 100vw, 1008px\" wpfc-lazyload-disable=\"true\" \/>\t\t\t\t\t\t\t\t\t\t\t\t\t\t\t<\/div>\n\t\t\t\t<\/div>\n\t\t\t\t\t<\/div>\n\t\t<\/div>\n\t\t\t\t<div class=\"elementor-column elementor-col-50 elementor-top-column elementor-element elementor-element-d2c8335\" data-id=\"d2c8335\" data-element_type=\"column\">\n\t\t\t<div class=\"elementor-widget-wrap elementor-element-populated\">\n\t\t\t\t\t\t\t\t<div class=\"elementor-element elementor-element-d92e18e elementor-widget elementor-widget-heading\" data-id=\"d92e18e\" data-element_type=\"widget\" data-widget_type=\"heading.default\">\n\t\t\t\t<div class=\"elementor-widget-container\">\n\t\t\t<h2 class=\"elementor-heading-title elementor-size-xxl\">Unit\u00e9 de Concassage Mobile Avec Concasseur \u00e0 M\u00e2choires<\/h2>\t\t<\/div>\n\t\t\t\t<\/div>\n\t\t\t\t<div class=\"elementor-element elementor-element-306b2b2 elementor-widget-divider--view-line elementor-widget elementor-widget-divider\" data-id=\"306b2b2\" data-element_type=\"widget\" data-widget_type=\"divider.default\">\n\t\t\t\t<div class=\"elementor-widget-container\">\n\t\t\t\t\t<div class=\"elementor-divider\">\n\t\t\t<span class=\"elementor-divider-separator\">\n\t\t\t\t\t\t<\/span>\n\t\t<\/div>\n\t\t\t\t<\/div>\n\t\t\t\t<\/div>\n\t\t\t\t<div class=\"elementor-element elementor-element-4390655 elementor-widget elementor-widget-text-editor\" data-id=\"4390655\" data-element_type=\"widget\" data-widget_type=\"text-editor.default\">\n\t\t\t\t<div class=\"elementor-widget-container\">\n\t\t\t\t\t\t\t\t<p>Il s&#8217;agit d&#8217;une unit\u00e9 mobile dans laquelle un alimentateur de roches primaire, une tr\u00e9mie, un concasseur \u00e0 m\u00e2choires et un convoyeur \u00e0 bande travaillent ensemble en fonction de sa taille et de son environnement de travail. Il est transport\u00e9 avec un seul tracteur. Il est facile \u00e0 installer et \u00e0 exp\u00e9dier.<\/p>\t\t\t\t\t\t<\/div>\n\t\t\t\t<\/div>\n\t\t\t\t\t<\/div>\n\t\t<\/div>\n\t\t\t\t\t\t\t<\/div>\n\t\t<\/section>\n\t\t\t\t<section class=\"elementor-section elementor-top-section elementor-element elementor-element-a26738c envato-kit-141-top-0 elementor-reverse-mobile elementor-section-boxed elementor-section-height-default elementor-section-height-default\" data-id=\"a26738c\" data-element_type=\"section\" data-settings=\"{&quot;background_background&quot;:&quot;classic&quot;}\">\n\t\t\t\t\t\t\t<div class=\"elementor-background-overlay\"><\/div>\n\t\t\t\t\t\t\t<div class=\"elementor-container elementor-column-gap-wider\">\n\t\t\t\t\t<div class=\"elementor-column elementor-col-100 elementor-top-column elementor-element elementor-element-d28175d\" data-id=\"d28175d\" data-element_type=\"column\">\n\t\t\t<div class=\"elementor-widget-wrap elementor-element-populated\">\n\t\t\t\t\t\t\t\t<div class=\"elementor-element elementor-element-173176c elementor-widget elementor-widget-heading\" data-id=\"173176c\" data-element_type=\"widget\" data-widget_type=\"heading.default\">\n\t\t\t\t<div class=\"elementor-widget-container\">\n\t\t\t<h3 class=\"elementor-heading-title elementor-size-default\">GALERIE DE PHOTOS <\/h3>\t\t<\/div>\n\t\t\t\t<\/div>\n\t\t\t\t<div class=\"elementor-element elementor-element-90f9e6a elementor-widget elementor-widget-gallery\" data-id=\"90f9e6a\" data-element_type=\"widget\" data-settings=\"{&quot;columns_tablet&quot;:4,&quot;columns_mobile&quot;:2,&quot;lazyload&quot;:&quot;yes&quot;,&quot;gallery_layout&quot;:&quot;grid&quot;,&quot;columns&quot;:4,&quot;gap&quot;:{&quot;unit&quot;:&quot;px&quot;,&quot;size&quot;:10,&quot;sizes&quot;:[]},&quot;gap_tablet&quot;:{&quot;unit&quot;:&quot;px&quot;,&quot;size&quot;:10,&quot;sizes&quot;:[]},&quot;gap_mobile&quot;:{&quot;unit&quot;:&quot;px&quot;,&quot;size&quot;:10,&quot;sizes&quot;:[]},&quot;link_to&quot;:&quot;file&quot;,&quot;aspect_ratio&quot;:&quot;3:2&quot;,&quot;overlay_background&quot;:&quot;yes&quot;,&quot;content_hover_animation&quot;:&quot;fade-in&quot;}\" data-widget_type=\"gallery.default\">\n\t\t\t\t<div class=\"elementor-widget-container\">\n\t\t\t\t\t<div class=\"elementor-gallery__container\">\n\t\t\t\t\t\t\t<a class=\"e-gallery-item elementor-gallery-item elementor-animated-content\" href=\"https:\/\/ttcmuhendislik.com\/wp-content\/uploads\/2023\/10\/mobil-ceneli.jpg\" data-elementor-open-lightbox=\"yes\" data-elementor-lightbox-slideshow=\"all-90f9e6a\">\n\t\t\t\t\t<div class=\"e-gallery-image elementor-gallery-item__image\" data-thumbnail=\"https:\/\/ttcmuhendislik.com\/wp-content\/uploads\/2023\/10\/mobil-ceneli.jpg\" data-width=\"1008\" data-height=\"756\" alt=\"\" ><\/div>\n\t\t\t\t\t\t\t\t\t\t<div class=\"elementor-gallery-item__overlay\"><\/div>\n\t\t\t\t\t\t\t\t\t\t\t\t\t\t<\/a>\n\t\t\t\t\t\t\t<a class=\"e-gallery-item elementor-gallery-item elementor-animated-content\" href=\"https:\/\/ttcmuhendislik.com\/wp-content\/uploads\/2023\/11\/mobil-cene-3.jpg\" data-elementor-open-lightbox=\"yes\" data-elementor-lightbox-slideshow=\"all-90f9e6a\">\n\t\t\t\t\t<div class=\"e-gallery-image elementor-gallery-item__image\" data-thumbnail=\"https:\/\/ttcmuhendislik.com\/wp-content\/uploads\/2023\/11\/mobil-cene-3.jpg\" data-width=\"1008\" data-height=\"756\" alt=\"\" ><\/div>\n\t\t\t\t\t\t\t\t\t\t<div class=\"elementor-gallery-item__overlay\"><\/div>\n\t\t\t\t\t\t\t\t\t\t\t\t\t\t<\/a>\n\t\t\t\t\t\t\t<a class=\"e-gallery-item elementor-gallery-item elementor-animated-content\" href=\"https:\/\/ttcmuhendislik.com\/wp-content\/uploads\/2023\/11\/mobil-cene-2.jpg\" data-elementor-open-lightbox=\"yes\" data-elementor-lightbox-slideshow=\"all-90f9e6a\">\n\t\t\t\t\t<div class=\"e-gallery-image elementor-gallery-item__image\" data-thumbnail=\"https:\/\/ttcmuhendislik.com\/wp-content\/uploads\/2023\/11\/mobil-cene-2.jpg\" data-width=\"1030\" data-height=\"765\" alt=\"\" ><\/div>\n\t\t\t\t\t\t\t\t\t\t<div class=\"elementor-gallery-item__overlay\"><\/div>\n\t\t\t\t\t\t\t\t\t\t\t\t\t\t<\/a>\n\t\t\t\t\t\t\t<a class=\"e-gallery-item elementor-gallery-item elementor-animated-content\" href=\"https:\/\/ttcmuhendislik.com\/wp-content\/uploads\/2023\/11\/RPAJ4119.jpg\" data-elementor-open-lightbox=\"yes\" data-elementor-lightbox-slideshow=\"all-90f9e6a\">\n\t\t\t\t\t<div class=\"e-gallery-image elementor-gallery-item__image\" data-thumbnail=\"https:\/\/ttcmuhendislik.com\/wp-content\/uploads\/2023\/11\/RPAJ4119.jpg\" data-width=\"2048\" data-height=\"1536\" alt=\"\" ><\/div>\n\t\t\t\t\t\t\t\t\t\t<div class=\"elementor-gallery-item__overlay\"><\/div>\n\t\t\t\t\t\t\t\t\t\t\t\t\t\t<\/a>\n\t\t\t\t\t\t\t<a class=\"e-gallery-item elementor-gallery-item elementor-animated-content\" href=\"https:\/\/ttcmuhendislik.com\/wp-content\/uploads\/2023\/11\/BHIA3897.jpg\" data-elementor-open-lightbox=\"yes\" data-elementor-lightbox-slideshow=\"all-90f9e6a\">\n\t\t\t\t\t<div class=\"e-gallery-image elementor-gallery-item__image\" data-thumbnail=\"https:\/\/ttcmuhendislik.com\/wp-content\/uploads\/2023\/11\/BHIA3897.jpg\" data-width=\"2048\" data-height=\"1152\" alt=\"\" ><\/div>\n\t\t\t\t\t\t\t\t\t\t<div class=\"elementor-gallery-item__overlay\"><\/div>\n\t\t\t\t\t\t\t\t\t\t\t\t\t\t<\/a>\n\t\t\t\t\t\t\t<a class=\"e-gallery-item elementor-gallery-item elementor-animated-content\" href=\"https:\/\/ttcmuhendislik.com\/wp-content\/uploads\/2023\/11\/mobil-cene-1.jpg\" data-elementor-open-lightbox=\"yes\" data-elementor-lightbox-slideshow=\"all-90f9e6a\">\n\t\t\t\t\t<div class=\"e-gallery-image elementor-gallery-item__image\" data-thumbnail=\"https:\/\/ttcmuhendislik.com\/wp-content\/uploads\/2023\/11\/mobil-cene-1.jpg\" data-width=\"1008\" data-height=\"756\" alt=\"\" ><\/div>\n\t\t\t\t\t\t\t\t\t\t<div class=\"elementor-gallery-item__overlay\"><\/div>\n\t\t\t\t\t\t\t\t\t\t\t\t\t\t<\/a>\n\t\t\t\t\t\t\t<a class=\"e-gallery-item elementor-gallery-item elementor-animated-content\" href=\"https:\/\/ttcmuhendislik.com\/wp-content\/uploads\/2023\/11\/mobil-cene-4.jpg\" data-elementor-open-lightbox=\"yes\" data-elementor-lightbox-slideshow=\"all-90f9e6a\">\n\t\t\t\t\t<div class=\"e-gallery-image elementor-gallery-item__image\" data-thumbnail=\"https:\/\/ttcmuhendislik.com\/wp-content\/uploads\/2023\/11\/mobil-cene-4.jpg\" data-width=\"867\" data-height=\"1156\" alt=\"\" ><\/div>\n\t\t\t\t\t\t\t\t\t\t<div class=\"elementor-gallery-item__overlay\"><\/div>\n\t\t\t\t\t\t\t\t\t\t\t\t\t\t<\/a>\n\t\t\t\t\t\t\t<a class=\"e-gallery-item elementor-gallery-item elementor-animated-content\" href=\"https:\/\/ttcmuhendislik.com\/wp-content\/uploads\/2023\/11\/mobil-cene-5.jpg\" data-elementor-open-lightbox=\"yes\" data-elementor-lightbox-slideshow=\"all-90f9e6a\">\n\t\t\t\t\t<div class=\"e-gallery-image elementor-gallery-item__image\" data-thumbnail=\"https:\/\/ttcmuhendislik.com\/wp-content\/uploads\/2023\/11\/mobil-cene-5.jpg\" data-width=\"1156\" data-height=\"867\" alt=\"\" ><\/div>\n\t\t\t\t\t\t\t\t\t\t<div class=\"elementor-gallery-item__overlay\"><\/div>\n\t\t\t\t\t\t\t\t\t\t\t\t\t\t<\/a>\n\t\t\t\t\t\t\t<a class=\"e-gallery-item elementor-gallery-item elementor-animated-content\" href=\"https:\/\/ttcmuhendislik.com\/wp-content\/uploads\/2023\/11\/WhatsApp-Gorsel-2023-04-25-saat-09.43.40-.jpg\" data-elementor-open-lightbox=\"yes\" data-elementor-lightbox-slideshow=\"all-90f9e6a\">\n\t\t\t\t\t<div class=\"e-gallery-image elementor-gallery-item__image\" data-thumbnail=\"https:\/\/ttcmuhendislik.com\/wp-content\/uploads\/2023\/11\/WhatsApp-Gorsel-2023-04-25-saat-09.43.40-.jpg\" data-width=\"1024\" data-height=\"768\" alt=\"\" ><\/div>\n\t\t\t\t\t\t\t\t\t\t<div class=\"elementor-gallery-item__overlay\"><\/div>\n\t\t\t\t\t\t\t\t\t\t\t\t\t\t<\/a>\n\t\t\t\t\t\t\t<a class=\"e-gallery-item elementor-gallery-item elementor-animated-content\" href=\"https:\/\/ttcmuhendislik.com\/wp-content\/uploads\/2023\/11\/sekonder-mobil.jpg\" data-elementor-open-lightbox=\"yes\" data-elementor-lightbox-slideshow=\"all-90f9e6a\">\n\t\t\t\t\t<div class=\"e-gallery-image elementor-gallery-item__image\" data-thumbnail=\"https:\/\/ttcmuhendislik.com\/wp-content\/uploads\/2023\/11\/sekonder-mobil.jpg\" data-width=\"960\" data-height=\"1280\" alt=\"\" ><\/div>\n\t\t\t\t\t\t\t\t\t\t<div class=\"elementor-gallery-item__overlay\"><\/div>\n\t\t\t\t\t\t\t\t\t\t\t\t\t\t<\/a>\n\t\t\t\t\t\t\t<a class=\"e-gallery-item elementor-gallery-item elementor-animated-content\" href=\"https:\/\/ttcmuhendislik.com\/wp-content\/uploads\/2023\/11\/WhatsApp-Gorsel-2023-04-25-saat-09.43.40.jpg\" data-elementor-open-lightbox=\"yes\" data-elementor-lightbox-slideshow=\"all-90f9e6a\">\n\t\t\t\t\t<div class=\"e-gallery-image elementor-gallery-item__image\" data-thumbnail=\"https:\/\/ttcmuhendislik.com\/wp-content\/uploads\/2023\/11\/WhatsApp-Gorsel-2023-04-25-saat-09.43.40.jpg\" data-width=\"1024\" data-height=\"768\" alt=\"\" ><\/div>\n\t\t\t\t\t\t\t\t\t\t<div class=\"elementor-gallery-item__overlay\"><\/div>\n\t\t\t\t\t\t\t\t\t\t\t\t\t\t<\/a>\n\t\t\t\t\t<\/div>\n\t\t\t<\/div>\n\t\t\t\t<\/div>\n\t\t\t\t\t<\/div>\n\t\t<\/div>\n\t\t\t\t\t\t\t<\/div>\n\t\t<\/section>\n\t\t\t\t\t\t<\/div>\n\t\t\t\t\t<\/div>\n\t\t","protected":false},"excerpt":{"rendered":"<p>Unit\u00e9 de Concassage Mobile Avec Concasseur \u00e0 M\u00e2choires Il s&#8217;agit d&#8217;une unit\u00e9 mobile dans laquelle un alimentateur de roches primaire, une tr\u00e9mie, un concasseur \u00e0 m\u00e2choires et un convoyeur \u00e0 bande travaillent ensemble en fonction de sa taille et de son environnement de travail. Il est transport\u00e9 avec un seul tracteur. Il est facile \u00e0 [&hellip;]<\/p>\n","protected":false},"author":2,"featured_media":0,"parent":6287,"menu_order":0,"comment_status":"closed","ping_status":"closed","template":"","meta":[],"yoast_head":"<!-- This site is optimized with the Yoast SEO plugin v16.5 - https:\/\/yoast.com\/wordpress\/plugins\/seo\/ -->\n<title>Unit\u00e9 de Concassage Mobile Avec Concasseur \u00e0 M\u00e2choires - TTC M\u00fchendislik<\/title>\n<meta name=\"robots\" content=\"index, follow, max-snippet:-1, max-image-preview:large, max-video-preview:-1\" \/>\n<link rel=\"canonical\" href=\"https:\/\/ttcmuhendislik.com\/fr\/\u043d\u0430\u0448\u0438-\u043f\u0440\u043e\u0434\u0443\u043a\u0442\u044b\/\u0434\u0440\u043e\u0431\u043b\u0435\u043d\u0438\u0435-\u0438-\u0441\u043e\u0440\u0442\u0438\u0440\u043e\u0432\u043a\u0430\/\u043c\u043e\u0431\u0438\u043b\u044c\u043d\u044b\u0435-\u0443\u0441\u0442\u0430\u043d\u043e\u0432\u043a\u0438\/\u043c\u043e\u0431\u0438\u043b\u044c\u043d\u0430\u044f-\u0434\u0440\u043e\u0431\u0438\u043b\u044c\u043d\u0430\u044f-\u0443\u0441\u0442\u0430\u043d\u043e\u0432\u043a\u0430-\u0441-\u0449\u0435\u043a\/\" \/>\n<meta property=\"og:locale\" content=\"fr_FR\" \/>\n<meta property=\"og:type\" content=\"article\" \/>\n<meta property=\"og:title\" content=\"Unit\u00e9 de Concassage Mobile Avec Concasseur \u00e0 M\u00e2choires - TTC M\u00fchendislik\" \/>\n<meta property=\"og:description\" content=\"Unit\u00e9 de Concassage Mobile Avec Concasseur \u00e0 M\u00e2choires Il s&#8217;agit d&#8217;une unit\u00e9 mobile dans laquelle un alimentateur de roches primaire, une tr\u00e9mie, un concasseur \u00e0 m\u00e2choires et un convoyeur \u00e0 bande travaillent ensemble en fonction de sa taille et de son environnement de travail. Il est transport\u00e9 avec un seul tracteur. Il est facile \u00e0 [&hellip;]\" \/>\n<meta property=\"og:url\" content=\"https:\/\/ttcmuhendislik.com\/ru\/\u043d\u0430\u0448\u0438-\u043f\u0440\u043e\u0434\u0443\u043a\u0442\u044b\/\u0434\u0440\u043e\u0431\u043b\u0435\u043d\u0438\u0435-\u0438-\u0441\u043e\u0440\u0442\u0438\u0440\u043e\u0432\u043a\u0430\/\u043c\u043e\u0431\u0438\u043b\u044c\u043d\u044b\u0435-\u0443\u0441\u0442\u0430\u043d\u043e\u0432\u043a\u0438\/\u043c\u043e\u0431\u0438\u043b\u044c\u043d\u0430\u044f-\u0434\u0440\u043e\u0431\u0438\u043b\u044c\u043d\u0430\u044f-\u0443\u0441\u0442\u0430\u043d\u043e\u0432\u043a\u0430-\u0441-\u0449\u0435\u043a\/\" \/>\n<meta property=\"og:site_name\" content=\"TTC M\u00fchendislik\" \/>\n<meta property=\"article:modified_time\" content=\"2023-11-15T07:06:40+00:00\" \/>\n<meta property=\"og:image\" content=\"https:\/\/ttcmuhendislik.com\/wp-content\/uploads\/2023\/10\/mobil-ceneli.jpg\" \/>\n<meta name=\"twitter:card\" content=\"summary_large_image\" \/>\n<meta name=\"twitter:label1\" content=\"Dur\u00e9e de lecture est.\" \/>\n\t<meta name=\"twitter:data1\" content=\"1 minute\" \/>\n<script type=\"application\/ld+json\" class=\"yoast-schema-graph\">{\"@context\":\"https:\/\/schema.org\",\"@graph\":[{\"@type\":\"Organization\",\"@id\":\"https:\/\/ttcmuhendislik.com\/en\/#organization\",\"name\":\"TTC M\\u00fchendislik\",\"url\":\"https:\/\/ttcmuhendislik.com\/en\/\",\"sameAs\":[],\"logo\":{\"@type\":\"ImageObject\",\"@id\":\"https:\/\/ttcmuhendislik.com\/en\/#logo\",\"inLanguage\":\"fr-FR\",\"url\":\"https:\/\/ttcmuhendislik.com\/wp-content\/uploads\/2021\/04\/logo.png\",\"contentUrl\":\"https:\/\/ttcmuhendislik.com\/wp-content\/uploads\/2021\/04\/logo.png\",\"width\":440,\"height\":170,\"caption\":\"TTC M\\u00fchendislik\"},\"image\":{\"@id\":\"https:\/\/ttcmuhendislik.com\/en\/#logo\"}},{\"@type\":\"WebSite\",\"@id\":\"https:\/\/ttcmuhendislik.com\/en\/#website\",\"url\":\"https:\/\/ttcmuhendislik.com\/en\/\",\"name\":\"TTC M\\u00fchendislik\",\"description\":\"\",\"publisher\":{\"@id\":\"https:\/\/ttcmuhendislik.com\/en\/#organization\"},\"potentialAction\":[{\"@type\":\"SearchAction\",\"target\":\"https:\/\/ttcmuhendislik.com\/en\/?s={search_term_string}\",\"query-input\":\"required name=search_term_string\"}],\"inLanguage\":\"fr-FR\"},{\"@type\":\"ImageObject\",\"@id\":\"https:\/\/ttcmuhendislik.com\/ru\/%d0%bd%d0%b0%d1%88%d0%b8-%d0%bf%d1%80%d0%be%d0%b4%d1%83%d0%ba%d1%82%d1%8b\/%d0%b4%d1%80%d0%be%d0%b1%d0%bb%d0%b5%d0%bd%d0%b8%d0%b5-%d0%b8-%d1%81%d0%be%d1%80%d1%82%d0%b8%d1%80%d0%be%d0%b2%d0%ba%d0%b0\/%d0%bc%d0%be%d0%b1%d0%b8%d0%bb%d1%8c%d0%bd%d1%8b%d0%b5-%d1%83%d1%81%d1%82%d0%b0%d0%bd%d0%be%d0%b2%d0%ba%d0%b8\/%d0%bc%d0%be%d0%b1%d0%b8%d0%bb%d1%8c%d0%bd%d0%b0%d1%8f-%d0%b4%d1%80%d0%be%d0%b1%d0%b8%d0%bb%d1%8c%d0%bd%d0%b0%d1%8f-%d1%83%d1%81%d1%82%d0%b0%d0%bd%d0%be%d0%b2%d0%ba%d0%b0-%d1%81-%d1%89%d0%b5%d0%ba\/#primaryimage\",\"inLanguage\":\"fr-FR\",\"url\":\"https:\/\/ttcmuhendislik.com\/wp-content\/uploads\/2023\/10\/mobil-ceneli.jpg\",\"contentUrl\":\"https:\/\/ttcmuhendislik.com\/wp-content\/uploads\/2023\/10\/mobil-ceneli.jpg\",\"width\":1008,\"height\":756},{\"@type\":\"WebPage\",\"@id\":\"https:\/\/ttcmuhendislik.com\/ru\/%d0%bd%d0%b0%d1%88%d0%b8-%d0%bf%d1%80%d0%be%d0%b4%d1%83%d0%ba%d1%82%d1%8b\/%d0%b4%d1%80%d0%be%d0%b1%d0%bb%d0%b5%d0%bd%d0%b8%d0%b5-%d0%b8-%d1%81%d0%be%d1%80%d1%82%d0%b8%d1%80%d0%be%d0%b2%d0%ba%d0%b0\/%d0%bc%d0%be%d0%b1%d0%b8%d0%bb%d1%8c%d0%bd%d1%8b%d0%b5-%d1%83%d1%81%d1%82%d0%b0%d0%bd%d0%be%d0%b2%d0%ba%d0%b8\/%d0%bc%d0%be%d0%b1%d0%b8%d0%bb%d1%8c%d0%bd%d0%b0%d1%8f-%d0%b4%d1%80%d0%be%d0%b1%d0%b8%d0%bb%d1%8c%d0%bd%d0%b0%d1%8f-%d1%83%d1%81%d1%82%d0%b0%d0%bd%d0%be%d0%b2%d0%ba%d0%b0-%d1%81-%d1%89%d0%b5%d0%ba\/#webpage\",\"url\":\"https:\/\/ttcmuhendislik.com\/ru\/%d0%bd%d0%b0%d1%88%d0%b8-%d0%bf%d1%80%d0%be%d0%b4%d1%83%d0%ba%d1%82%d1%8b\/%d0%b4%d1%80%d0%be%d0%b1%d0%bb%d0%b5%d0%bd%d0%b8%d0%b5-%d0%b8-%d1%81%d0%be%d1%80%d1%82%d0%b8%d1%80%d0%be%d0%b2%d0%ba%d0%b0\/%d0%bc%d0%be%d0%b1%d0%b8%d0%bb%d1%8c%d0%bd%d1%8b%d0%b5-%d1%83%d1%81%d1%82%d0%b0%d0%bd%d0%be%d0%b2%d0%ba%d0%b8\/%d0%bc%d0%be%d0%b1%d0%b8%d0%bb%d1%8c%d0%bd%d0%b0%d1%8f-%d0%b4%d1%80%d0%be%d0%b1%d0%b8%d0%bb%d1%8c%d0%bd%d0%b0%d1%8f-%d1%83%d1%81%d1%82%d0%b0%d0%bd%d0%be%d0%b2%d0%ba%d0%b0-%d1%81-%d1%89%d0%b5%d0%ba\/\",\"name\":\"Unit\\u00e9 de Concassage Mobile Avec Concasseur \\u00e0 M\\u00e2choires - TTC M\\u00fchendislik\",\"isPartOf\":{\"@id\":\"https:\/\/ttcmuhendislik.com\/en\/#website\"},\"primaryImageOfPage\":{\"@id\":\"https:\/\/ttcmuhendislik.com\/ru\/%d0%bd%d0%b0%d1%88%d0%b8-%d0%bf%d1%80%d0%be%d0%b4%d1%83%d0%ba%d1%82%d1%8b\/%d0%b4%d1%80%d0%be%d0%b1%d0%bb%d0%b5%d0%bd%d0%b8%d0%b5-%d0%b8-%d1%81%d0%be%d1%80%d1%82%d0%b8%d1%80%d0%be%d0%b2%d0%ba%d0%b0\/%d0%bc%d0%be%d0%b1%d0%b8%d0%bb%d1%8c%d0%bd%d1%8b%d0%b5-%d1%83%d1%81%d1%82%d0%b0%d0%bd%d0%be%d0%b2%d0%ba%d0%b8\/%d0%bc%d0%be%d0%b1%d0%b8%d0%bb%d1%8c%d0%bd%d0%b0%d1%8f-%d0%b4%d1%80%d0%be%d0%b1%d0%b8%d0%bb%d1%8c%d0%bd%d0%b0%d1%8f-%d1%83%d1%81%d1%82%d0%b0%d0%bd%d0%be%d0%b2%d0%ba%d0%b0-%d1%81-%d1%89%d0%b5%d0%ba\/#primaryimage\"},\"datePublished\":\"2023-11-15T07:04:25+00:00\",\"dateModified\":\"2023-11-15T07:06:40+00:00\",\"breadcrumb\":{\"@id\":\"https:\/\/ttcmuhendislik.com\/ru\/%d0%bd%d0%b0%d1%88%d0%b8-%d0%bf%d1%80%d0%be%d0%b4%d1%83%d0%ba%d1%82%d1%8b\/%d0%b4%d1%80%d0%be%d0%b1%d0%bb%d0%b5%d0%bd%d0%b8%d0%b5-%d0%b8-%d1%81%d0%be%d1%80%d1%82%d0%b8%d1%80%d0%be%d0%b2%d0%ba%d0%b0\/%d0%bc%d0%be%d0%b1%d0%b8%d0%bb%d1%8c%d0%bd%d1%8b%d0%b5-%d1%83%d1%81%d1%82%d0%b0%d0%bd%d0%be%d0%b2%d0%ba%d0%b8\/%d0%bc%d0%be%d0%b1%d0%b8%d0%bb%d1%8c%d0%bd%d0%b0%d1%8f-%d0%b4%d1%80%d0%be%d0%b1%d0%b8%d0%bb%d1%8c%d0%bd%d0%b0%d1%8f-%d1%83%d1%81%d1%82%d0%b0%d0%bd%d0%be%d0%b2%d0%ba%d0%b0-%d1%81-%d1%89%d0%b5%d0%ba\/#breadcrumb\"},\"inLanguage\":\"fr-FR\",\"potentialAction\":[{\"@type\":\"ReadAction\",\"target\":[\"https:\/\/ttcmuhendislik.com\/ru\/%d0%bd%d0%b0%d1%88%d0%b8-%d0%bf%d1%80%d0%be%d0%b4%d1%83%d0%ba%d1%82%d1%8b\/%d0%b4%d1%80%d0%be%d0%b1%d0%bb%d0%b5%d0%bd%d0%b8%d0%b5-%d0%b8-%d1%81%d0%be%d1%80%d1%82%d0%b8%d1%80%d0%be%d0%b2%d0%ba%d0%b0\/%d0%bc%d0%be%d0%b1%d0%b8%d0%bb%d1%8c%d0%bd%d1%8b%d0%b5-%d1%83%d1%81%d1%82%d0%b0%d0%bd%d0%be%d0%b2%d0%ba%d0%b8\/%d0%bc%d0%be%d0%b1%d0%b8%d0%bb%d1%8c%d0%bd%d0%b0%d1%8f-%d0%b4%d1%80%d0%be%d0%b1%d0%b8%d0%bb%d1%8c%d0%bd%d0%b0%d1%8f-%d1%83%d1%81%d1%82%d0%b0%d0%bd%d0%be%d0%b2%d0%ba%d0%b0-%d1%81-%d1%89%d0%b5%d0%ba\/\"]}]},{\"@type\":\"BreadcrumbList\",\"@id\":\"https:\/\/ttcmuhendislik.com\/ru\/%d0%bd%d0%b0%d1%88%d0%b8-%d0%bf%d1%80%d0%be%d0%b4%d1%83%d0%ba%d1%82%d1%8b\/%d0%b4%d1%80%d0%be%d0%b1%d0%bb%d0%b5%d0%bd%d0%b8%d0%b5-%d0%b8-%d1%81%d0%be%d1%80%d1%82%d0%b8%d1%80%d0%be%d0%b2%d0%ba%d0%b0\/%d0%bc%d0%be%d0%b1%d0%b8%d0%bb%d1%8c%d0%bd%d1%8b%d0%b5-%d1%83%d1%81%d1%82%d0%b0%d0%bd%d0%be%d0%b2%d0%ba%d0%b8\/%d0%bc%d0%be%d0%b1%d0%b8%d0%bb%d1%8c%d0%bd%d0%b0%d1%8f-%d0%b4%d1%80%d0%be%d0%b1%d0%b8%d0%bb%d1%8c%d0%bd%d0%b0%d1%8f-%d1%83%d1%81%d1%82%d0%b0%d0%bd%d0%be%d0%b2%d0%ba%d0%b0-%d1%81-%d1%89%d0%b5%d0%ba\/#breadcrumb\",\"itemListElement\":[{\"@type\":\"ListItem\",\"position\":1,\"name\":\"Anasayfa\",\"item\":\"https:\/\/ttcmuhendislik.com\/\"},{\"@type\":\"ListItem\",\"position\":2,\"name\":\"Nos Produits\",\"item\":\"https:\/\/ttcmuhendislik.com\/fr\/produits\/\"},{\"@type\":\"ListItem\",\"position\":3,\"name\":\"Centrale de Concassage Et Criblage\",\"item\":\"https:\/\/ttcmuhendislik.com\/ru\/%d0%bd%d0%b0%d1%88%d0%b8-%d0%bf%d1%80%d0%be%d0%b4%d1%83%d0%ba%d1%82%d1%8b\/%d0%b4%d1%80%d0%be%d0%b1%d0%bb%d0%b5%d0%bd%d0%b8%d0%b5-%d0%b8-%d1%81%d0%be%d1%80%d1%82%d0%b8%d1%80%d0%be%d0%b2%d0%ba%d0%b0\/\"},{\"@type\":\"ListItem\",\"position\":4,\"name\":\"Unit\\u00e9s mobiles\",\"item\":\"https:\/\/ttcmuhendislik.com\/ru\/%d0%bd%d0%b0%d1%88%d0%b8-%d0%bf%d1%80%d0%be%d0%b4%d1%83%d0%ba%d1%82%d1%8b\/%d0%b4%d1%80%d0%be%d0%b1%d0%bb%d0%b5%d0%bd%d0%b8%d0%b5-%d0%b8-%d1%81%d0%be%d1%80%d1%82%d0%b8%d1%80%d0%be%d0%b2%d0%ba%d0%b0\/%d0%bc%d0%be%d0%b1%d0%b8%d0%bb%d1%8c%d0%bd%d1%8b%d0%b5-%d1%83%d1%81%d1%82%d0%b0%d0%bd%d0%be%d0%b2%d0%ba%d0%b8\/\"},{\"@type\":\"ListItem\",\"position\":5,\"name\":\"Unit\\u00e9 de Concassage Mobile Avec Concasseur \\u00e0 M\\u00e2choires\"}]}]}<\/script>\n<!-- \/ Yoast SEO plugin. -->","_links":{"self":[{"href":"https:\/\/ttcmuhendislik.com\/fr\/wp-json\/wp\/v2\/pages\/13101"}],"collection":[{"href":"https:\/\/ttcmuhendislik.com\/fr\/wp-json\/wp\/v2\/pages"}],"about":[{"href":"https:\/\/ttcmuhendislik.com\/fr\/wp-json\/wp\/v2\/types\/page"}],"author":[{"embeddable":true,"href":"https:\/\/ttcmuhendislik.com\/fr\/wp-json\/wp\/v2\/users\/2"}],"replies":[{"embeddable":true,"href":"https:\/\/ttcmuhendislik.com\/fr\/wp-json\/wp\/v2\/comments?post=13101"}],"version-history":[{"count":0,"href":"https:\/\/ttcmuhendislik.com\/fr\/wp-json\/wp\/v2\/pages\/13101\/revisions"}],"up":[{"embeddable":true,"href":"https:\/\/ttcmuhendislik.com\/fr\/wp-json\/wp\/v2\/pages\/6287"}],"wp:attachment":[{"href":"https:\/\/ttcmuhendislik.com\/fr\/wp-json\/wp\/v2\/media?parent=13101"}],"curies":[{"name":"wp","href":"https:\/\/api.w.org\/{rel}","templated":true}]}}