{"id":11339,"date":"2023-03-07T13:32:44","date_gmt":"2023-03-07T10:32:44","guid":{"rendered":"https:\/\/ttcmuhendislik.com\/nos-catalogues\/"},"modified":"2023-03-07T13:32:44","modified_gmt":"2023-03-07T10:32:44","slug":"nos-catalogues","status":"publish","type":"page","link":"https:\/\/ttcmuhendislik.com\/fr\/nos-catalogues\/","title":{"rendered":"Nos Catalogues"},"content":{"rendered":"\t\t<div data-elementor-type=\"wp-page\" data-elementor-id=\"11339\" class=\"elementor elementor-11339 elementor-11237\" data-elementor-settings=\"[]\">\n\t\t\t\t\t\t\t<div class=\"elementor-section-wrap\">\n\t\t\t\t\t\t\t<section class=\"elementor-section elementor-top-section elementor-element elementor-element-f3ec07a elementor-section-boxed elementor-section-height-default elementor-section-height-default\" data-id=\"f3ec07a\" data-element_type=\"section\">\n\t\t\t\t\t\t<div class=\"elementor-container elementor-column-gap-default\">\n\t\t\t\t\t<div class=\"elementor-column elementor-col-33 elementor-top-column elementor-element elementor-element-2f93f59\" data-id=\"2f93f59\" data-element_type=\"column\">\n\t\t\t<div class=\"elementor-widget-wrap elementor-element-populated\">\n\t\t\t\t\t\t\t\t<div class=\"elementor-element elementor-element-f42d166 elementor-position-top elementor-vertical-align-top elementor-widget elementor-widget-image-box\" data-id=\"f42d166\" data-element_type=\"widget\" data-widget_type=\"image-box.default\">\n\t\t\t\t<div class=\"elementor-widget-container\">\n\t\t\t<div class=\"elementor-image-box-wrapper\"><figure class=\"elementor-image-box-img\"><a href=\"https:\/\/flowpaper.com\/online-pdf-viewer\/?theme=dark&#038;pdf=https:\/\/ttcmuhendislik.com\/wp-content\/uploads\/2023\/03\/TTC-engineering-catalog-FR-EN-2.pdf&#038;wp-hosted=1&#038;title=&#038;header=&#038;singlepage=auto&#038;thumbs=1&#038;modified=230306428\"><img wpfc-lazyload-disable=\"true\" src=\"https:\/\/ttcmuhendislik.com\/wp-content\/uploads\/2023\/03\/crushing-catalog-1.jpg\" title=\"\" alt=\"\" class=\"elementor-animation-grow-rotate\" \/><\/a><\/figure><div class=\"elementor-image-box-content\"><h3 class=\"elementor-image-box-title\"><a href=\"https:\/\/flowpaper.com\/online-pdf-viewer\/?theme=dark&#038;pdf=https:\/\/ttcmuhendislik.com\/wp-content\/uploads\/2023\/03\/TTC-engineering-catalog-FR-EN-2.pdf&#038;wp-hosted=1&#038;title=&#038;header=&#038;singlepage=auto&#038;thumbs=1&#038;modified=230306428\">Usines de Concassage et de Criblage<br>EN - FR<\/a><\/h3><\/div><\/div>\t\t<\/div>\n\t\t\t\t<\/div>\n\t\t\t\t\t<\/div>\n\t\t<\/div>\n\t\t\t\t<div class=\"elementor-column elementor-col-33 elementor-top-column elementor-element elementor-element-d59fc79\" data-id=\"d59fc79\" data-element_type=\"column\">\n\t\t\t<div class=\"elementor-widget-wrap elementor-element-populated\">\n\t\t\t\t\t\t\t\t<div class=\"elementor-element elementor-element-8450ad0 elementor-position-top elementor-vertical-align-top elementor-widget elementor-widget-image-box\" data-id=\"8450ad0\" data-element_type=\"widget\" data-widget_type=\"image-box.default\">\n\t\t\t\t<div class=\"elementor-widget-container\">\n\t\t\t<div class=\"elementor-image-box-wrapper\"><figure class=\"elementor-image-box-img\"><a href=\"https:\/\/flowpaper.com\/online-pdf-viewer\/?theme=dark&#038;pdf=https:\/\/ttcmuhendislik.com\/wp-content\/uploads\/2023\/03\/TTC-asphalt-catalog-FR_EN_compressed-1.pdf&#038;wp-hosted=1&#038;title=&#038;header=&#038;singlepage=auto&#038;thumbs=1&#038;modified=230306428\"><img wpfc-lazyload-disable=\"true\" src=\"https:\/\/ttcmuhendislik.com\/wp-content\/uploads\/2023\/03\/asphalt-catalog.jpg\" title=\"\" alt=\"\" class=\"elementor-animation-grow-rotate\" \/><\/a><\/figure><div class=\"elementor-image-box-content\"><h3 class=\"elementor-image-box-title\"><a href=\"https:\/\/flowpaper.com\/online-pdf-viewer\/?theme=dark&#038;pdf=https:\/\/ttcmuhendislik.com\/wp-content\/uploads\/2023\/03\/TTC-asphalt-catalog-FR_EN_compressed-1.pdf&#038;wp-hosted=1&#038;title=&#038;header=&#038;singlepage=auto&#038;thumbs=1&#038;modified=230306428\">Usines D'asphalte<br>EN - FR<\/a><\/h3><\/div><\/div>\t\t<\/div>\n\t\t\t\t<\/div>\n\t\t\t\t\t<\/div>\n\t\t<\/div>\n\t\t\t\t<div class=\"elementor-column elementor-col-33 elementor-top-column elementor-element elementor-element-ecaaf5a\" data-id=\"ecaaf5a\" data-element_type=\"column\">\n\t\t\t<div class=\"elementor-widget-wrap elementor-element-populated\">\n\t\t\t\t\t\t\t\t<div class=\"elementor-element elementor-element-514c15e elementor-position-top elementor-vertical-align-top elementor-widget elementor-widget-image-box\" data-id=\"514c15e\" data-element_type=\"widget\" data-widget_type=\"image-box.default\">\n\t\t\t\t<div class=\"elementor-widget-container\">\n\t\t\t<div class=\"elementor-image-box-wrapper\"><figure class=\"elementor-image-box-img\"><a href=\"https:\/\/flowpaper.com\/online-pdf-viewer\/?theme=dark&#038;pdf=https:\/\/ttcmuhendislik.com\/wp-content\/uploads\/2023\/03\/TTC-beton-catalog-EN_FR-2.pdf&#038;wp-hosted=1&#038;title=&#038;header=&#038;singlepage=auto&#038;thumbs=1&#038;modified=230306428#page=1\"><img wpfc-lazyload-disable=\"true\" src=\"https:\/\/ttcmuhendislik.com\/wp-content\/uploads\/2023\/03\/concrete-catalog.jpg\" title=\"\" alt=\"\" class=\"elementor-animation-grow-rotate\" \/><\/a><\/figure><div class=\"elementor-image-box-content\"><h3 class=\"elementor-image-box-title\"><a href=\"https:\/\/flowpaper.com\/online-pdf-viewer\/?theme=dark&#038;pdf=https:\/\/ttcmuhendislik.com\/wp-content\/uploads\/2023\/03\/TTC-beton-catalog-EN_FR-2.pdf&#038;wp-hosted=1&#038;title=&#038;header=&#038;singlepage=auto&#038;thumbs=1&#038;modified=230306428#page=1\">Centrales \u00e0 B\u00e9ton<br>EN - FR<\/a><\/h3><\/div><\/div>\t\t<\/div>\n\t\t\t\t<\/div>\n\t\t\t\t\t<\/div>\n\t\t<\/div>\n\t\t\t\t\t\t\t<\/div>\n\t\t<\/section>\n\t\t\t\t\t\t<\/div>\n\t\t\t\t\t<\/div>\n\t\t","protected":false},"excerpt":{"rendered":"<p>Usines de Concassage et de CriblageEN &#8211; FR Usines D&#8217;asphalteEN &#8211; FR Centrales \u00e0 B\u00e9tonEN &#8211; FR<\/p>\n","protected":false},"author":2,"featured_media":0,"parent":0,"menu_order":0,"comment_status":"closed","ping_status":"closed","template":"","meta":[],"yoast_head":"<!-- This site is optimized with the Yoast SEO plugin v16.5 - https:\/\/yoast.com\/wordpress\/plugins\/seo\/ -->\n<title>Nos Catalogues - TTC M\u00fchendislik<\/title>\n<meta name=\"description\" content=\"Vous pouvez acc\u00e9der aux catalogues de produits de TTC Engineering \u00e0 partir de cette page. Nos catalogues, qui peuvent atteindre chaque client avec diff\u00e9rentes options de langue, sont \u00e0 l&#039;antenne.\" \/>\n<meta name=\"robots\" content=\"index, follow, max-snippet:-1, max-image-preview:large, max-video-preview:-1\" \/>\n<link rel=\"canonical\" href=\"https:\/\/ttcmuhendislik.com\/fr\/nos-catalogues\/\" \/>\n<meta property=\"og:locale\" content=\"fr_FR\" \/>\n<meta property=\"og:type\" content=\"article\" \/>\n<meta property=\"og:title\" content=\"Nos Catalogues - TTC M\u00fchendislik\" \/>\n<meta property=\"og:description\" content=\"Vous pouvez acc\u00e9der aux catalogues de produits de TTC Engineering \u00e0 partir de cette page. Nos catalogues, qui peuvent atteindre chaque client avec diff\u00e9rentes options de langue, sont \u00e0 l&#039;antenne.\" \/>\n<meta property=\"og:url\" content=\"https:\/\/ttcmuhendislik.com\/fr\/nos-catalogues\/\" \/>\n<meta property=\"og:site_name\" content=\"TTC M\u00fchendislik\" \/>\n<meta property=\"og:image\" content=\"https:\/\/ttcmuhendislik.com\/wp-content\/uploads\/2023\/03\/crushing-catalog-1.jpg\" \/>\n<meta name=\"twitter:card\" content=\"summary_large_image\" \/>\n<script type=\"application\/ld+json\" class=\"yoast-schema-graph\">{\"@context\":\"https:\/\/schema.org\",\"@graph\":[{\"@type\":\"Organization\",\"@id\":\"https:\/\/ttcmuhendislik.com\/en\/#organization\",\"name\":\"TTC M\\u00fchendislik\",\"url\":\"https:\/\/ttcmuhendislik.com\/en\/\",\"sameAs\":[],\"logo\":{\"@type\":\"ImageObject\",\"@id\":\"https:\/\/ttcmuhendislik.com\/en\/#logo\",\"inLanguage\":\"fr-FR\",\"url\":\"https:\/\/ttcmuhendislik.com\/wp-content\/uploads\/2021\/04\/logo.png\",\"contentUrl\":\"https:\/\/ttcmuhendislik.com\/wp-content\/uploads\/2021\/04\/logo.png\",\"width\":440,\"height\":170,\"caption\":\"TTC M\\u00fchendislik\"},\"image\":{\"@id\":\"https:\/\/ttcmuhendislik.com\/en\/#logo\"}},{\"@type\":\"WebSite\",\"@id\":\"https:\/\/ttcmuhendislik.com\/en\/#website\",\"url\":\"https:\/\/ttcmuhendislik.com\/en\/\",\"name\":\"TTC M\\u00fchendislik\",\"description\":\"\",\"publisher\":{\"@id\":\"https:\/\/ttcmuhendislik.com\/en\/#organization\"},\"potentialAction\":[{\"@type\":\"SearchAction\",\"target\":\"https:\/\/ttcmuhendislik.com\/en\/?s={search_term_string}\",\"query-input\":\"required name=search_term_string\"}],\"inLanguage\":\"fr-FR\"},{\"@type\":\"ImageObject\",\"@id\":\"https:\/\/ttcmuhendislik.com\/fr\/nos-catalogues\/#primaryimage\",\"inLanguage\":\"fr-FR\",\"url\":\"https:\/\/ttcmuhendislik.com\/wp-content\/uploads\/2023\/03\/crushing-catalog-1.jpg\",\"contentUrl\":\"https:\/\/ttcmuhendislik.com\/wp-content\/uploads\/2023\/03\/crushing-catalog-1.jpg\",\"width\":716,\"height\":860},{\"@type\":\"WebPage\",\"@id\":\"https:\/\/ttcmuhendislik.com\/fr\/nos-catalogues\/#webpage\",\"url\":\"https:\/\/ttcmuhendislik.com\/fr\/nos-catalogues\/\",\"name\":\"Nos Catalogues - TTC M\\u00fchendislik\",\"isPartOf\":{\"@id\":\"https:\/\/ttcmuhendislik.com\/en\/#website\"},\"primaryImageOfPage\":{\"@id\":\"https:\/\/ttcmuhendislik.com\/fr\/nos-catalogues\/#primaryimage\"},\"datePublished\":\"2023-03-07T10:32:44+00:00\",\"dateModified\":\"2023-03-07T10:32:44+00:00\",\"description\":\"Vous pouvez acc\\u00e9der aux catalogues de produits de TTC Engineering \\u00e0 partir de cette page. Nos catalogues, qui peuvent atteindre chaque client avec diff\\u00e9rentes options de langue, sont \\u00e0 l'antenne.\",\"breadcrumb\":{\"@id\":\"https:\/\/ttcmuhendislik.com\/fr\/nos-catalogues\/#breadcrumb\"},\"inLanguage\":\"fr-FR\",\"potentialAction\":[{\"@type\":\"ReadAction\",\"target\":[\"https:\/\/ttcmuhendislik.com\/fr\/nos-catalogues\/\"]}]},{\"@type\":\"BreadcrumbList\",\"@id\":\"https:\/\/ttcmuhendislik.com\/fr\/nos-catalogues\/#breadcrumb\",\"itemListElement\":[{\"@type\":\"ListItem\",\"position\":1,\"name\":\"Anasayfa\",\"item\":\"https:\/\/ttcmuhendislik.com\/\"},{\"@type\":\"ListItem\",\"position\":2,\"name\":\"Nos Catalogues\"}]}]}<\/script>\n<!-- \/ Yoast SEO plugin. -->","_links":{"self":[{"href":"https:\/\/ttcmuhendislik.com\/fr\/wp-json\/wp\/v2\/pages\/11339"}],"collection":[{"href":"https:\/\/ttcmuhendislik.com\/fr\/wp-json\/wp\/v2\/pages"}],"about":[{"href":"https:\/\/ttcmuhendislik.com\/fr\/wp-json\/wp\/v2\/types\/page"}],"author":[{"embeddable":true,"href":"https:\/\/ttcmuhendislik.com\/fr\/wp-json\/wp\/v2\/users\/2"}],"replies":[{"embeddable":true,"href":"https:\/\/ttcmuhendislik.com\/fr\/wp-json\/wp\/v2\/comments?post=11339"}],"version-history":[{"count":0,"href":"https:\/\/ttcmuhendislik.com\/fr\/wp-json\/wp\/v2\/pages\/11339\/revisions"}],"wp:attachment":[{"href":"https:\/\/ttcmuhendislik.com\/fr\/wp-json\/wp\/v2\/media?parent=11339"}],"curies":[{"name":"wp","href":"https:\/\/api.w.org\/{rel}","templated":true}]}}