{"id":10900,"date":"2023-02-18T15:16:47","date_gmt":"2023-02-18T12:16:47","guid":{"rendered":"https:\/\/ttcmuhendislik.com\/?page_id=10900"},"modified":"2023-02-18T15:19:58","modified_gmt":"2023-02-18T12:19:58","slug":"demandez-offre","status":"publish","type":"page","link":"https:\/\/ttcmuhendislik.com\/fr\/demandez-offre\/","title":{"rendered":"DEMANDEZ UNE OFFRE"},"content":{"rendered":"\t\t<div data-elementor-type=\"wp-page\" data-elementor-id=\"10900\" class=\"elementor elementor-10900 elementor-10897\" data-elementor-settings=\"[]\">\n\t\t\t\t\t\t\t<div class=\"elementor-section-wrap\">\n\t\t\t\t\t\t\t<section class=\"elementor-section elementor-top-section elementor-element elementor-element-8811a9f elementor-section-boxed elementor-section-height-default elementor-section-height-default\" data-id=\"8811a9f\" data-element_type=\"section\" data-settings=\"{&quot;background_background&quot;:&quot;classic&quot;}\">\n\t\t\t\t\t\t\t<div class=\"elementor-background-overlay\"><\/div>\n\t\t\t\t\t\t\t<div class=\"elementor-container elementor-column-gap-default\">\n\t\t\t\t\t<div class=\"elementor-column elementor-col-100 elementor-top-column elementor-element elementor-element-8618221\" data-id=\"8618221\" data-element_type=\"column\">\n\t\t\t<div class=\"elementor-widget-wrap elementor-element-populated\">\n\t\t\t\t\t\t\t\t<div class=\"elementor-element elementor-element-a170d89 elementor-widget elementor-widget-heading\" data-id=\"a170d89\" data-element_type=\"widget\" data-widget_type=\"heading.default\">\n\t\t\t\t<div class=\"elementor-widget-container\">\n\t\t\t<h2 class=\"elementor-heading-title elementor-size-default\">DEMANDEZ UNE OFFRE <\/h2>\t\t<\/div>\n\t\t\t\t<\/div>\n\t\t\t\t<div class=\"elementor-element elementor-element-4d94be1 elementor-widget elementor-widget-heading\" data-id=\"4d94be1\" data-element_type=\"widget\" data-widget_type=\"heading.default\">\n\t\t\t\t<div class=\"elementor-widget-container\">\n\t\t\t<h2 class=\"elementor-heading-title elementor-size-default\">Vous pouvez remplir le formulaire de contact pour obtenir une offre ou des informations.<\/h2>\t\t<\/div>\n\t\t\t\t<\/div>\n\t\t\t\t<div class=\"elementor-element elementor-element-7efe736 elementor-widget-divider--view-line elementor-widget elementor-widget-divider\" data-id=\"7efe736\" data-element_type=\"widget\" data-widget_type=\"divider.default\">\n\t\t\t\t<div class=\"elementor-widget-container\">\n\t\t\t\t\t<div class=\"elementor-divider\">\n\t\t\t<span class=\"elementor-divider-separator\">\n\t\t\t\t\t\t<\/span>\n\t\t<\/div>\n\t\t\t\t<\/div>\n\t\t\t\t<\/div>\n\t\t\t\t<section class=\"elementor-section elementor-inner-section elementor-element elementor-element-a74282f elementor-section-boxed elementor-section-height-default elementor-section-height-default\" data-id=\"a74282f\" data-element_type=\"section\">\n\t\t\t\t\t\t<div class=\"elementor-container elementor-column-gap-default\">\n\t\t\t\t\t<div class=\"elementor-column elementor-col-100 elementor-inner-column elementor-element elementor-element-dbe25c0\" data-id=\"dbe25c0\" data-element_type=\"column\">\n\t\t\t<div class=\"elementor-widget-wrap elementor-element-populated\">\n\t\t\t\t\t\t\t\t<div class=\"elementor-element elementor-element-5b2a884 envato-kit-66-subscription-form elementor-button-align-center elementor-widget elementor-widget-form\" data-id=\"5b2a884\" data-element_type=\"widget\" data-settings=\"{&quot;step_next_label&quot;:&quot;Next&quot;,&quot;step_previous_label&quot;:&quot;Previous&quot;,&quot;button_width&quot;:&quot;100&quot;,&quot;step_type&quot;:&quot;number_text&quot;,&quot;step_icon_shape&quot;:&quot;circle&quot;}\" data-widget_type=\"form.default\">\n\t\t\t\t<div class=\"elementor-widget-container\">\n\t\t\t\t\t<form class=\"elementor-form\" method=\"post\" name=\"DEMANDEZ UNE OFFRE \">\n\t\t\t<input type=\"hidden\" name=\"post_id\" value=\"10900\"\/>\n\t\t\t<input type=\"hidden\" name=\"form_id\" value=\"5b2a884\"\/>\n\t\t\t<input type=\"hidden\" name=\"referer_title\" value=\"TTC M\u00fchendislik\" \/>\n\n\t\t\t\n\t\t\t<div class=\"elementor-form-fields-wrapper elementor-labels-\">\n\t\t\t\t\t\t\t\t<div class=\"elementor-field-type-text elementor-field-group elementor-column elementor-field-group-email elementor-col-100 elementor-field-required\">\n\t\t\t\t\t<label for=\"form-field-email\" class=\"elementor-field-label elementor-screen-only\">Nom et surnom (*)<\/label><input size=\"1\" type=\"text\" name=\"form_fields[email]\" id=\"form-field-email\" class=\"elementor-field elementor-size-md  elementor-field-textual\" placeholder=\"Nom et surnom (*)\" required=\"required\" aria-required=\"true\">\t\t\t\t<\/div>\n\t\t\t\t\t\t\t\t<div class=\"elementor-field-type-text elementor-field-group elementor-column elementor-field-group-field_9a03eb1 elementor-col-100\">\n\t\t\t\t\t<label for=\"form-field-field_9a03eb1\" class=\"elementor-field-label elementor-screen-only\">Le nom de votre soci\u00e9t\u00e9<\/label><input size=\"1\" type=\"text\" name=\"form_fields[field_9a03eb1]\" id=\"form-field-field_9a03eb1\" class=\"elementor-field elementor-size-md  elementor-field-textual\" placeholder=\"Le nom de votre soci\u00e9t\u00e9\">\t\t\t\t<\/div>\n\t\t\t\t\t\t\t\t<div class=\"elementor-field-type-email elementor-field-group elementor-column elementor-field-group-field_1bdc047 elementor-col-100 elementor-field-required\">\n\t\t\t\t\t<label for=\"form-field-field_1bdc047\" class=\"elementor-field-label elementor-screen-only\">Adresse e-mail (*)<\/label><input size=\"1\" type=\"email\" name=\"form_fields[field_1bdc047]\" id=\"form-field-field_1bdc047\" class=\"elementor-field elementor-size-md  elementor-field-textual\" placeholder=\"Adresse e-mail (*)\" required=\"required\" aria-required=\"true\">\t\t\t\t<\/div>\n\t\t\t\t\t\t\t\t<div class=\"elementor-field-type-tel elementor-field-group elementor-column elementor-field-group-field_0d473f0 elementor-col-100\">\n\t\t\t\t\t<label for=\"form-field-field_0d473f0\" class=\"elementor-field-label elementor-screen-only\">Votre num\u00e9ro de t\u00e9l\u00e9phone<\/label><input size=\"1\" type=\"tel\" name=\"form_fields[field_0d473f0]\" id=\"form-field-field_0d473f0\" class=\"elementor-field elementor-size-md  elementor-field-textual\" placeholder=\"Votre num\u00e9ro de t\u00e9l\u00e9phone\" pattern=\"[0-9()#&amp;+*-=.]+\" title=\"Only numbers and phone characters (#, -, *, etc) are accepted.\">\t\t\t\t<\/div>\n\t\t\t\t\t\t\t\t<div class=\"elementor-field-type-textarea elementor-field-group elementor-column elementor-field-group-field_913da00 elementor-col-100 elementor-field-required\">\n\t\t\t\t\t<label for=\"form-field-field_913da00\" class=\"elementor-field-label elementor-screen-only\">D\u00e9tails de votre demande d'offre (*)<\/label><textarea class=\"elementor-field-textual elementor-field  elementor-size-md\" name=\"form_fields[field_913da00]\" id=\"form-field-field_913da00\" rows=\"4\" placeholder=\"D\u00e9tails de votre demande d&#039;offre (*)\" required=\"required\" aria-required=\"true\"><\/textarea>\t\t\t\t<\/div>\n\t\t\t\t\t\t\t\t<div class=\"elementor-field-group elementor-column elementor-field-type-submit elementor-col-100 e-form__buttons\">\n\t\t\t\t\t<button type=\"submit\" class=\"elementor-button elementor-size-md\">\n\t\t\t\t\t\t<span >\n\t\t\t\t\t\t\t\t\t\t\t\t\t\t\t<span class=\" elementor-button-icon\">\n\t\t\t\t\t\t\t\t\t\t\t\t\t\t\t\t\t\t\t\t\t\t\t\t\t\t<\/span>\n\t\t\t\t\t\t\t\t\t\t\t\t\t\t\t\t\t\t\t\t\t\t<span class=\"elementor-button-text\">Demander une offre<\/span>\n\t\t\t\t\t\t\t\t\t\t\t\t\t<\/span>\n\t\t\t\t\t<\/button>\n\t\t\t\t<\/div>\n\t\t\t<\/div>\n\t\t<\/form>\n\t\t\t\t<\/div>\n\t\t\t\t<\/div>\n\t\t\t\t\t<\/div>\n\t\t<\/div>\n\t\t\t\t\t\t\t<\/div>\n\t\t<\/section>\n\t\t\t\t\t<\/div>\n\t\t<\/div>\n\t\t\t\t\t\t\t<\/div>\n\t\t<\/section>\n\t\t\t\t<section class=\"elementor-section elementor-top-section elementor-element elementor-element-ce63b4f elementor-section-content-middle elementor-reverse-tablet elementor-reverse-mobile elementor-section-boxed elementor-section-height-default elementor-section-height-default\" data-id=\"ce63b4f\" data-element_type=\"section\" data-settings=\"{&quot;background_background&quot;:&quot;classic&quot;}\">\n\t\t\t\t\t\t<div class=\"elementor-container elementor-column-gap-no\">\n\t\t\t\t\t<div class=\"elementor-column elementor-col-100 elementor-top-column elementor-element elementor-element-1b93504\" data-id=\"1b93504\" data-element_type=\"column\" data-settings=\"{&quot;background_background&quot;:&quot;classic&quot;}\">\n\t\t\t<div class=\"elementor-widget-wrap elementor-element-populated\">\n\t\t\t\t\t\t\t\t<div class=\"elementor-element elementor-element-3c0683d elementor-widget elementor-widget-heading\" data-id=\"3c0683d\" data-element_type=\"widget\" data-widget_type=\"heading.default\">\n\t\t\t\t<div class=\"elementor-widget-container\">\n\t\t\t<h2 class=\"elementor-heading-title elementor-size-default\">Nos Coordonn\u00e9es<\/h2>\t\t<\/div>\n\t\t\t\t<\/div>\n\t\t\t\t<div class=\"elementor-element elementor-element-c8b3bec elementor-view-stacked elementor-position-left elementor-vertical-align-bottom elementor-shape-circle elementor-widget elementor-widget-icon-box\" data-id=\"c8b3bec\" data-element_type=\"widget\" data-widget_type=\"icon-box.default\">\n\t\t\t\t<div class=\"elementor-widget-container\">\n\t\t\t\t\t<div class=\"elementor-icon-box-wrapper\">\n\t\t\t\t\t\t<div class=\"elementor-icon-box-icon\">\n\t\t\t\t<span class=\"elementor-icon elementor-animation-\" >\n\t\t\t\t<i aria-hidden=\"true\" class=\"far fa-paper-plane\"><\/i>\t\t\t\t<\/span>\n\t\t\t<\/div>\n\t\t\t\t\t\t<div class=\"elementor-icon-box-content\">\n\t\t\t\t<h3 class=\"elementor-icon-box-title\">\n\t\t\t\t\t<span >USINE 1<\/span>\n\t\t\t\t<\/h3>\n\t\t\t\t\t\t\t\t<p class=\"elementor-icon-box-description\">Orhaniye mah., 2051. Cadde, No: 65\/A, Kahramankazan, Ankara\/T\u00fcrkiye<\/p>\n\t\t\t\t\t\t\t<\/div>\n\t\t<\/div>\n\t\t\t\t<\/div>\n\t\t\t\t<\/div>\n\t\t\t\t<div class=\"elementor-element elementor-element-115ec4c elementor-view-stacked elementor-position-left elementor-vertical-align-bottom elementor-shape-circle elementor-widget elementor-widget-icon-box\" data-id=\"115ec4c\" data-element_type=\"widget\" data-widget_type=\"icon-box.default\">\n\t\t\t\t<div class=\"elementor-widget-container\">\n\t\t\t\t\t<div class=\"elementor-icon-box-wrapper\">\n\t\t\t\t\t\t<div class=\"elementor-icon-box-icon\">\n\t\t\t\t<span class=\"elementor-icon elementor-animation-\" >\n\t\t\t\t<i aria-hidden=\"true\" class=\"far fa-paper-plane\"><\/i>\t\t\t\t<\/span>\n\t\t\t<\/div>\n\t\t\t\t\t\t<div class=\"elementor-icon-box-content\">\n\t\t\t\t<h3 class=\"elementor-icon-box-title\">\n\t\t\t\t\t<span >USINE 2<\/span>\n\t\t\t\t<\/h3>\n\t\t\t\t\t\t\t\t<p class=\"elementor-icon-box-description\">Bayraktar Cad. ANSA Sanayi Sitesi, 1-K, 1-L, Saray, Kahramankazan, Ankara\/T\u00fcrkiye<\/p>\n\t\t\t\t\t\t\t<\/div>\n\t\t<\/div>\n\t\t\t\t<\/div>\n\t\t\t\t<\/div>\n\t\t\t\t<div class=\"elementor-element elementor-element-db0619c elementor-view-stacked elementor-position-left elementor-vertical-align-bottom elementor-shape-circle elementor-widget elementor-widget-icon-box\" data-id=\"db0619c\" data-element_type=\"widget\" data-widget_type=\"icon-box.default\">\n\t\t\t\t<div class=\"elementor-widget-container\">\n\t\t\t\t\t<div class=\"elementor-icon-box-wrapper\">\n\t\t\t\t\t\t<div class=\"elementor-icon-box-icon\">\n\t\t\t\t<span class=\"elementor-icon elementor-animation-\" >\n\t\t\t\t<i aria-hidden=\"true\" class=\"far fa-paper-plane\"><\/i>\t\t\t\t<\/span>\n\t\t\t<\/div>\n\t\t\t\t\t\t<div class=\"elementor-icon-box-content\">\n\t\t\t\t<h3 class=\"elementor-icon-box-title\">\n\t\t\t\t\t<span >Succursale de l'Ouzb\u00e9kistan<\/span>\n\t\t\t\t<\/h3>\n\t\t\t\t\t\t\t\t<p class=\"elementor-icon-box-description\">Zangiata district, Uzgarish, Charogan Street 37\/3, Tashkent\/\u00d6ZBEK\u0130STAN<\/p>\n\t\t\t\t\t\t\t<\/div>\n\t\t<\/div>\n\t\t\t\t<\/div>\n\t\t\t\t<\/div>\n\t\t\t\t<div class=\"elementor-element elementor-element-4979e4c elementor-view-stacked elementor-position-left elementor-vertical-align-bottom elementor-shape-circle elementor-widget elementor-widget-icon-box\" data-id=\"4979e4c\" data-element_type=\"widget\" data-widget_type=\"icon-box.default\">\n\t\t\t\t<div class=\"elementor-widget-container\">\n\t\t\t\t\t<div class=\"elementor-icon-box-wrapper\">\n\t\t\t\t\t\t<div class=\"elementor-icon-box-icon\">\n\t\t\t\t<span class=\"elementor-icon elementor-animation-\" >\n\t\t\t\t<i aria-hidden=\"true\" class=\"far fa-paper-plane\"><\/i>\t\t\t\t<\/span>\n\t\t\t<\/div>\n\t\t\t\t\t\t<div class=\"elementor-icon-box-content\">\n\t\t\t\t<h3 class=\"elementor-icon-box-title\">\n\t\t\t\t\t<span >Succursale du Kazakhstan<\/span>\n\t\t\t\t<\/h3>\n\t\t\t\t\t\t\t\t<p class=\"elementor-icon-box-description\">Bekenbai batyr 131 G, Aktobe\/KAZAK\u0130STAN<\/p>\n\t\t\t\t\t\t\t<\/div>\n\t\t<\/div>\n\t\t\t\t<\/div>\n\t\t\t\t<\/div>\n\t\t\t\t<div class=\"elementor-element elementor-element-1f16357 elementor-shape-square e-grid-align-center elementor-grid-0 e-grid-align-center elementor-widget elementor-widget-social-icons\" data-id=\"1f16357\" data-element_type=\"widget\" data-widget_type=\"social-icons.default\">\n\t\t\t\t<div class=\"elementor-widget-container\">\n\t\t\t\t\t<div class=\"elementor-social-icons-wrapper elementor-grid\">\n\t\t\t\t\t\t\t<div class=\"elementor-grid-item\">\n\t\t\t\t\t<a class=\"elementor-icon elementor-social-icon elementor-social-icon-instagram elementor-animation-pulse elementor-repeater-item-6c65ae8\" href=\"https:\/\/www.instagram.com\/ttc_muhendislik\" target=\"_blank\">\n\t\t\t\t\t\t<span class=\"elementor-screen-only\">Instagram<\/span>\n\t\t\t\t\t\t<i class=\"fab fa-instagram\"><\/i>\t\t\t\t\t<\/a>\n\t\t\t\t<\/div>\n\t\t\t\t\t\t\t<div class=\"elementor-grid-item\">\n\t\t\t\t\t<a class=\"elementor-icon elementor-social-icon elementor-social-icon-linkedin elementor-animation-pulse elementor-repeater-item-24da18a\" href=\"https:\/\/tr.linkedin.com\/company\/ttc-crushing-plant-asphalt-plant\" target=\"_blank\">\n\t\t\t\t\t\t<span class=\"elementor-screen-only\">Linkedin<\/span>\n\t\t\t\t\t\t<i class=\"fab fa-linkedin\"><\/i>\t\t\t\t\t<\/a>\n\t\t\t\t<\/div>\n\t\t\t\t\t\t\t<div class=\"elementor-grid-item\">\n\t\t\t\t\t<a class=\"elementor-icon elementor-social-icon elementor-social-icon-facebook-f elementor-animation-pulse elementor-repeater-item-fb21e6a\" href=\"https:\/\/www.facebook.com\/crushingscreeningplant\/\" target=\"_blank\">\n\t\t\t\t\t\t<span class=\"elementor-screen-only\">Facebook-f<\/span>\n\t\t\t\t\t\t<i class=\"fab fa-facebook-f\"><\/i>\t\t\t\t\t<\/a>\n\t\t\t\t<\/div>\n\t\t\t\t\t\t\t<div class=\"elementor-grid-item\">\n\t\t\t\t\t<a class=\"elementor-icon elementor-social-icon elementor-social-icon-youtube elementor-animation-pulse elementor-repeater-item-39f2533\" href=\"https:\/\/www.youtube.com\/channel\/UC3pT-Dl3jc8ELBRgE7Yx8OA\" target=\"_blank\">\n\t\t\t\t\t\t<span class=\"elementor-screen-only\">Youtube<\/span>\n\t\t\t\t\t\t<i class=\"fab fa-youtube\"><\/i>\t\t\t\t\t<\/a>\n\t\t\t\t<\/div>\n\t\t\t\t\t\t\t<div class=\"elementor-grid-item\">\n\t\t\t\t\t<a class=\"elementor-icon elementor-social-icon elementor-social-icon-whatsapp elementor-animation-pulse elementor-repeater-item-e745d2b\" href=\"https:\/\/wa.me\/905333870882\" target=\"_blank\">\n\t\t\t\t\t\t<span class=\"elementor-screen-only\">Whatsapp<\/span>\n\t\t\t\t\t\t<i class=\"fab fa-whatsapp\"><\/i>\t\t\t\t\t<\/a>\n\t\t\t\t<\/div>\n\t\t\t\t\t\t\t<div class=\"elementor-grid-item\">\n\t\t\t\t\t<a class=\"elementor-icon elementor-social-icon elementor-social-icon-envelope elementor-animation-pulse elementor-repeater-item-182ca7a\" href=\"http:\/\/info@ttcmuhendislik.com\" target=\"_blank\">\n\t\t\t\t\t\t<span class=\"elementor-screen-only\">Envelope<\/span>\n\t\t\t\t\t\t<i class=\"fas fa-envelope\"><\/i>\t\t\t\t\t<\/a>\n\t\t\t\t<\/div>\n\t\t\t\t\t\t\t<div class=\"elementor-grid-item\">\n\t\t\t\t\t<a class=\"elementor-icon elementor-social-icon elementor-social-icon-telegram elementor-animation-pulse elementor-repeater-item-2b46192\" href=\"https:\/\/t.me\/ttcmachine\" target=\"_blank\">\n\t\t\t\t\t\t<span class=\"elementor-screen-only\">Telegram<\/span>\n\t\t\t\t\t\t<i class=\"fab fa-telegram\"><\/i>\t\t\t\t\t<\/a>\n\t\t\t\t<\/div>\n\t\t\t\t\t\t\t<div class=\"elementor-grid-item\">\n\t\t\t\t\t<a class=\"elementor-icon elementor-social-icon elementor-social-icon-skype elementor-animation-pulse elementor-repeater-item-213e528\" href=\"https:\/\/join.skype.com\/invite\/OAWEtuvcv5hc\" target=\"_blank\">\n\t\t\t\t\t\t<span class=\"elementor-screen-only\">Skype<\/span>\n\t\t\t\t\t\t<i class=\"fab fa-skype\"><\/i>\t\t\t\t\t<\/a>\n\t\t\t\t<\/div>\n\t\t\t\t\t<\/div>\n\t\t\t\t<\/div>\n\t\t\t\t<\/div>\n\t\t\t\t\t<\/div>\n\t\t<\/div>\n\t\t\t\t\t\t\t<\/div>\n\t\t<\/section>\n\t\t\t\t\t\t<\/div>\n\t\t\t\t\t<\/div>\n\t\t","protected":false},"excerpt":{"rendered":"<p>DEMANDEZ UNE OFFRE Vous pouvez remplir le formulaire de contact pour obtenir une offre ou des informations. Nos Coordonn\u00e9es USINE 1 Orhaniye mah., 2051. Cadde, No: 65\/A, Kahramankazan, Ankara\/T\u00fcrkiye USINE 2 Bayraktar Cad. ANSA Sanayi Sitesi, 1-K, 1-L, Saray, Kahramankazan, Ankara\/T\u00fcrkiye Succursale de l&#8217;Ouzb\u00e9kistan Zangiata district, Uzgarish, Charogan Street 37\/3, Tashkent\/\u00d6ZBEK\u0130STAN Succursale du Kazakhstan Bekenbai [&hellip;]<\/p>\n","protected":false},"author":2,"featured_media":0,"parent":0,"menu_order":0,"comment_status":"closed","ping_status":"closed","template":"","meta":[],"yoast_head":"<!-- This site is optimized with the Yoast SEO plugin v16.5 - https:\/\/yoast.com\/wordpress\/plugins\/seo\/ -->\n<title>DEMANDEZ UNE OFFRE - TTC M\u00fchendislik<\/title>\n<meta name=\"description\" content=\"Vous pouvez remplir le formulaire de contact pour obtenir une offre ou des informations.\" \/>\n<meta name=\"robots\" content=\"index, follow, max-snippet:-1, max-image-preview:large, max-video-preview:-1\" \/>\n<link rel=\"canonical\" href=\"https:\/\/ttcmuhendislik.com\/fr\/demandez-offre\/\" \/>\n<meta property=\"og:locale\" content=\"fr_FR\" \/>\n<meta property=\"og:type\" content=\"article\" \/>\n<meta property=\"og:title\" content=\"DEMANDEZ UNE OFFRE - TTC M\u00fchendislik\" \/>\n<meta property=\"og:description\" content=\"Vous pouvez remplir le formulaire de contact pour obtenir une offre ou des informations.\" \/>\n<meta property=\"og:url\" content=\"https:\/\/ttcmuhendislik.com\/fr\/demandez-offre\/\" \/>\n<meta property=\"og:site_name\" content=\"TTC M\u00fchendislik\" \/>\n<meta property=\"article:modified_time\" content=\"2023-02-18T12:19:58+00:00\" \/>\n<meta name=\"twitter:card\" content=\"summary_large_image\" \/>\n<meta name=\"twitter:label1\" content=\"Dur\u00e9e de lecture est.\" \/>\n\t<meta name=\"twitter:data1\" content=\"1 minute\" \/>\n<script type=\"application\/ld+json\" class=\"yoast-schema-graph\">{\"@context\":\"https:\/\/schema.org\",\"@graph\":[{\"@type\":\"Organization\",\"@id\":\"https:\/\/ttcmuhendislik.com\/en\/#organization\",\"name\":\"TTC M\\u00fchendislik\",\"url\":\"https:\/\/ttcmuhendislik.com\/en\/\",\"sameAs\":[],\"logo\":{\"@type\":\"ImageObject\",\"@id\":\"https:\/\/ttcmuhendislik.com\/en\/#logo\",\"inLanguage\":\"fr-FR\",\"url\":\"https:\/\/ttcmuhendislik.com\/wp-content\/uploads\/2021\/04\/logo.png\",\"contentUrl\":\"https:\/\/ttcmuhendislik.com\/wp-content\/uploads\/2021\/04\/logo.png\",\"width\":440,\"height\":170,\"caption\":\"TTC M\\u00fchendislik\"},\"image\":{\"@id\":\"https:\/\/ttcmuhendislik.com\/en\/#logo\"}},{\"@type\":\"WebSite\",\"@id\":\"https:\/\/ttcmuhendislik.com\/en\/#website\",\"url\":\"https:\/\/ttcmuhendislik.com\/en\/\",\"name\":\"TTC M\\u00fchendislik\",\"description\":\"\",\"publisher\":{\"@id\":\"https:\/\/ttcmuhendislik.com\/en\/#organization\"},\"potentialAction\":[{\"@type\":\"SearchAction\",\"target\":\"https:\/\/ttcmuhendislik.com\/en\/?s={search_term_string}\",\"query-input\":\"required name=search_term_string\"}],\"inLanguage\":\"fr-FR\"},{\"@type\":\"WebPage\",\"@id\":\"https:\/\/ttcmuhendislik.com\/fr\/demandez-offre\/#webpage\",\"url\":\"https:\/\/ttcmuhendislik.com\/fr\/demandez-offre\/\",\"name\":\"DEMANDEZ UNE OFFRE - TTC M\\u00fchendislik\",\"isPartOf\":{\"@id\":\"https:\/\/ttcmuhendislik.com\/en\/#website\"},\"datePublished\":\"2023-02-18T12:16:47+00:00\",\"dateModified\":\"2023-02-18T12:19:58+00:00\",\"description\":\"Vous pouvez remplir le formulaire de contact pour obtenir une offre ou des informations.\",\"breadcrumb\":{\"@id\":\"https:\/\/ttcmuhendislik.com\/fr\/demandez-offre\/#breadcrumb\"},\"inLanguage\":\"fr-FR\",\"potentialAction\":[{\"@type\":\"ReadAction\",\"target\":[\"https:\/\/ttcmuhendislik.com\/fr\/demandez-offre\/\"]}]},{\"@type\":\"BreadcrumbList\",\"@id\":\"https:\/\/ttcmuhendislik.com\/fr\/demandez-offre\/#breadcrumb\",\"itemListElement\":[{\"@type\":\"ListItem\",\"position\":1,\"name\":\"Anasayfa\",\"item\":\"https:\/\/ttcmuhendislik.com\/\"},{\"@type\":\"ListItem\",\"position\":2,\"name\":\"DEMANDEZ UNE OFFRE\"}]}]}<\/script>\n<!-- \/ Yoast SEO plugin. -->","_links":{"self":[{"href":"https:\/\/ttcmuhendislik.com\/fr\/wp-json\/wp\/v2\/pages\/10900"}],"collection":[{"href":"https:\/\/ttcmuhendislik.com\/fr\/wp-json\/wp\/v2\/pages"}],"about":[{"href":"https:\/\/ttcmuhendislik.com\/fr\/wp-json\/wp\/v2\/types\/page"}],"author":[{"embeddable":true,"href":"https:\/\/ttcmuhendislik.com\/fr\/wp-json\/wp\/v2\/users\/2"}],"replies":[{"embeddable":true,"href":"https:\/\/ttcmuhendislik.com\/fr\/wp-json\/wp\/v2\/comments?post=10900"}],"version-history":[{"count":0,"href":"https:\/\/ttcmuhendislik.com\/fr\/wp-json\/wp\/v2\/pages\/10900\/revisions"}],"wp:attachment":[{"href":"https:\/\/ttcmuhendislik.com\/fr\/wp-json\/wp\/v2\/media?parent=10900"}],"curies":[{"name":"wp","href":"https:\/\/api.w.org\/{rel}","templated":true}]}}