{"id":7125,"date":"2022-12-05T10:21:26","date_gmt":"2022-12-05T07:21:26","guid":{"rendered":"https:\/\/ttcmuhendislik.com\/?page_id=7125"},"modified":"2022-12-31T11:35:36","modified_gmt":"2022-12-31T08:35:36","slug":"bitumen-pool","status":"publish","type":"page","link":"https:\/\/ttcmuhendislik.com\/en\/ttc-products\/asphalt-mixing-plant\/stock-heating-systems\/bitumen-pool\/","title":{"rendered":"Bitumen Pool"},"content":{"rendered":"\t\t<div data-elementor-type=\"wp-page\" data-elementor-id=\"7125\" class=\"elementor elementor-7125 elementor-7123\" data-elementor-settings=\"[]\">\n\t\t\t\t\t\t\t<div class=\"elementor-section-wrap\">\n\t\t\t\t\t\t\t<section class=\"elementor-section elementor-top-section elementor-element elementor-element-7b734a2 envato-kit-141-top-0 elementor-reverse-mobile elementor-section-boxed elementor-section-height-default elementor-section-height-default\" data-id=\"7b734a2\" data-element_type=\"section\" data-settings=\"{&quot;background_background&quot;:&quot;classic&quot;}\">\n\t\t\t\t\t\t\t<div class=\"elementor-background-overlay\"><\/div>\n\t\t\t\t\t\t\t<div class=\"elementor-container elementor-column-gap-wider\">\n\t\t\t\t\t<div class=\"elementor-column elementor-col-50 elementor-top-column elementor-element elementor-element-b3018c4\" data-id=\"b3018c4\" data-element_type=\"column\" data-settings=\"{&quot;background_background&quot;:&quot;classic&quot;}\">\n\t\t\t<div class=\"elementor-widget-wrap elementor-element-populated\">\n\t\t\t\t\t\t\t\t<div class=\"elementor-element elementor-element-a36aaed elementor-widget elementor-widget-image\" data-id=\"a36aaed\" data-element_type=\"widget\" data-widget_type=\"image.default\">\n\t\t\t\t<div class=\"elementor-widget-container\">\n\t\t\t\t\t\t\t\t\t\t\t\t\t\t\t<img wpfc-lazyload-disable=\"true\" width=\"900\" height=\"536\" src=\"https:\/\/ttcmuhendislik.com\/wp-content\/uploads\/2022\/12\/bitumen-storage-pool.jpg\" class=\"attachment-full size-full\" alt=\"\" loading=\"lazy\" srcset=\"https:\/\/ttcmuhendislik.com\/wp-content\/uploads\/2022\/12\/bitumen-storage-pool.jpg 900w, https:\/\/ttcmuhendislik.com\/wp-content\/uploads\/2022\/12\/bitumen-storage-pool-300x179.jpg 300w, https:\/\/ttcmuhendislik.com\/wp-content\/uploads\/2022\/12\/bitumen-storage-pool-768x457.jpg 768w\" sizes=\"(max-width: 900px) 100vw, 900px\" wpfc-lazyload-disable=\"true\" \/>\t\t\t\t\t\t\t\t\t\t\t\t\t\t\t<\/div>\n\t\t\t\t<\/div>\n\t\t\t\t\t<\/div>\n\t\t<\/div>\n\t\t\t\t<div class=\"elementor-column elementor-col-50 elementor-top-column elementor-element elementor-element-171b200\" data-id=\"171b200\" data-element_type=\"column\">\n\t\t\t<div class=\"elementor-widget-wrap elementor-element-populated\">\n\t\t\t\t\t\t\t\t<div class=\"elementor-element elementor-element-6c8dcfb elementor-invisible elementor-widget elementor-widget-heading\" data-id=\"6c8dcfb\" data-element_type=\"widget\" data-settings=\"{&quot;_animation&quot;:&quot;fadeIn&quot;}\" data-widget_type=\"heading.default\">\n\t\t\t\t<div class=\"elementor-widget-container\">\n\t\t\t<h5 class=\"elementor-heading-title elementor-size-medium\">TTC M\u00dcHEND\u0130SL\u0130K<\/h5>\t\t<\/div>\n\t\t\t\t<\/div>\n\t\t\t\t<div class=\"elementor-element elementor-element-b484619 elementor-widget elementor-widget-heading\" data-id=\"b484619\" data-element_type=\"widget\" data-widget_type=\"heading.default\">\n\t\t\t\t<div class=\"elementor-widget-container\">\n\t\t\t<h2 class=\"elementor-heading-title elementor-size-xxl\">Bitumen Pool<\/h2>\t\t<\/div>\n\t\t\t\t<\/div>\n\t\t\t\t<div class=\"elementor-element elementor-element-53f5a71 elementor-widget-divider--view-line elementor-widget elementor-widget-divider\" data-id=\"53f5a71\" data-element_type=\"widget\" data-widget_type=\"divider.default\">\n\t\t\t\t<div class=\"elementor-widget-container\">\n\t\t\t\t\t<div class=\"elementor-divider\">\n\t\t\t<span class=\"elementor-divider-separator\">\n\t\t\t\t\t\t<\/span>\n\t\t<\/div>\n\t\t\t\t<\/div>\n\t\t\t\t<\/div>\n\t\t\t\t<div class=\"elementor-element elementor-element-cbf09e5 elementor-widget elementor-widget-text-editor\" data-id=\"cbf09e5\" data-element_type=\"widget\" data-widget_type=\"text-editor.default\">\n\t\t\t\t<div class=\"elementor-widget-container\">\n\t\t\t\t\t\t\t\t<p>TTC Engineering is at your side with its bitumen pool solutions for bitumen storage needs with very high capacities in the range of 500 \u2013 100,000 m3. In accordance with your project needs, in desired dimensions, desired capacity, heating surface area, etc. According to the specifications, flexible, high quality and long-lasting bitumen pools are manufactured. It provides more favorable initial investment cost advantage.<\/p><p>Only high quality steel drawn pipe (P235GH+TC1) serpentine is used in hot oil heated bitumen storage reinforced concrete structures.<\/p><p>Specially designed front partitions are created to save energy and create a fast heating area.<\/p><p>The ground is prepared in accordance with the bitumen flow.<\/p>\t\t\t\t\t\t<\/div>\n\t\t\t\t<\/div>\n\t\t\t\t\t<\/div>\n\t\t<\/div>\n\t\t\t\t\t\t\t<\/div>\n\t\t<\/section>\n\t\t\t\t<section class=\"elementor-section elementor-top-section elementor-element elementor-element-7aed0ddf elementor-section-boxed elementor-section-height-default elementor-section-height-default\" data-id=\"7aed0ddf\" data-element_type=\"section\" data-settings=\"{&quot;background_background&quot;:&quot;classic&quot;}\">\n\t\t\t\t\t\t\t<div class=\"elementor-background-overlay\"><\/div>\n\t\t\t\t\t\t\t<div class=\"elementor-container elementor-column-gap-default\">\n\t\t\t\t\t<div class=\"elementor-column elementor-col-100 elementor-top-column elementor-element elementor-element-5d7361c4\" data-id=\"5d7361c4\" data-element_type=\"column\">\n\t\t\t<div class=\"elementor-widget-wrap elementor-element-populated\">\n\t\t\t\t\t\t\t\t<div class=\"elementor-element elementor-element-10bcb43b elementor-hidden-desktop elementor-hidden-tablet elementor-hidden-phone elementor-widget elementor-widget-heading\" data-id=\"10bcb43b\" data-element_type=\"widget\" data-widget_type=\"heading.default\">\n\t\t\t\t<div class=\"elementor-widget-container\">\n\t\t\t<h3 class=\"elementor-heading-title elementor-size-default\">TTC ENGINEERING<\/h3>\t\t<\/div>\n\t\t\t\t<\/div>\n\t\t\t\t<div class=\"elementor-element elementor-element-3c0f6b3a elementor-widget elementor-widget-heading\" data-id=\"3c0f6b3a\" data-element_type=\"widget\" data-widget_type=\"heading.default\">\n\t\t\t\t<div class=\"elementor-widget-container\">\n\t\t\t<h2 class=\"elementor-heading-title elementor-size-default\">REQUEST AN OFFER<\/h2>\t\t<\/div>\n\t\t\t\t<\/div>\n\t\t\t\t<div class=\"elementor-element elementor-element-6c7d8f3 elementor-widget-divider--view-line elementor-widget elementor-widget-divider\" data-id=\"6c7d8f3\" data-element_type=\"widget\" data-widget_type=\"divider.default\">\n\t\t\t\t<div class=\"elementor-widget-container\">\n\t\t\t\t\t<div class=\"elementor-divider\">\n\t\t\t<span class=\"elementor-divider-separator\">\n\t\t\t\t\t\t<\/span>\n\t\t<\/div>\n\t\t\t\t<\/div>\n\t\t\t\t<\/div>\n\t\t\t\t<section class=\"elementor-section elementor-inner-section elementor-element elementor-element-35e10853 elementor-section-boxed elementor-section-height-default elementor-section-height-default\" data-id=\"35e10853\" data-element_type=\"section\">\n\t\t\t\t\t\t<div class=\"elementor-container elementor-column-gap-default\">\n\t\t\t\t\t<div class=\"elementor-column elementor-col-100 elementor-inner-column elementor-element elementor-element-4bfb1f2d\" data-id=\"4bfb1f2d\" data-element_type=\"column\">\n\t\t\t<div class=\"elementor-widget-wrap elementor-element-populated\">\n\t\t\t\t\t\t\t\t<div class=\"elementor-element elementor-element-18948579 envato-kit-66-subscription-form elementor-button-align-center elementor-widget elementor-widget-form\" data-id=\"18948579\" data-element_type=\"widget\" data-settings=\"{&quot;step_next_label&quot;:&quot;Next&quot;,&quot;step_previous_label&quot;:&quot;Previous&quot;,&quot;button_width&quot;:&quot;100&quot;,&quot;step_type&quot;:&quot;number_text&quot;,&quot;step_icon_shape&quot;:&quot;circle&quot;}\" data-widget_type=\"form.default\">\n\t\t\t\t<div class=\"elementor-widget-container\">\n\t\t\t\t\t<form class=\"elementor-form\" method=\"post\" name=\" REQUEST AN OFFER\">\n\t\t\t<input type=\"hidden\" name=\"post_id\" value=\"7125\"\/>\n\t\t\t<input type=\"hidden\" name=\"form_id\" value=\"18948579\"\/>\n\t\t\t<input type=\"hidden\" name=\"referer_title\" value=\"TTC M\u00fchendislik\" \/>\n\n\t\t\t\n\t\t\t<div class=\"elementor-form-fields-wrapper elementor-labels-\">\n\t\t\t\t\t\t\t\t<div class=\"elementor-field-type-text elementor-field-group elementor-column elementor-field-group-email elementor-col-100 elementor-field-required\">\n\t\t\t\t\t<label for=\"form-field-email\" class=\"elementor-field-label elementor-screen-only\">Name and Surname (*)<\/label><input size=\"1\" type=\"text\" name=\"form_fields[email]\" id=\"form-field-email\" class=\"elementor-field elementor-size-md  elementor-field-textual\" placeholder=\"Name and Surname (*)\" required=\"required\" aria-required=\"true\">\t\t\t\t<\/div>\n\t\t\t\t\t\t\t\t<div class=\"elementor-field-type-text elementor-field-group elementor-column elementor-field-group-field_9a03eb1 elementor-col-100\">\n\t\t\t\t\t<label for=\"form-field-field_9a03eb1\" class=\"elementor-field-label elementor-screen-only\">Your Company Name<\/label><input size=\"1\" type=\"text\" name=\"form_fields[field_9a03eb1]\" id=\"form-field-field_9a03eb1\" class=\"elementor-field elementor-size-md  elementor-field-textual\" placeholder=\"Your Company Name\">\t\t\t\t<\/div>\n\t\t\t\t\t\t\t\t<div class=\"elementor-field-type-email elementor-field-group elementor-column elementor-field-group-field_1bdc047 elementor-col-100 elementor-field-required\">\n\t\t\t\t\t<label for=\"form-field-field_1bdc047\" class=\"elementor-field-label elementor-screen-only\">E-Mail Address (*)<\/label><input size=\"1\" type=\"email\" name=\"form_fields[field_1bdc047]\" id=\"form-field-field_1bdc047\" class=\"elementor-field elementor-size-md  elementor-field-textual\" placeholder=\"E-Mail Address (*)\" required=\"required\" aria-required=\"true\">\t\t\t\t<\/div>\n\t\t\t\t\t\t\t\t<div class=\"elementor-field-type-tel elementor-field-group elementor-column elementor-field-group-field_0d473f0 elementor-col-100\">\n\t\t\t\t\t<label for=\"form-field-field_0d473f0\" class=\"elementor-field-label elementor-screen-only\">Your Phone Number<\/label><input size=\"1\" type=\"tel\" name=\"form_fields[field_0d473f0]\" id=\"form-field-field_0d473f0\" class=\"elementor-field elementor-size-md  elementor-field-textual\" placeholder=\"Your Phone Number\" pattern=\"[0-9()#&amp;+*-=.]+\" title=\"Only numbers and phone characters (#, -, *, etc) are accepted.\">\t\t\t\t<\/div>\n\t\t\t\t\t\t\t\t<div class=\"elementor-field-type-textarea elementor-field-group elementor-column elementor-field-group-field_913da00 elementor-col-100 elementor-field-required\">\n\t\t\t\t\t<label for=\"form-field-field_913da00\" class=\"elementor-field-label elementor-screen-only\">Details of Your Offer Request (*)<\/label><textarea class=\"elementor-field-textual elementor-field  elementor-size-md\" name=\"form_fields[field_913da00]\" id=\"form-field-field_913da00\" rows=\"4\" placeholder=\"Details of Your Offer Request (*)\" required=\"required\" aria-required=\"true\"><\/textarea>\t\t\t\t<\/div>\n\t\t\t\t\t\t\t\t<div class=\"elementor-field-group elementor-column elementor-field-type-submit elementor-col-100 e-form__buttons\">\n\t\t\t\t\t<button type=\"submit\" class=\"elementor-button elementor-size-md\">\n\t\t\t\t\t\t<span >\n\t\t\t\t\t\t\t\t\t\t\t\t\t\t\t<span class=\" elementor-button-icon\">\n\t\t\t\t\t\t\t\t\t\t\t\t\t\t\t\t\t\t\t\t\t\t\t\t\t\t<\/span>\n\t\t\t\t\t\t\t\t\t\t\t\t\t\t\t\t\t\t\t\t\t\t<span class=\"elementor-button-text\">Send<\/span>\n\t\t\t\t\t\t\t\t\t\t\t\t\t<\/span>\n\t\t\t\t\t<\/button>\n\t\t\t\t<\/div>\n\t\t\t<\/div>\n\t\t<\/form>\n\t\t\t\t<\/div>\n\t\t\t\t<\/div>\n\t\t\t\t\t<\/div>\n\t\t<\/div>\n\t\t\t\t\t\t\t<\/div>\n\t\t<\/section>\n\t\t\t\t\t<\/div>\n\t\t<\/div>\n\t\t\t\t\t\t\t<\/div>\n\t\t<\/section>\n\t\t\t\t\t\t<\/div>\n\t\t\t\t\t<\/div>\n\t\t","protected":false},"excerpt":{"rendered":"<p>TTC M\u00dcHEND\u0130SL\u0130K Bitumen Pool TTC Engineering is at your side with its bitumen pool solutions for bitumen storage needs with very high capacities in the range of 500 \u2013 100,000 m3. In accordance with your project needs, in desired dimensions, desired capacity, heating surface area, etc. According to the specifications, flexible, high quality and long-lasting [&hellip;]<\/p>\n","protected":false},"author":2,"featured_media":0,"parent":6800,"menu_order":11,"comment_status":"closed","ping_status":"closed","template":"","meta":[],"yoast_head":"<!-- This site is optimized with the Yoast SEO plugin v16.5 - https:\/\/yoast.com\/wordpress\/plugins\/seo\/ -->\n<title>Bitumen Pool - TTC M\u00fchendislik<\/title>\n<meta name=\"description\" content=\"TTC Engineering is at your side with its bitumen pool solutions for bitumen storage needs with very high capacities in the range of 500 \u2013 100,000 m3.\" \/>\n<meta name=\"robots\" content=\"index, follow, max-snippet:-1, max-image-preview:large, max-video-preview:-1\" \/>\n<link rel=\"canonical\" href=\"https:\/\/ttcmuhendislik.com\/en\/\u043d\u0430\u0448\u0438-\u043f\u0440\u043e\u0434\u0443\u043a\u0442\u044b\/\u0430\u0441\u0444\u0430\u043b\u044c\u0442\u043e\u0431\u0435\u0442\u043e\u043d\u043d\u044b\u0439-\u0437\u0430\u0432\u043e\u0434\/\u0437\u0430\u043f\u0430\u0441\u044b-\u0438-\u0441\u0438\u0441\u0442\u0435\u043c\u044b-\u043e\u0442\u043e\u043f\u043b\u0435\u043d\u0438\u044f\/\u0431\u0438\u0442\u0443\u043c\u043d\u044b\u0439-\u0431\u0430\u0441\u0441\u0435\u0439\u043d\/\" \/>\n<meta property=\"og:locale\" content=\"en_US\" \/>\n<meta property=\"og:type\" content=\"article\" \/>\n<meta property=\"og:title\" content=\"Bitumen Pool - TTC M\u00fchendislik\" \/>\n<meta property=\"og:description\" content=\"TTC Engineering is at your side with its bitumen pool solutions for bitumen storage needs with very high capacities in the range of 500 \u2013 100,000 m3.\" \/>\n<meta property=\"og:url\" content=\"https:\/\/ttcmuhendislik.com\/ru\/\u043d\u0430\u0448\u0438-\u043f\u0440\u043e\u0434\u0443\u043a\u0442\u044b\/\u0430\u0441\u0444\u0430\u043b\u044c\u0442\u043e\u0431\u0435\u0442\u043e\u043d\u043d\u044b\u0439-\u0437\u0430\u0432\u043e\u0434\/\u0437\u0430\u043f\u0430\u0441\u044b-\u0438-\u0441\u0438\u0441\u0442\u0435\u043c\u044b-\u043e\u0442\u043e\u043f\u043b\u0435\u043d\u0438\u044f\/\u0431\u0438\u0442\u0443\u043c\u043d\u044b\u0439-\u0431\u0430\u0441\u0441\u0435\u0439\u043d\/\" \/>\n<meta property=\"og:site_name\" content=\"TTC M\u00fchendislik\" \/>\n<meta property=\"article:modified_time\" content=\"2022-12-31T08:35:36+00:00\" \/>\n<meta property=\"og:image\" content=\"https:\/\/ttcmuhendislik.com\/wp-content\/uploads\/2022\/12\/bitumen-storage-pool.jpg\" \/>\n<meta name=\"twitter:card\" content=\"summary_large_image\" \/>\n<meta name=\"twitter:label1\" content=\"Est. reading time\" \/>\n\t<meta name=\"twitter:data1\" content=\"1 minute\" \/>\n<script type=\"application\/ld+json\" class=\"yoast-schema-graph\">{\"@context\":\"https:\/\/schema.org\",\"@graph\":[{\"@type\":\"Organization\",\"@id\":\"https:\/\/ttcmuhendislik.com\/en\/#organization\",\"name\":\"TTC M\\u00fchendislik\",\"url\":\"https:\/\/ttcmuhendislik.com\/en\/\",\"sameAs\":[],\"logo\":{\"@type\":\"ImageObject\",\"@id\":\"https:\/\/ttcmuhendislik.com\/en\/#logo\",\"inLanguage\":\"en-US\",\"url\":\"https:\/\/ttcmuhendislik.com\/wp-content\/uploads\/2021\/04\/logo.png\",\"contentUrl\":\"https:\/\/ttcmuhendislik.com\/wp-content\/uploads\/2021\/04\/logo.png\",\"width\":440,\"height\":170,\"caption\":\"TTC M\\u00fchendislik\"},\"image\":{\"@id\":\"https:\/\/ttcmuhendislik.com\/en\/#logo\"}},{\"@type\":\"WebSite\",\"@id\":\"https:\/\/ttcmuhendislik.com\/en\/#website\",\"url\":\"https:\/\/ttcmuhendislik.com\/en\/\",\"name\":\"TTC M\\u00fchendislik\",\"description\":\"\",\"publisher\":{\"@id\":\"https:\/\/ttcmuhendislik.com\/en\/#organization\"},\"potentialAction\":[{\"@type\":\"SearchAction\",\"target\":\"https:\/\/ttcmuhendislik.com\/en\/?s={search_term_string}\",\"query-input\":\"required name=search_term_string\"}],\"inLanguage\":\"en-US\"},{\"@type\":\"ImageObject\",\"@id\":\"https:\/\/ttcmuhendislik.com\/ru\/%d0%bd%d0%b0%d1%88%d0%b8-%d0%bf%d1%80%d0%be%d0%b4%d1%83%d0%ba%d1%82%d1%8b\/%d0%b0%d1%81%d1%84%d0%b0%d0%bb%d1%8c%d1%82%d0%be%d0%b1%d0%b5%d1%82%d0%be%d0%bd%d0%bd%d1%8b%d0%b9-%d0%b7%d0%b0%d0%b2%d0%be%d0%b4\/%d0%b7%d0%b0%d0%bf%d0%b0%d1%81%d1%8b-%d0%b8-%d1%81%d0%b8%d1%81%d1%82%d0%b5%d0%bc%d1%8b-%d0%be%d1%82%d0%be%d0%bf%d0%bb%d0%b5%d0%bd%d0%b8%d1%8f\/%d0%b1%d0%b8%d1%82%d1%83%d0%bc%d0%bd%d1%8b%d0%b9-%d0%b1%d0%b0%d1%81%d1%81%d0%b5%d0%b9%d0%bd\/#primaryimage\",\"inLanguage\":\"en-US\",\"url\":\"https:\/\/ttcmuhendislik.com\/wp-content\/uploads\/2022\/12\/bitumen-storage-pool.jpg\",\"contentUrl\":\"https:\/\/ttcmuhendislik.com\/wp-content\/uploads\/2022\/12\/bitumen-storage-pool.jpg\",\"width\":900,\"height\":536},{\"@type\":\"WebPage\",\"@id\":\"https:\/\/ttcmuhendislik.com\/ru\/%d0%bd%d0%b0%d1%88%d0%b8-%d0%bf%d1%80%d0%be%d0%b4%d1%83%d0%ba%d1%82%d1%8b\/%d0%b0%d1%81%d1%84%d0%b0%d0%bb%d1%8c%d1%82%d0%be%d0%b1%d0%b5%d1%82%d0%be%d0%bd%d0%bd%d1%8b%d0%b9-%d0%b7%d0%b0%d0%b2%d0%be%d0%b4\/%d0%b7%d0%b0%d0%bf%d0%b0%d1%81%d1%8b-%d0%b8-%d1%81%d0%b8%d1%81%d1%82%d0%b5%d0%bc%d1%8b-%d0%be%d1%82%d0%be%d0%bf%d0%bb%d0%b5%d0%bd%d0%b8%d1%8f\/%d0%b1%d0%b8%d1%82%d1%83%d0%bc%d0%bd%d1%8b%d0%b9-%d0%b1%d0%b0%d1%81%d1%81%d0%b5%d0%b9%d0%bd\/#webpage\",\"url\":\"https:\/\/ttcmuhendislik.com\/ru\/%d0%bd%d0%b0%d1%88%d0%b8-%d0%bf%d1%80%d0%be%d0%b4%d1%83%d0%ba%d1%82%d1%8b\/%d0%b0%d1%81%d1%84%d0%b0%d0%bb%d1%8c%d1%82%d0%be%d0%b1%d0%b5%d1%82%d0%be%d0%bd%d0%bd%d1%8b%d0%b9-%d0%b7%d0%b0%d0%b2%d0%be%d0%b4\/%d0%b7%d0%b0%d0%bf%d0%b0%d1%81%d1%8b-%d0%b8-%d1%81%d0%b8%d1%81%d1%82%d0%b5%d0%bc%d1%8b-%d0%be%d1%82%d0%be%d0%bf%d0%bb%d0%b5%d0%bd%d0%b8%d1%8f\/%d0%b1%d0%b8%d1%82%d1%83%d0%bc%d0%bd%d1%8b%d0%b9-%d0%b1%d0%b0%d1%81%d1%81%d0%b5%d0%b9%d0%bd\/\",\"name\":\"Bitumen Pool - TTC M\\u00fchendislik\",\"isPartOf\":{\"@id\":\"https:\/\/ttcmuhendislik.com\/en\/#website\"},\"primaryImageOfPage\":{\"@id\":\"https:\/\/ttcmuhendislik.com\/ru\/%d0%bd%d0%b0%d1%88%d0%b8-%d0%bf%d1%80%d0%be%d0%b4%d1%83%d0%ba%d1%82%d1%8b\/%d0%b0%d1%81%d1%84%d0%b0%d0%bb%d1%8c%d1%82%d0%be%d0%b1%d0%b5%d1%82%d0%be%d0%bd%d0%bd%d1%8b%d0%b9-%d0%b7%d0%b0%d0%b2%d0%be%d0%b4\/%d0%b7%d0%b0%d0%bf%d0%b0%d1%81%d1%8b-%d0%b8-%d1%81%d0%b8%d1%81%d1%82%d0%b5%d0%bc%d1%8b-%d0%be%d1%82%d0%be%d0%bf%d0%bb%d0%b5%d0%bd%d0%b8%d1%8f\/%d0%b1%d0%b8%d1%82%d1%83%d0%bc%d0%bd%d1%8b%d0%b9-%d0%b1%d0%b0%d1%81%d1%81%d0%b5%d0%b9%d0%bd\/#primaryimage\"},\"datePublished\":\"2022-12-05T07:21:26+00:00\",\"dateModified\":\"2022-12-31T08:35:36+00:00\",\"description\":\"TTC Engineering is at your side with its bitumen pool solutions for bitumen storage needs with very high capacities in the range of 500 \\u2013 100,000 m3.\",\"breadcrumb\":{\"@id\":\"https:\/\/ttcmuhendislik.com\/ru\/%d0%bd%d0%b0%d1%88%d0%b8-%d0%bf%d1%80%d0%be%d0%b4%d1%83%d0%ba%d1%82%d1%8b\/%d0%b0%d1%81%d1%84%d0%b0%d0%bb%d1%8c%d1%82%d0%be%d0%b1%d0%b5%d1%82%d0%be%d0%bd%d0%bd%d1%8b%d0%b9-%d0%b7%d0%b0%d0%b2%d0%be%d0%b4\/%d0%b7%d0%b0%d0%bf%d0%b0%d1%81%d1%8b-%d0%b8-%d1%81%d0%b8%d1%81%d1%82%d0%b5%d0%bc%d1%8b-%d0%be%d1%82%d0%be%d0%bf%d0%bb%d0%b5%d0%bd%d0%b8%d1%8f\/%d0%b1%d0%b8%d1%82%d1%83%d0%bc%d0%bd%d1%8b%d0%b9-%d0%b1%d0%b0%d1%81%d1%81%d0%b5%d0%b9%d0%bd\/#breadcrumb\"},\"inLanguage\":\"en-US\",\"potentialAction\":[{\"@type\":\"ReadAction\",\"target\":[\"https:\/\/ttcmuhendislik.com\/ru\/%d0%bd%d0%b0%d1%88%d0%b8-%d0%bf%d1%80%d0%be%d0%b4%d1%83%d0%ba%d1%82%d1%8b\/%d0%b0%d1%81%d1%84%d0%b0%d0%bb%d1%8c%d1%82%d0%be%d0%b1%d0%b5%d1%82%d0%be%d0%bd%d0%bd%d1%8b%d0%b9-%d0%b7%d0%b0%d0%b2%d0%be%d0%b4\/%d0%b7%d0%b0%d0%bf%d0%b0%d1%81%d1%8b-%d0%b8-%d1%81%d0%b8%d1%81%d1%82%d0%b5%d0%bc%d1%8b-%d0%be%d1%82%d0%be%d0%bf%d0%bb%d0%b5%d0%bd%d0%b8%d1%8f\/%d0%b1%d0%b8%d1%82%d1%83%d0%bc%d0%bd%d1%8b%d0%b9-%d0%b1%d0%b0%d1%81%d1%81%d0%b5%d0%b9%d0%bd\/\"]}]},{\"@type\":\"BreadcrumbList\",\"@id\":\"https:\/\/ttcmuhendislik.com\/ru\/%d0%bd%d0%b0%d1%88%d0%b8-%d0%bf%d1%80%d0%be%d0%b4%d1%83%d0%ba%d1%82%d1%8b\/%d0%b0%d1%81%d1%84%d0%b0%d0%bb%d1%8c%d1%82%d0%be%d0%b1%d0%b5%d1%82%d0%be%d0%bd%d0%bd%d1%8b%d0%b9-%d0%b7%d0%b0%d0%b2%d0%be%d0%b4\/%d0%b7%d0%b0%d0%bf%d0%b0%d1%81%d1%8b-%d0%b8-%d1%81%d0%b8%d1%81%d1%82%d0%b5%d0%bc%d1%8b-%d0%be%d1%82%d0%be%d0%bf%d0%bb%d0%b5%d0%bd%d0%b8%d1%8f\/%d0%b1%d0%b8%d1%82%d1%83%d0%bc%d0%bd%d1%8b%d0%b9-%d0%b1%d0%b0%d1%81%d1%81%d0%b5%d0%b9%d0%bd\/#breadcrumb\",\"itemListElement\":[{\"@type\":\"ListItem\",\"position\":1,\"name\":\"Anasayfa\",\"item\":\"https:\/\/ttcmuhendislik.com\/\"},{\"@type\":\"ListItem\",\"position\":2,\"name\":\"Products\",\"item\":\"https:\/\/ttcmuhendislik.com\/en\/ttc-products\/\"},{\"@type\":\"ListItem\",\"position\":3,\"name\":\"Asphalt Mixing Plant\",\"item\":\"https:\/\/ttcmuhendislik.com\/ru\/%d0%bd%d0%b0%d1%88%d0%b8-%d0%bf%d1%80%d0%be%d0%b4%d1%83%d0%ba%d1%82%d1%8b\/%d0%b0%d1%81%d1%84%d0%b0%d0%bb%d1%8c%d1%82%d0%be%d0%b1%d0%b5%d1%82%d0%be%d0%bd%d0%bd%d1%8b%d0%b9-%d0%b7%d0%b0%d0%b2%d0%be%d0%b4\/\"},{\"@type\":\"ListItem\",\"position\":4,\"name\":\"Stock and Heating Systems\",\"item\":\"https:\/\/ttcmuhendislik.com\/ru\/%d0%bd%d0%b0%d1%88%d0%b8-%d0%bf%d1%80%d0%be%d0%b4%d1%83%d0%ba%d1%82%d1%8b\/%d0%b0%d1%81%d1%84%d0%b0%d0%bb%d1%8c%d1%82%d0%be%d0%b1%d0%b5%d1%82%d0%be%d0%bd%d0%bd%d1%8b%d0%b9-%d0%b7%d0%b0%d0%b2%d0%be%d0%b4\/%d0%b7%d0%b0%d0%bf%d0%b0%d1%81%d1%8b-%d0%b8-%d1%81%d0%b8%d1%81%d1%82%d0%b5%d0%bc%d1%8b-%d0%be%d1%82%d0%be%d0%bf%d0%bb%d0%b5%d0%bd%d0%b8%d1%8f\/\"},{\"@type\":\"ListItem\",\"position\":5,\"name\":\"Bitumen Pool\"}]}]}<\/script>\n<!-- \/ Yoast SEO plugin. -->","_links":{"self":[{"href":"https:\/\/ttcmuhendislik.com\/en\/wp-json\/wp\/v2\/pages\/7125"}],"collection":[{"href":"https:\/\/ttcmuhendislik.com\/en\/wp-json\/wp\/v2\/pages"}],"about":[{"href":"https:\/\/ttcmuhendislik.com\/en\/wp-json\/wp\/v2\/types\/page"}],"author":[{"embeddable":true,"href":"https:\/\/ttcmuhendislik.com\/en\/wp-json\/wp\/v2\/users\/2"}],"replies":[{"embeddable":true,"href":"https:\/\/ttcmuhendislik.com\/en\/wp-json\/wp\/v2\/comments?post=7125"}],"version-history":[{"count":0,"href":"https:\/\/ttcmuhendislik.com\/en\/wp-json\/wp\/v2\/pages\/7125\/revisions"}],"up":[{"embeddable":true,"href":"https:\/\/ttcmuhendislik.com\/en\/wp-json\/wp\/v2\/pages\/6800"}],"wp:attachment":[{"href":"https:\/\/ttcmuhendislik.com\/en\/wp-json\/wp\/v2\/media?parent=7125"}],"curies":[{"name":"wp","href":"https:\/\/api.w.org\/{rel}","templated":true}]}}