{"id":6603,"date":"2022-11-30T15:08:33","date_gmt":"2022-11-30T12:08:33","guid":{"rendered":"https:\/\/ttcmuhendislik.com\/?page_id=6603"},"modified":"2022-12-27T10:55:17","modified_gmt":"2022-12-27T07:55:17","slug":"planetary-mixer","status":"publish","type":"page","link":"https:\/\/ttcmuhendislik.com\/en\/ttc-products\/concrete-batching-plant\/planetary-mixer\/","title":{"rendered":"Planetary Mixer"},"content":{"rendered":"\t\t<div data-elementor-type=\"wp-page\" data-elementor-id=\"6603\" class=\"elementor elementor-6603 elementor-6601\" data-elementor-settings=\"[]\">\n\t\t\t\t\t\t\t<div class=\"elementor-section-wrap\">\n\t\t\t\t\t\t\t<section class=\"elementor-section elementor-top-section elementor-element elementor-element-d238ac7 envato-kit-141-top-0 elementor-reverse-mobile elementor-section-boxed elementor-section-height-default elementor-section-height-default\" data-id=\"d238ac7\" data-element_type=\"section\" data-settings=\"{&quot;background_background&quot;:&quot;classic&quot;}\">\n\t\t\t\t\t\t\t<div class=\"elementor-background-overlay\"><\/div>\n\t\t\t\t\t\t\t<div class=\"elementor-container elementor-column-gap-wider\">\n\t\t\t\t\t<div class=\"elementor-column elementor-col-50 elementor-top-column elementor-element elementor-element-e42cd60\" data-id=\"e42cd60\" data-element_type=\"column\" data-settings=\"{&quot;background_background&quot;:&quot;classic&quot;}\">\n\t\t\t<div class=\"elementor-widget-wrap elementor-element-populated\">\n\t\t\t\t\t\t\t\t<div class=\"elementor-element elementor-element-5f9ef8d elementor-widget elementor-widget-image\" data-id=\"5f9ef8d\" data-element_type=\"widget\" data-widget_type=\"image.default\">\n\t\t\t\t<div class=\"elementor-widget-container\">\n\t\t\t\t\t\t\t\t\t\t\t\t\t\t\t<img wpfc-lazyload-disable=\"true\" width=\"800\" height=\"600\" src=\"https:\/\/ttcmuhendislik.com\/wp-content\/uploads\/2022\/12\/planet.jpg\" class=\"attachment-full size-full\" alt=\"\" loading=\"lazy\" srcset=\"https:\/\/ttcmuhendislik.com\/wp-content\/uploads\/2022\/12\/planet.jpg 800w, https:\/\/ttcmuhendislik.com\/wp-content\/uploads\/2022\/12\/planet-300x225.jpg 300w, https:\/\/ttcmuhendislik.com\/wp-content\/uploads\/2022\/12\/planet-768x576.jpg 768w\" sizes=\"(max-width: 800px) 100vw, 800px\" wpfc-lazyload-disable=\"true\" \/>\t\t\t\t\t\t\t\t\t\t\t\t\t\t\t<\/div>\n\t\t\t\t<\/div>\n\t\t\t\t\t<\/div>\n\t\t<\/div>\n\t\t\t\t<div class=\"elementor-column elementor-col-50 elementor-top-column elementor-element elementor-element-3eefe70\" data-id=\"3eefe70\" data-element_type=\"column\">\n\t\t\t<div class=\"elementor-widget-wrap elementor-element-populated\">\n\t\t\t\t\t\t\t\t<div class=\"elementor-element elementor-element-b2fc05a elementor-invisible elementor-widget elementor-widget-heading\" data-id=\"b2fc05a\" data-element_type=\"widget\" data-settings=\"{&quot;_animation&quot;:&quot;fadeIn&quot;}\" data-widget_type=\"heading.default\">\n\t\t\t\t<div class=\"elementor-widget-container\">\n\t\t\t<h5 class=\"elementor-heading-title elementor-size-medium\">TTC M\u00dcHEND\u0130SL\u0130K<\/h5>\t\t<\/div>\n\t\t\t\t<\/div>\n\t\t\t\t<div class=\"elementor-element elementor-element-e17cf8d elementor-widget elementor-widget-heading\" data-id=\"e17cf8d\" data-element_type=\"widget\" data-widget_type=\"heading.default\">\n\t\t\t\t<div class=\"elementor-widget-container\">\n\t\t\t<h2 class=\"elementor-heading-title elementor-size-xxl\">Planetary Mixer<\/h2>\t\t<\/div>\n\t\t\t\t<\/div>\n\t\t\t\t<div class=\"elementor-element elementor-element-6f229c7 elementor-widget-divider--view-line elementor-widget elementor-widget-divider\" data-id=\"6f229c7\" data-element_type=\"widget\" data-widget_type=\"divider.default\">\n\t\t\t\t<div class=\"elementor-widget-container\">\n\t\t\t\t\t<div class=\"elementor-divider\">\n\t\t\t<span class=\"elementor-divider-separator\">\n\t\t\t\t\t\t<\/span>\n\t\t<\/div>\n\t\t\t\t<\/div>\n\t\t\t\t<\/div>\n\t\t\t\t<div class=\"elementor-element elementor-element-3d50816 elementor-widget elementor-widget-text-editor\" data-id=\"3d50816\" data-element_type=\"widget\" data-widget_type=\"text-editor.default\">\n\t\t\t\t<div class=\"elementor-widget-container\">\n\t\t\t\t\t\t\t\t<p>Although it is used in ready-mixed concrete production facilities; It is mostly preferred in projects for special concrete production. Planetary mixers have superior performance in the production of concrete with a special consistency (more low water or moisture content) for longer periods.<\/p>\t\t\t\t\t\t<\/div>\n\t\t\t\t<\/div>\n\t\t\t\t\t<\/div>\n\t\t<\/div>\n\t\t\t\t\t\t\t<\/div>\n\t\t<\/section>\n\t\t\t\t<section class=\"elementor-section elementor-top-section elementor-element elementor-element-6138b65 envato-kit-141-top-0 elementor-reverse-mobile elementor-section-boxed elementor-section-height-default elementor-section-height-default\" data-id=\"6138b65\" data-element_type=\"section\" data-settings=\"{&quot;background_background&quot;:&quot;classic&quot;}\">\n\t\t\t\t\t\t\t<div class=\"elementor-background-overlay\"><\/div>\n\t\t\t\t\t\t\t<div class=\"elementor-container elementor-column-gap-wider\">\n\t\t\t\t\t<div class=\"elementor-column elementor-col-50 elementor-top-column elementor-element elementor-element-f5a2fdc\" data-id=\"f5a2fdc\" data-element_type=\"column\">\n\t\t\t<div class=\"elementor-widget-wrap elementor-element-populated\">\n\t\t\t\t\t\t\t\t<div class=\"elementor-element elementor-element-c27674a elementor-widget elementor-widget-heading\" data-id=\"c27674a\" data-element_type=\"widget\" data-widget_type=\"heading.default\">\n\t\t\t\t<div class=\"elementor-widget-container\">\n\t\t\t<h3 class=\"elementor-heading-title elementor-size-default\">TTCMIX-planet<\/h3>\t\t<\/div>\n\t\t\t\t<\/div>\n\t\t\t\t<div class=\"elementor-element elementor-element-eba2c1b elementor-widget elementor-widget-text-editor\" data-id=\"eba2c1b\" data-element_type=\"widget\" data-widget_type=\"text-editor.default\">\n\t\t\t\t<div class=\"elementor-widget-container\">\n\t\t\t\t\t\t\t\t<p>Planetary mixers are more preferred in applications with long mixing times such as paving stone and block construction. More homogeneous concrete can be obtained in a shorter time, thanks to the simultaneous rotation of the mixing arms along its own axis and around the boiler. The electric motor and cascade gearbox are located on the top of the mixer bowl, making repair and maintenance work easier.<\/p>\t\t\t\t\t\t<\/div>\n\t\t\t\t<\/div>\n\t\t\t\t\t<\/div>\n\t\t<\/div>\n\t\t\t\t<div class=\"elementor-column elementor-col-50 elementor-top-column elementor-element elementor-element-40ce2ed\" data-id=\"40ce2ed\" data-element_type=\"column\">\n\t\t\t<div class=\"elementor-widget-wrap elementor-element-populated\">\n\t\t\t\t\t\t\t\t<div class=\"elementor-element elementor-element-bad9d02 elementor-widget elementor-widget-image\" data-id=\"bad9d02\" data-element_type=\"widget\" data-widget_type=\"image.default\">\n\t\t\t\t<div class=\"elementor-widget-container\">\n\t\t\t\t\t\t\t\t\t\t\t\t\t\t\t<img wpfc-lazyload-disable=\"true\" width=\"275\" height=\"183\" src=\"https:\/\/ttcmuhendislik.com\/wp-content\/uploads\/2022\/12\/planet.jpeg\" class=\"attachment-full size-full\" alt=\"\" loading=\"lazy\" wpfc-lazyload-disable=\"true\" \/>\t\t\t\t\t\t\t\t\t\t\t\t\t\t\t<\/div>\n\t\t\t\t<\/div>\n\t\t\t\t\t<\/div>\n\t\t<\/div>\n\t\t\t\t\t\t\t<\/div>\n\t\t<\/section>\n\t\t\t\t<section class=\"elementor-section elementor-top-section elementor-element elementor-element-7c9fe26 envato-kit-141-top-0 elementor-reverse-mobile elementor-section-boxed elementor-section-height-default elementor-section-height-default\" data-id=\"7c9fe26\" data-element_type=\"section\" data-settings=\"{&quot;background_background&quot;:&quot;classic&quot;}\">\n\t\t\t\t\t\t\t<div class=\"elementor-background-overlay\"><\/div>\n\t\t\t\t\t\t\t<div class=\"elementor-container elementor-column-gap-wider\">\n\t\t\t\t\t<div class=\"elementor-column elementor-col-100 elementor-top-column elementor-element elementor-element-8fc6c16\" data-id=\"8fc6c16\" data-element_type=\"column\">\n\t\t\t<div class=\"elementor-widget-wrap elementor-element-populated\">\n\t\t\t\t\t\t\t\t<div class=\"elementor-element elementor-element-7b96a71 elementor-widget elementor-widget-heading\" data-id=\"7b96a71\" data-element_type=\"widget\" data-widget_type=\"heading.default\">\n\t\t\t\t<div class=\"elementor-widget-container\">\n\t\t\t<h3 class=\"elementor-heading-title elementor-size-default\">PHOTO GALLERY<\/h3>\t\t<\/div>\n\t\t\t\t<\/div>\n\t\t\t\t<div class=\"elementor-element elementor-element-817d10a elementor-widget elementor-widget-gallery\" data-id=\"817d10a\" data-element_type=\"widget\" data-settings=\"{&quot;columns_tablet&quot;:4,&quot;columns_mobile&quot;:2,&quot;lazyload&quot;:&quot;yes&quot;,&quot;gallery_layout&quot;:&quot;grid&quot;,&quot;columns&quot;:4,&quot;gap&quot;:{&quot;unit&quot;:&quot;px&quot;,&quot;size&quot;:10,&quot;sizes&quot;:[]},&quot;gap_tablet&quot;:{&quot;unit&quot;:&quot;px&quot;,&quot;size&quot;:10,&quot;sizes&quot;:[]},&quot;gap_mobile&quot;:{&quot;unit&quot;:&quot;px&quot;,&quot;size&quot;:10,&quot;sizes&quot;:[]},&quot;link_to&quot;:&quot;file&quot;,&quot;aspect_ratio&quot;:&quot;3:2&quot;,&quot;overlay_background&quot;:&quot;yes&quot;,&quot;content_hover_animation&quot;:&quot;fade-in&quot;}\" data-widget_type=\"gallery.default\">\n\t\t\t\t<div class=\"elementor-widget-container\">\n\t\t\t\t\t<div class=\"elementor-gallery__container\">\n\t\t\t\t\t\t\t<a class=\"e-gallery-item elementor-gallery-item elementor-animated-content\" href=\"https:\/\/ttcmuhendislik.com\/wp-content\/uploads\/2022\/12\/planet.jpeg\" data-elementor-open-lightbox=\"yes\" data-elementor-lightbox-slideshow=\"all-817d10a\">\n\t\t\t\t\t<div class=\"e-gallery-image elementor-gallery-item__image\" data-thumbnail=\"https:\/\/ttcmuhendislik.com\/wp-content\/uploads\/2022\/12\/planet.jpeg\" data-width=\"275\" data-height=\"183\" alt=\"\" ><\/div>\n\t\t\t\t\t\t\t\t\t\t<div class=\"elementor-gallery-item__overlay\"><\/div>\n\t\t\t\t\t\t\t\t\t\t\t\t\t\t<\/a>\n\t\t\t\t\t\t\t<a class=\"e-gallery-item elementor-gallery-item elementor-animated-content\" href=\"https:\/\/ttcmuhendislik.com\/wp-content\/uploads\/2022\/12\/planet.jpg\" data-elementor-open-lightbox=\"yes\" data-elementor-lightbox-slideshow=\"all-817d10a\">\n\t\t\t\t\t<div class=\"e-gallery-image elementor-gallery-item__image\" data-thumbnail=\"https:\/\/ttcmuhendislik.com\/wp-content\/uploads\/2022\/12\/planet.jpg\" data-width=\"800\" data-height=\"600\" alt=\"\" ><\/div>\n\t\t\t\t\t\t\t\t\t\t<div class=\"elementor-gallery-item__overlay\"><\/div>\n\t\t\t\t\t\t\t\t\t\t\t\t\t\t<\/a>\n\t\t\t\t\t<\/div>\n\t\t\t<\/div>\n\t\t\t\t<\/div>\n\t\t\t\t\t<\/div>\n\t\t<\/div>\n\t\t\t\t\t\t\t<\/div>\n\t\t<\/section>\n\t\t\t\t<section class=\"elementor-section elementor-top-section elementor-element elementor-element-8ef6c68 elementor-section-boxed elementor-section-height-default elementor-section-height-default\" data-id=\"8ef6c68\" data-element_type=\"section\" data-settings=\"{&quot;background_background&quot;:&quot;classic&quot;}\">\n\t\t\t\t\t\t\t<div class=\"elementor-background-overlay\"><\/div>\n\t\t\t\t\t\t\t<div class=\"elementor-container elementor-column-gap-default\">\n\t\t\t\t\t<div class=\"elementor-column elementor-col-100 elementor-top-column elementor-element elementor-element-96c493f\" data-id=\"96c493f\" data-element_type=\"column\">\n\t\t\t<div class=\"elementor-widget-wrap elementor-element-populated\">\n\t\t\t\t\t\t\t\t<div class=\"elementor-element elementor-element-69181ae elementor-hidden-desktop elementor-hidden-tablet elementor-hidden-phone elementor-widget elementor-widget-heading\" data-id=\"69181ae\" data-element_type=\"widget\" data-widget_type=\"heading.default\">\n\t\t\t\t<div class=\"elementor-widget-container\">\n\t\t\t<h3 class=\"elementor-heading-title elementor-size-default\">TTC M\u00dcHEND\u0130SL\u0130K<\/h3>\t\t<\/div>\n\t\t\t\t<\/div>\n\t\t\t\t<div class=\"elementor-element elementor-element-2b8c53a elementor-widget elementor-widget-heading\" data-id=\"2b8c53a\" data-element_type=\"widget\" data-widget_type=\"heading.default\">\n\t\t\t\t<div class=\"elementor-widget-container\">\n\t\t\t<h2 class=\"elementor-heading-title elementor-size-default\">REQUEST AN OFFER<\/h2>\t\t<\/div>\n\t\t\t\t<\/div>\n\t\t\t\t<div class=\"elementor-element elementor-element-4c03061 elementor-widget-divider--view-line elementor-widget elementor-widget-divider\" data-id=\"4c03061\" data-element_type=\"widget\" data-widget_type=\"divider.default\">\n\t\t\t\t<div class=\"elementor-widget-container\">\n\t\t\t\t\t<div class=\"elementor-divider\">\n\t\t\t<span class=\"elementor-divider-separator\">\n\t\t\t\t\t\t<\/span>\n\t\t<\/div>\n\t\t\t\t<\/div>\n\t\t\t\t<\/div>\n\t\t\t\t<section class=\"elementor-section elementor-inner-section elementor-element elementor-element-bbf8d5b elementor-section-boxed elementor-section-height-default elementor-section-height-default\" data-id=\"bbf8d5b\" data-element_type=\"section\">\n\t\t\t\t\t\t<div class=\"elementor-container elementor-column-gap-default\">\n\t\t\t\t\t<div class=\"elementor-column elementor-col-100 elementor-inner-column elementor-element elementor-element-ad19b2b\" data-id=\"ad19b2b\" data-element_type=\"column\">\n\t\t\t<div class=\"elementor-widget-wrap elementor-element-populated\">\n\t\t\t\t\t\t\t\t<div class=\"elementor-element elementor-element-40cc66a envato-kit-66-subscription-form elementor-button-align-center elementor-widget elementor-widget-form\" data-id=\"40cc66a\" data-element_type=\"widget\" data-settings=\"{&quot;step_next_label&quot;:&quot;Next&quot;,&quot;step_previous_label&quot;:&quot;Previous&quot;,&quot;button_width&quot;:&quot;100&quot;,&quot;step_type&quot;:&quot;number_text&quot;,&quot;step_icon_shape&quot;:&quot;circle&quot;}\" data-widget_type=\"form.default\">\n\t\t\t\t<div class=\"elementor-widget-container\">\n\t\t\t\t\t<form class=\"elementor-form\" method=\"post\" name=\"REQUEST AN OFFER\">\n\t\t\t<input type=\"hidden\" name=\"post_id\" value=\"6603\"\/>\n\t\t\t<input type=\"hidden\" name=\"form_id\" value=\"40cc66a\"\/>\n\t\t\t<input type=\"hidden\" name=\"referer_title\" value=\"TTC M\u00fchendislik\" \/>\n\n\t\t\t\n\t\t\t<div class=\"elementor-form-fields-wrapper elementor-labels-\">\n\t\t\t\t\t\t\t\t<div class=\"elementor-field-type-text elementor-field-group elementor-column elementor-field-group-email elementor-col-100 elementor-field-required\">\n\t\t\t\t\t<label for=\"form-field-email\" class=\"elementor-field-label elementor-screen-only\">Name and Surname (*)<\/label><input size=\"1\" type=\"text\" name=\"form_fields[email]\" id=\"form-field-email\" class=\"elementor-field elementor-size-md  elementor-field-textual\" placeholder=\"Name and Surname (*)\" required=\"required\" aria-required=\"true\">\t\t\t\t<\/div>\n\t\t\t\t\t\t\t\t<div class=\"elementor-field-type-text elementor-field-group elementor-column elementor-field-group-field_9a03eb1 elementor-col-100\">\n\t\t\t\t\t<label for=\"form-field-field_9a03eb1\" class=\"elementor-field-label elementor-screen-only\">Your Company Name<\/label><input size=\"1\" type=\"text\" name=\"form_fields[field_9a03eb1]\" id=\"form-field-field_9a03eb1\" class=\"elementor-field elementor-size-md  elementor-field-textual\" placeholder=\"Your Company Name\">\t\t\t\t<\/div>\n\t\t\t\t\t\t\t\t<div class=\"elementor-field-type-email elementor-field-group elementor-column elementor-field-group-field_1bdc047 elementor-col-100 elementor-field-required\">\n\t\t\t\t\t<label for=\"form-field-field_1bdc047\" class=\"elementor-field-label elementor-screen-only\">E-Mail Address (*)<\/label><input size=\"1\" type=\"email\" name=\"form_fields[field_1bdc047]\" id=\"form-field-field_1bdc047\" class=\"elementor-field elementor-size-md  elementor-field-textual\" placeholder=\"E-Mail Address (*)\" required=\"required\" aria-required=\"true\">\t\t\t\t<\/div>\n\t\t\t\t\t\t\t\t<div class=\"elementor-field-type-tel elementor-field-group elementor-column elementor-field-group-field_0d473f0 elementor-col-100\">\n\t\t\t\t\t<label for=\"form-field-field_0d473f0\" class=\"elementor-field-label elementor-screen-only\">Your Phone Number<\/label><input size=\"1\" type=\"tel\" name=\"form_fields[field_0d473f0]\" id=\"form-field-field_0d473f0\" class=\"elementor-field elementor-size-md  elementor-field-textual\" placeholder=\"Your Phone Number\" pattern=\"[0-9()#&amp;+*-=.]+\" title=\"Only numbers and phone characters (#, -, *, etc) are accepted.\">\t\t\t\t<\/div>\n\t\t\t\t\t\t\t\t<div class=\"elementor-field-type-textarea elementor-field-group elementor-column elementor-field-group-field_913da00 elementor-col-100 elementor-field-required\">\n\t\t\t\t\t<label for=\"form-field-field_913da00\" class=\"elementor-field-label elementor-screen-only\">Details of Your Offer Request (*)<\/label><textarea class=\"elementor-field-textual elementor-field  elementor-size-md\" name=\"form_fields[field_913da00]\" id=\"form-field-field_913da00\" rows=\"4\" placeholder=\"Details of Your Offer Request (*)\" required=\"required\" aria-required=\"true\"><\/textarea>\t\t\t\t<\/div>\n\t\t\t\t\t\t\t\t<div class=\"elementor-field-group elementor-column elementor-field-type-submit elementor-col-100 e-form__buttons\">\n\t\t\t\t\t<button type=\"submit\" class=\"elementor-button elementor-size-md\">\n\t\t\t\t\t\t<span >\n\t\t\t\t\t\t\t\t\t\t\t\t\t\t\t<span class=\" elementor-button-icon\">\n\t\t\t\t\t\t\t\t\t\t\t\t\t\t\t\t\t\t\t\t\t\t\t\t\t\t<\/span>\n\t\t\t\t\t\t\t\t\t\t\t\t\t\t\t\t\t\t\t\t\t\t<span class=\"elementor-button-text\">Send<\/span>\n\t\t\t\t\t\t\t\t\t\t\t\t\t<\/span>\n\t\t\t\t\t<\/button>\n\t\t\t\t<\/div>\n\t\t\t<\/div>\n\t\t<\/form>\n\t\t\t\t<\/div>\n\t\t\t\t<\/div>\n\t\t\t\t\t<\/div>\n\t\t<\/div>\n\t\t\t\t\t\t\t<\/div>\n\t\t<\/section>\n\t\t\t\t\t<\/div>\n\t\t<\/div>\n\t\t\t\t\t\t\t<\/div>\n\t\t<\/section>\n\t\t\t\t\t\t<\/div>\n\t\t\t\t\t<\/div>\n\t\t","protected":false},"excerpt":{"rendered":"<p>TTC M\u00dcHEND\u0130SL\u0130K Planetary Mixer Although it is used in ready-mixed concrete production facilities; It is mostly preferred in projects for special concrete production. Planetary mixers have superior performance in the production of concrete with a special consistency (more low water or moisture content) for longer periods. TTCMIX-planet Planetary mixers are more preferred in applications with [&hellip;]<\/p>\n","protected":false},"author":2,"featured_media":0,"parent":3112,"menu_order":6,"comment_status":"closed","ping_status":"closed","template":"","meta":[],"yoast_head":"<!-- This site is optimized with the Yoast SEO plugin v16.5 - https:\/\/yoast.com\/wordpress\/plugins\/seo\/ -->\n<title>Planetary Mixer - TTC M\u00fchendislik<\/title>\n<meta name=\"description\" content=\"Planetary mixers are more preferred in applications with long mixing times such as paving stone and block construction.\" \/>\n<meta name=\"robots\" content=\"index, follow, max-snippet:-1, max-image-preview:large, max-video-preview:-1\" \/>\n<link rel=\"canonical\" href=\"https:\/\/ttcmuhendislik.com\/en\/\u043d\u0430\u0448\u0438-\u043f\u0440\u043e\u0434\u0443\u043a\u0442\u044b\/\u0431\u0435\u0442\u043e\u043d\u043d\u044b\u0439-\u0437\u0430\u0432\u043e\u0434\/\u043f\u043b\u0430\u043d\u0435\u0442\u0430\u0440\u043d\u044b\u0439-\u0441\u043c\u0435\u0441\u0438\u0442\u0435\u043b\u044c\/\" \/>\n<meta property=\"og:locale\" content=\"en_US\" \/>\n<meta property=\"og:type\" content=\"article\" \/>\n<meta property=\"og:title\" content=\"Planetary Mixer - TTC M\u00fchendislik\" \/>\n<meta property=\"og:description\" content=\"Planetary mixers are more preferred in applications with long mixing times such as paving stone and block construction.\" \/>\n<meta property=\"og:url\" content=\"https:\/\/ttcmuhendislik.com\/ru\/\u043d\u0430\u0448\u0438-\u043f\u0440\u043e\u0434\u0443\u043a\u0442\u044b\/\u0431\u0435\u0442\u043e\u043d\u043d\u044b\u0439-\u0437\u0430\u0432\u043e\u0434\/\u043f\u043b\u0430\u043d\u0435\u0442\u0430\u0440\u043d\u044b\u0439-\u0441\u043c\u0435\u0441\u0438\u0442\u0435\u043b\u044c\/\" \/>\n<meta property=\"og:site_name\" content=\"TTC M\u00fchendislik\" \/>\n<meta property=\"article:modified_time\" content=\"2022-12-27T07:55:17+00:00\" \/>\n<meta property=\"og:image\" content=\"https:\/\/ttcmuhendislik.com\/wp-content\/uploads\/2022\/12\/planet.jpg\" \/>\n<meta name=\"twitter:card\" content=\"summary_large_image\" \/>\n<meta name=\"twitter:label1\" content=\"Est. reading time\" \/>\n\t<meta name=\"twitter:data1\" content=\"1 minute\" \/>\n<script type=\"application\/ld+json\" class=\"yoast-schema-graph\">{\"@context\":\"https:\/\/schema.org\",\"@graph\":[{\"@type\":\"Organization\",\"@id\":\"https:\/\/ttcmuhendislik.com\/en\/#organization\",\"name\":\"TTC M\\u00fchendislik\",\"url\":\"https:\/\/ttcmuhendislik.com\/en\/\",\"sameAs\":[],\"logo\":{\"@type\":\"ImageObject\",\"@id\":\"https:\/\/ttcmuhendislik.com\/en\/#logo\",\"inLanguage\":\"en-US\",\"url\":\"https:\/\/ttcmuhendislik.com\/wp-content\/uploads\/2021\/04\/logo.png\",\"contentUrl\":\"https:\/\/ttcmuhendislik.com\/wp-content\/uploads\/2021\/04\/logo.png\",\"width\":440,\"height\":170,\"caption\":\"TTC M\\u00fchendislik\"},\"image\":{\"@id\":\"https:\/\/ttcmuhendislik.com\/en\/#logo\"}},{\"@type\":\"WebSite\",\"@id\":\"https:\/\/ttcmuhendislik.com\/en\/#website\",\"url\":\"https:\/\/ttcmuhendislik.com\/en\/\",\"name\":\"TTC M\\u00fchendislik\",\"description\":\"\",\"publisher\":{\"@id\":\"https:\/\/ttcmuhendislik.com\/en\/#organization\"},\"potentialAction\":[{\"@type\":\"SearchAction\",\"target\":\"https:\/\/ttcmuhendislik.com\/en\/?s={search_term_string}\",\"query-input\":\"required name=search_term_string\"}],\"inLanguage\":\"en-US\"},{\"@type\":\"ImageObject\",\"@id\":\"https:\/\/ttcmuhendislik.com\/ru\/%d0%bd%d0%b0%d1%88%d0%b8-%d0%bf%d1%80%d0%be%d0%b4%d1%83%d0%ba%d1%82%d1%8b\/%d0%b1%d0%b5%d1%82%d0%be%d0%bd%d0%bd%d1%8b%d0%b9-%d0%b7%d0%b0%d0%b2%d0%be%d0%b4\/%d0%bf%d0%bb%d0%b0%d0%bd%d0%b5%d1%82%d0%b0%d1%80%d0%bd%d1%8b%d0%b9-%d1%81%d0%bc%d0%b5%d1%81%d0%b8%d1%82%d0%b5%d0%bb%d1%8c\/#primaryimage\",\"inLanguage\":\"en-US\",\"url\":\"https:\/\/ttcmuhendislik.com\/wp-content\/uploads\/2022\/12\/planet.jpg\",\"contentUrl\":\"https:\/\/ttcmuhendislik.com\/wp-content\/uploads\/2022\/12\/planet.jpg\",\"width\":800,\"height\":600},{\"@type\":\"WebPage\",\"@id\":\"https:\/\/ttcmuhendislik.com\/ru\/%d0%bd%d0%b0%d1%88%d0%b8-%d0%bf%d1%80%d0%be%d0%b4%d1%83%d0%ba%d1%82%d1%8b\/%d0%b1%d0%b5%d1%82%d0%be%d0%bd%d0%bd%d1%8b%d0%b9-%d0%b7%d0%b0%d0%b2%d0%be%d0%b4\/%d0%bf%d0%bb%d0%b0%d0%bd%d0%b5%d1%82%d0%b0%d1%80%d0%bd%d1%8b%d0%b9-%d1%81%d0%bc%d0%b5%d1%81%d0%b8%d1%82%d0%b5%d0%bb%d1%8c\/#webpage\",\"url\":\"https:\/\/ttcmuhendislik.com\/ru\/%d0%bd%d0%b0%d1%88%d0%b8-%d0%bf%d1%80%d0%be%d0%b4%d1%83%d0%ba%d1%82%d1%8b\/%d0%b1%d0%b5%d1%82%d0%be%d0%bd%d0%bd%d1%8b%d0%b9-%d0%b7%d0%b0%d0%b2%d0%be%d0%b4\/%d0%bf%d0%bb%d0%b0%d0%bd%d0%b5%d1%82%d0%b0%d1%80%d0%bd%d1%8b%d0%b9-%d1%81%d0%bc%d0%b5%d1%81%d0%b8%d1%82%d0%b5%d0%bb%d1%8c\/\",\"name\":\"Planetary Mixer - TTC M\\u00fchendislik\",\"isPartOf\":{\"@id\":\"https:\/\/ttcmuhendislik.com\/en\/#website\"},\"primaryImageOfPage\":{\"@id\":\"https:\/\/ttcmuhendislik.com\/ru\/%d0%bd%d0%b0%d1%88%d0%b8-%d0%bf%d1%80%d0%be%d0%b4%d1%83%d0%ba%d1%82%d1%8b\/%d0%b1%d0%b5%d1%82%d0%be%d0%bd%d0%bd%d1%8b%d0%b9-%d0%b7%d0%b0%d0%b2%d0%be%d0%b4\/%d0%bf%d0%bb%d0%b0%d0%bd%d0%b5%d1%82%d0%b0%d1%80%d0%bd%d1%8b%d0%b9-%d1%81%d0%bc%d0%b5%d1%81%d0%b8%d1%82%d0%b5%d0%bb%d1%8c\/#primaryimage\"},\"datePublished\":\"2022-11-30T12:08:33+00:00\",\"dateModified\":\"2022-12-27T07:55:17+00:00\",\"description\":\"Planetary mixers are more preferred in applications with long mixing times such as paving stone and block construction.\",\"breadcrumb\":{\"@id\":\"https:\/\/ttcmuhendislik.com\/ru\/%d0%bd%d0%b0%d1%88%d0%b8-%d0%bf%d1%80%d0%be%d0%b4%d1%83%d0%ba%d1%82%d1%8b\/%d0%b1%d0%b5%d1%82%d0%be%d0%bd%d0%bd%d1%8b%d0%b9-%d0%b7%d0%b0%d0%b2%d0%be%d0%b4\/%d0%bf%d0%bb%d0%b0%d0%bd%d0%b5%d1%82%d0%b0%d1%80%d0%bd%d1%8b%d0%b9-%d1%81%d0%bc%d0%b5%d1%81%d0%b8%d1%82%d0%b5%d0%bb%d1%8c\/#breadcrumb\"},\"inLanguage\":\"en-US\",\"potentialAction\":[{\"@type\":\"ReadAction\",\"target\":[\"https:\/\/ttcmuhendislik.com\/ru\/%d0%bd%d0%b0%d1%88%d0%b8-%d0%bf%d1%80%d0%be%d0%b4%d1%83%d0%ba%d1%82%d1%8b\/%d0%b1%d0%b5%d1%82%d0%be%d0%bd%d0%bd%d1%8b%d0%b9-%d0%b7%d0%b0%d0%b2%d0%be%d0%b4\/%d0%bf%d0%bb%d0%b0%d0%bd%d0%b5%d1%82%d0%b0%d1%80%d0%bd%d1%8b%d0%b9-%d1%81%d0%bc%d0%b5%d1%81%d0%b8%d1%82%d0%b5%d0%bb%d1%8c\/\"]}]},{\"@type\":\"BreadcrumbList\",\"@id\":\"https:\/\/ttcmuhendislik.com\/ru\/%d0%bd%d0%b0%d1%88%d0%b8-%d0%bf%d1%80%d0%be%d0%b4%d1%83%d0%ba%d1%82%d1%8b\/%d0%b1%d0%b5%d1%82%d0%be%d0%bd%d0%bd%d1%8b%d0%b9-%d0%b7%d0%b0%d0%b2%d0%be%d0%b4\/%d0%bf%d0%bb%d0%b0%d0%bd%d0%b5%d1%82%d0%b0%d1%80%d0%bd%d1%8b%d0%b9-%d1%81%d0%bc%d0%b5%d1%81%d0%b8%d1%82%d0%b5%d0%bb%d1%8c\/#breadcrumb\",\"itemListElement\":[{\"@type\":\"ListItem\",\"position\":1,\"name\":\"Anasayfa\",\"item\":\"https:\/\/ttcmuhendislik.com\/\"},{\"@type\":\"ListItem\",\"position\":2,\"name\":\"Products\",\"item\":\"https:\/\/ttcmuhendislik.com\/en\/ttc-products\/\"},{\"@type\":\"ListItem\",\"position\":3,\"name\":\"Concrete Batching Plant and Equipments\",\"item\":\"https:\/\/ttcmuhendislik.com\/ru\/%d0%bd%d0%b0%d1%88%d0%b8-%d0%bf%d1%80%d0%be%d0%b4%d1%83%d0%ba%d1%82%d1%8b\/%d0%b1%d0%b5%d1%82%d0%be%d0%bd%d0%bd%d1%8b%d0%b9-%d0%b7%d0%b0%d0%b2%d0%be%d0%b4\/\"},{\"@type\":\"ListItem\",\"position\":4,\"name\":\"Planetary Mixer\"}]}]}<\/script>\n<!-- \/ Yoast SEO plugin. -->","_links":{"self":[{"href":"https:\/\/ttcmuhendislik.com\/en\/wp-json\/wp\/v2\/pages\/6603"}],"collection":[{"href":"https:\/\/ttcmuhendislik.com\/en\/wp-json\/wp\/v2\/pages"}],"about":[{"href":"https:\/\/ttcmuhendislik.com\/en\/wp-json\/wp\/v2\/types\/page"}],"author":[{"embeddable":true,"href":"https:\/\/ttcmuhendislik.com\/en\/wp-json\/wp\/v2\/users\/2"}],"replies":[{"embeddable":true,"href":"https:\/\/ttcmuhendislik.com\/en\/wp-json\/wp\/v2\/comments?post=6603"}],"version-history":[{"count":0,"href":"https:\/\/ttcmuhendislik.com\/en\/wp-json\/wp\/v2\/pages\/6603\/revisions"}],"up":[{"embeddable":true,"href":"https:\/\/ttcmuhendislik.com\/en\/wp-json\/wp\/v2\/pages\/3112"}],"wp:attachment":[{"href":"https:\/\/ttcmuhendislik.com\/en\/wp-json\/wp\/v2\/media?parent=6603"}],"curies":[{"name":"wp","href":"https:\/\/api.w.org\/{rel}","templated":true}]}}